{"id":1017,"date":"2020-02-22T23:20:57","date_gmt":"2020-02-22T23:20:57","guid":{"rendered":"https:\/\/progift.fi\/?page_id=1017"},"modified":"2020-02-22T23:41:42","modified_gmt":"2020-02-22T23:41:42","slug":"kahvallinen-sateenvarjo","status":"publish","type":"page","link":"https:\/\/progift.fi\/index.php\/kahvallinen-sateenvarjo\/","title":{"rendered":"Kahvallinen sateenvarjo"},"content":{"rendered":"\t\t<div data-elementor-type=\"wp-page\" data-elementor-id=\"1017\" class=\"elementor elementor-1017\" data-elementor-settings=\"[]\">\n\t\t\t\t\t\t<div class=\"elementor-inner\">\n\t\t\t\t\t\t\t<div class=\"elementor-section-wrap\">\n\t\t\t\t\t\t\t<section class=\"elementor-section elementor-top-section elementor-element elementor-element-5fbb344 elementor-section-boxed elementor-section-height-default elementor-section-height-default\" data-id=\"5fbb344\" data-element_type=\"section\">\n\t\t\t\t\t\t<div class=\"elementor-container elementor-column-gap-default\">\n\t\t\t\t\t\t\t<div class=\"elementor-row\">\n\t\t\t\t\t<div class=\"elementor-column elementor-col-50 elementor-top-column elementor-element elementor-element-2dac9fa\" data-id=\"2dac9fa\" data-element_type=\"column\">\n\t\t\t<div class=\"elementor-column-wrap elementor-element-populated\">\n\t\t\t\t\t\t\t<div class=\"elementor-widget-wrap\">\n\t\t\t\t\t\t<div class=\"elementor-element elementor-element-3598f07 elementor-widget elementor-widget-image\" data-id=\"3598f07\" data-element_type=\"widget\" data-widget_type=\"image.default\">\n\t\t\t\t<div class=\"elementor-widget-container\">\n\t\t\t\t\t<div class=\"elementor-image\">\n\t\t\t\t\t\t\t\t\t\t<img width=\"1000\" height=\"1000\" src=\"https:\/\/progift.fi\/wp-content\/uploads\/2020\/02\/sinsateenvarjo.jpg\" class=\"attachment-large size-large\" alt=\"\" loading=\"lazy\" srcset=\"https:\/\/progift.fi\/wp-content\/uploads\/2020\/02\/sinsateenvarjo.jpg 1000w, https:\/\/progift.fi\/wp-content\/uploads\/2020\/02\/sinsateenvarjo-300x300.jpg 300w, https:\/\/progift.fi\/wp-content\/uploads\/2020\/02\/sinsateenvarjo-150x150.jpg 150w, https:\/\/progift.fi\/wp-content\/uploads\/2020\/02\/sinsateenvarjo-768x768.jpg 768w\" sizes=\"(max-width: 1000px) 100vw, 1000px\" \/>\t\t\t\t\t\t\t\t\t\t\t<\/div>\n\t\t\t\t<\/div>\n\t\t\t\t<\/div>\n\t\t\t\t\t\t<\/div>\n\t\t\t\t\t<\/div>\n\t\t<\/div>\n\t\t\t\t<div class=\"elementor-column elementor-col-50 elementor-top-column elementor-element elementor-element-57b09c1\" data-id=\"57b09c1\" data-element_type=\"column\">\n\t\t\t<div class=\"elementor-column-wrap elementor-element-populated\">\n\t\t\t\t\t\t\t<div class=\"elementor-widget-wrap\">\n\t\t\t\t\t\t<div class=\"elementor-element elementor-element-0cbdb2c elementor-widget elementor-widget-text-editor\" data-id=\"0cbdb2c\" data-element_type=\"widget\" data-widget_type=\"text-editor.default\">\n\t\t\t\t<div class=\"elementor-widget-container\">\n\t\t\t\t\t<div class=\"elementor-text-editor elementor-clearfix\"><h3>\u00a0<\/h3><h3>Kahvallinen sateenvarjo 190T<\/h3><p>Hiilikuituvarsi ja runko, kumip\u00e4inen kahva. Tuulenkest\u00e4v\u00e4 ja automaattiavaus. Halkaisija 1030 mm<\/p><p>V\u00e4rit: tummansininen ja musta<\/p><p>Hinta alkaen 11\u20ac\/kpl, ei sis\u00e4ll\u00e4 merkint\u00e4\u00e4<\/p><\/div>\n\t\t\t\t<\/div>\n\t\t\t\t<\/div>\n\t\t\t\t\t\t<\/div>\n\t\t\t\t\t<\/div>\n\t\t<\/div>\n\t\t\t\t\t\t\t\t<\/div>\n\t\t\t\t\t<\/div>\n\t\t<\/section>\n\t\t\t\t\t\t<\/div>\n\t\t\t\t\t\t<\/div>\n\t\t\t\t\t<\/div>\n\t\t","protected":false},"excerpt":{"rendered":"<p>\u00a0 Kahvallinen sateenvarjo 190T Hiilikuituvarsi ja runko, kumip\u00e4inen kahva. Tuulenkest\u00e4v\u00e4 ja automaattiavaus. Halkaisija 1030 mm V\u00e4rit: tummansininen ja musta Hinta alkaen 11\u20ac\/kpl, ei sis\u00e4ll\u00e4 merkint\u00e4\u00e4<\/p>\n","protected":false},"author":1,"featured_media":0,"parent":0,"menu_order":0,"comment_status":"closed","ping_status":"closed","template":"","meta":[],"_links":{"self":[{"href":"https:\/\/progift.fi\/index.php\/wp-json\/wp\/v2\/pages\/1017"}],"collection":[{"href":"https:\/\/progift.fi\/index.php\/wp-json\/wp\/v2\/pages"}],"about":[{"href":"https:\/\/progift.fi\/index.php\/wp-json\/wp\/v2\/types\/page"}],"author":[{"embeddable":true,"href":"https:\/\/progift.fi\/index.php\/wp-json\/wp\/v2\/users\/1"}],"replies":[{"embeddable":true,"href":"https:\/\/progift.fi\/index.php\/wp-json\/wp\/v2\/comments?post=1017"}],"version-history":[{"count":3,"href":"https:\/\/progift.fi\/index.php\/wp-json\/wp\/v2\/pages\/1017\/revisions"}],"predecessor-version":[{"id":1041,"href":"https:\/\/progift.fi\/index.php\/wp-json\/wp\/v2\/pages\/1017\/revisions\/1041"}],"wp:attachment":[{"href":"https:\/\/progift.fi\/index.php\/wp-json\/wp\/v2\/media?parent=1017"}],"curies":[{"name":"wp","href":"https:\/\/api.w.org\/{rel}","templated":true}]}}