{"id":1019,"date":"2020-02-22T23:21:17","date_gmt":"2020-02-22T23:21:17","guid":{"rendered":"https:\/\/progift.fi\/?page_id=1019"},"modified":"2020-02-22T23:41:03","modified_gmt":"2020-02-22T23:41:03","slug":"sateenvarjo-keskikokoinen","status":"publish","type":"page","link":"https:\/\/progift.fi\/index.php\/sateenvarjo-keskikokoinen\/","title":{"rendered":"sateenvarjo keskikokoinen"},"content":{"rendered":"\t\t<div data-elementor-type=\"wp-page\" data-elementor-id=\"1019\" class=\"elementor elementor-1019\" data-elementor-settings=\"[]\">\n\t\t\t\t\t\t<div class=\"elementor-inner\">\n\t\t\t\t\t\t\t<div class=\"elementor-section-wrap\">\n\t\t\t\t\t\t\t<section class=\"elementor-section elementor-top-section elementor-element elementor-element-2785fdb elementor-section-boxed elementor-section-height-default elementor-section-height-default\" data-id=\"2785fdb\" data-element_type=\"section\">\n\t\t\t\t\t\t<div class=\"elementor-container elementor-column-gap-default\">\n\t\t\t\t\t\t\t<div class=\"elementor-row\">\n\t\t\t\t\t<div class=\"elementor-column elementor-col-50 elementor-top-column elementor-element elementor-element-951b2e6\" data-id=\"951b2e6\" data-element_type=\"column\">\n\t\t\t<div class=\"elementor-column-wrap elementor-element-populated\">\n\t\t\t\t\t\t\t<div class=\"elementor-widget-wrap\">\n\t\t\t\t\t\t<div class=\"elementor-element elementor-element-23e4a6d elementor-widget elementor-widget-image\" data-id=\"23e4a6d\" data-element_type=\"widget\" data-widget_type=\"image.default\">\n\t\t\t\t<div class=\"elementor-widget-container\">\n\t\t\t\t\t<div class=\"elementor-image\">\n\t\t\t\t\t\t\t\t\t\t<img width=\"1000\" height=\"1000\" src=\"https:\/\/progift.fi\/wp-content\/uploads\/2020\/02\/punainensateenvarjo_L.jpg\" class=\"attachment-large size-large\" alt=\"\" loading=\"lazy\" srcset=\"https:\/\/progift.fi\/wp-content\/uploads\/2020\/02\/punainensateenvarjo_L.jpg 1000w, https:\/\/progift.fi\/wp-content\/uploads\/2020\/02\/punainensateenvarjo_L-300x300.jpg 300w, https:\/\/progift.fi\/wp-content\/uploads\/2020\/02\/punainensateenvarjo_L-150x150.jpg 150w, https:\/\/progift.fi\/wp-content\/uploads\/2020\/02\/punainensateenvarjo_L-768x768.jpg 768w\" sizes=\"(max-width: 1000px) 100vw, 1000px\" \/>\t\t\t\t\t\t\t\t\t\t\t<\/div>\n\t\t\t\t<\/div>\n\t\t\t\t<\/div>\n\t\t\t\t\t\t<\/div>\n\t\t\t\t\t<\/div>\n\t\t<\/div>\n\t\t\t\t<div class=\"elementor-column elementor-col-50 elementor-top-column elementor-element elementor-element-6d3962c\" data-id=\"6d3962c\" data-element_type=\"column\">\n\t\t\t<div class=\"elementor-column-wrap elementor-element-populated\">\n\t\t\t\t\t\t\t<div class=\"elementor-widget-wrap\">\n\t\t\t\t\t\t<div class=\"elementor-element elementor-element-85c9c90 elementor-widget elementor-widget-text-editor\" data-id=\"85c9c90\" data-element_type=\"widget\" data-widget_type=\"text-editor.default\">\n\t\t\t\t<div class=\"elementor-widget-container\">\n\t\t\t\t\t<div class=\"elementor-text-editor elementor-clearfix\"><h3>\u00a0<\/h3><h3>Sateenvarjo, keskikokoinen<\/h3><p>(halkaisija 112 cm) automaattisateenvarjo. Korkealaatuinen tuulenkest\u00e4v\u00e4 mekanismi. Hiilikuituinen runko, kahva keinonahkaa<\/p><p>V\u00e4rit: punainen, tummansinen, musta ja harmaa<\/p><p>Hinta alkaen 36 \u20ac\/kpl sis\u00e4lt\u00e4\u00e4 1-v\u00e4ripainatuksen<\/p><\/div>\n\t\t\t\t<\/div>\n\t\t\t\t<\/div>\n\t\t\t\t\t\t<\/div>\n\t\t\t\t\t<\/div>\n\t\t<\/div>\n\t\t\t\t\t\t\t\t<\/div>\n\t\t\t\t\t<\/div>\n\t\t<\/section>\n\t\t\t\t\t\t<\/div>\n\t\t\t\t\t\t<\/div>\n\t\t\t\t\t<\/div>\n\t\t","protected":false},"excerpt":{"rendered":"<p>\u00a0 Sateenvarjo, keskikokoinen (halkaisija 112 cm) automaattisateenvarjo. Korkealaatuinen tuulenkest\u00e4v\u00e4 mekanismi. Hiilikuituinen runko, kahva keinonahkaa V\u00e4rit: punainen, tummansinen, musta ja harmaa Hinta alkaen 36 \u20ac\/kpl sis\u00e4lt\u00e4\u00e4 1-v\u00e4ripainatuksen<\/p>\n","protected":false},"author":1,"featured_media":0,"parent":0,"menu_order":0,"comment_status":"closed","ping_status":"closed","template":"","meta":[],"_links":{"self":[{"href":"https:\/\/progift.fi\/index.php\/wp-json\/wp\/v2\/pages\/1019"}],"collection":[{"href":"https:\/\/progift.fi\/index.php\/wp-json\/wp\/v2\/pages"}],"about":[{"href":"https:\/\/progift.fi\/index.php\/wp-json\/wp\/v2\/types\/page"}],"author":[{"embeddable":true,"href":"https:\/\/progift.fi\/index.php\/wp-json\/wp\/v2\/users\/1"}],"replies":[{"embeddable":true,"href":"https:\/\/progift.fi\/index.php\/wp-json\/wp\/v2\/comments?post=1019"}],"version-history":[{"count":3,"href":"https:\/\/progift.fi\/index.php\/wp-json\/wp\/v2\/pages\/1019\/revisions"}],"predecessor-version":[{"id":1039,"href":"https:\/\/progift.fi\/index.php\/wp-json\/wp\/v2\/pages\/1019\/revisions\/1039"}],"wp:attachment":[{"href":"https:\/\/progift.fi\/index.php\/wp-json\/wp\/v2\/media?parent=1019"}],"curies":[{"name":"wp","href":"https:\/\/api.w.org\/{rel}","templated":true}]}}