{"id":1021,"date":"2020-02-22T23:21:32","date_gmt":"2020-02-22T23:21:32","guid":{"rendered":"https:\/\/progift.fi\/?page_id=1021"},"modified":"2020-02-22T23:41:26","modified_gmt":"2020-02-22T23:41:26","slug":"kokoontaittuva-sateenvarjo","status":"publish","type":"page","link":"https:\/\/progift.fi\/index.php\/kokoontaittuva-sateenvarjo\/","title":{"rendered":"Kokoontaittuva sateenvarjo"},"content":{"rendered":"\t\t<div data-elementor-type=\"wp-page\" data-elementor-id=\"1021\" class=\"elementor elementor-1021\" data-elementor-settings=\"[]\">\n\t\t\t\t\t\t<div class=\"elementor-inner\">\n\t\t\t\t\t\t\t<div class=\"elementor-section-wrap\">\n\t\t\t\t\t\t\t<section class=\"elementor-section elementor-top-section elementor-element elementor-element-4933a51 elementor-section-boxed elementor-section-height-default elementor-section-height-default\" data-id=\"4933a51\" data-element_type=\"section\">\n\t\t\t\t\t\t<div class=\"elementor-container elementor-column-gap-default\">\n\t\t\t\t\t\t\t<div class=\"elementor-row\">\n\t\t\t\t\t<div class=\"elementor-column elementor-col-50 elementor-top-column elementor-element elementor-element-804fe69\" data-id=\"804fe69\" data-element_type=\"column\">\n\t\t\t<div class=\"elementor-column-wrap elementor-element-populated\">\n\t\t\t\t\t\t\t<div class=\"elementor-widget-wrap\">\n\t\t\t\t\t\t<div class=\"elementor-element elementor-element-9cf20b2 elementor-widget elementor-widget-image\" data-id=\"9cf20b2\" data-element_type=\"widget\" data-widget_type=\"image.default\">\n\t\t\t\t<div class=\"elementor-widget-container\">\n\t\t\t\t\t<div class=\"elementor-image\">\n\t\t\t\t\t\t\t\t\t\t<img width=\"1000\" height=\"1000\" src=\"https:\/\/progift.fi\/wp-content\/uploads\/2020\/02\/kokoontaitettava_L.jpg\" class=\"attachment-large size-large\" alt=\"\" loading=\"lazy\" srcset=\"https:\/\/progift.fi\/wp-content\/uploads\/2020\/02\/kokoontaitettava_L.jpg 1000w, https:\/\/progift.fi\/wp-content\/uploads\/2020\/02\/kokoontaitettava_L-300x300.jpg 300w, https:\/\/progift.fi\/wp-content\/uploads\/2020\/02\/kokoontaitettava_L-150x150.jpg 150w, https:\/\/progift.fi\/wp-content\/uploads\/2020\/02\/kokoontaitettava_L-768x768.jpg 768w\" sizes=\"(max-width: 1000px) 100vw, 1000px\" \/>\t\t\t\t\t\t\t\t\t\t\t<\/div>\n\t\t\t\t<\/div>\n\t\t\t\t<\/div>\n\t\t\t\t\t\t<\/div>\n\t\t\t\t\t<\/div>\n\t\t<\/div>\n\t\t\t\t<div class=\"elementor-column elementor-col-50 elementor-top-column elementor-element elementor-element-406cd3f\" data-id=\"406cd3f\" data-element_type=\"column\">\n\t\t\t<div class=\"elementor-column-wrap elementor-element-populated\">\n\t\t\t\t\t\t\t<div class=\"elementor-widget-wrap\">\n\t\t\t\t\t\t<div class=\"elementor-element elementor-element-4f2af33 elementor-widget elementor-widget-text-editor\" data-id=\"4f2af33\" data-element_type=\"widget\" data-widget_type=\"text-editor.default\">\n\t\t\t\t<div class=\"elementor-widget-container\">\n\t\t\t\t\t<div class=\"elementor-text-editor elementor-clearfix\"><h3>\u00a0<\/h3><h3>Kokoontaittuva sateenvarjo<\/h3><p>K\u00e4\u00e4ntyy sis\u00e4\u00e4np\u00e4in, jolloin sateenvarjo ei kastele m\u00e4rk\u00e4n\u00e4. Halkaisija 105 cm.\u00a0 Automaattinen, hiilikuiturunko, tuulenkest\u00e4v\u00e4 laadukas sateenvarjo<\/p><p>V\u00e4rit: musta, harmaa, tummansininen, punainen ja valkoinen<\/p><p>Hinta alkaen 22 \u20ac\/kpl sis\u00e4lt\u00e4en 1-v\u00e4ripainatuksen<\/p><\/div>\n\t\t\t\t<\/div>\n\t\t\t\t<\/div>\n\t\t\t\t\t\t<\/div>\n\t\t\t\t\t<\/div>\n\t\t<\/div>\n\t\t\t\t\t\t\t\t<\/div>\n\t\t\t\t\t<\/div>\n\t\t<\/section>\n\t\t\t\t\t\t<\/div>\n\t\t\t\t\t\t<\/div>\n\t\t\t\t\t<\/div>\n\t\t","protected":false},"excerpt":{"rendered":"<p>\u00a0 Kokoontaittuva sateenvarjo K\u00e4\u00e4ntyy sis\u00e4\u00e4np\u00e4in, jolloin sateenvarjo ei kastele m\u00e4rk\u00e4n\u00e4. Halkaisija 105 cm.\u00a0 Automaattinen, hiilikuiturunko, tuulenkest\u00e4v\u00e4 laadukas sateenvarjo V\u00e4rit: musta, harmaa, tummansininen, punainen ja valkoinen Hinta alkaen 22 \u20ac\/kpl sis\u00e4lt\u00e4en 1-v\u00e4ripainatuksen<\/p>\n","protected":false},"author":1,"featured_media":0,"parent":0,"menu_order":0,"comment_status":"closed","ping_status":"closed","template":"","meta":[],"_links":{"self":[{"href":"https:\/\/progift.fi\/index.php\/wp-json\/wp\/v2\/pages\/1021"}],"collection":[{"href":"https:\/\/progift.fi\/index.php\/wp-json\/wp\/v2\/pages"}],"about":[{"href":"https:\/\/progift.fi\/index.php\/wp-json\/wp\/v2\/types\/page"}],"author":[{"embeddable":true,"href":"https:\/\/progift.fi\/index.php\/wp-json\/wp\/v2\/users\/1"}],"replies":[{"embeddable":true,"href":"https:\/\/progift.fi\/index.php\/wp-json\/wp\/v2\/comments?post=1021"}],"version-history":[{"count":3,"href":"https:\/\/progift.fi\/index.php\/wp-json\/wp\/v2\/pages\/1021\/revisions"}],"predecessor-version":[{"id":1040,"href":"https:\/\/progift.fi\/index.php\/wp-json\/wp\/v2\/pages\/1021\/revisions\/1040"}],"wp:attachment":[{"href":"https:\/\/progift.fi\/index.php\/wp-json\/wp\/v2\/media?parent=1021"}],"curies":[{"name":"wp","href":"https:\/\/api.w.org\/{rel}","templated":true}]}}