{"id":1046,"date":"2020-02-22T23:52:19","date_gmt":"2020-02-22T23:52:19","guid":{"rendered":"https:\/\/progift.fi\/?page_id=1046"},"modified":"2020-02-23T00:11:53","modified_gmt":"2020-02-23T00:11:53","slug":"bo-sateenvarjo","status":"publish","type":"page","link":"https:\/\/progift.fi\/index.php\/bo-sateenvarjo\/","title":{"rendered":"Bo sateenvarjo"},"content":{"rendered":"\t\t<div data-elementor-type=\"wp-page\" data-elementor-id=\"1046\" class=\"elementor elementor-1046\" data-elementor-settings=\"[]\">\n\t\t\t\t\t\t<div class=\"elementor-inner\">\n\t\t\t\t\t\t\t<div class=\"elementor-section-wrap\">\n\t\t\t\t\t\t\t<section class=\"elementor-section elementor-top-section elementor-element elementor-element-0ae7987 elementor-section-boxed elementor-section-height-default elementor-section-height-default\" data-id=\"0ae7987\" data-element_type=\"section\">\n\t\t\t\t\t\t<div class=\"elementor-container elementor-column-gap-default\">\n\t\t\t\t\t\t\t<div class=\"elementor-row\">\n\t\t\t\t\t<div class=\"elementor-column elementor-col-100 elementor-top-column elementor-element elementor-element-1d6d1ed\" data-id=\"1d6d1ed\" data-element_type=\"column\">\n\t\t\t<div class=\"elementor-column-wrap elementor-element-populated\">\n\t\t\t\t\t\t\t<div class=\"elementor-widget-wrap\">\n\t\t\t\t\t\t<div class=\"elementor-element elementor-element-61425ce elementor-widget elementor-widget-spacer\" data-id=\"61425ce\" data-element_type=\"widget\" data-widget_type=\"spacer.default\">\n\t\t\t\t<div class=\"elementor-widget-container\">\n\t\t\t\t\t<div class=\"elementor-spacer\">\n\t\t\t<div class=\"elementor-spacer-inner\"><\/div>\n\t\t<\/div>\n\t\t\t\t<\/div>\n\t\t\t\t<\/div>\n\t\t\t\t\t\t<\/div>\n\t\t\t\t\t<\/div>\n\t\t<\/div>\n\t\t\t\t\t\t\t\t<\/div>\n\t\t\t\t\t<\/div>\n\t\t<\/section>\n\t\t\t\t<section class=\"elementor-section elementor-top-section elementor-element elementor-element-0cbc6e2 elementor-section-boxed elementor-section-height-default elementor-section-height-default\" data-id=\"0cbc6e2\" data-element_type=\"section\">\n\t\t\t\t\t\t<div class=\"elementor-container elementor-column-gap-default\">\n\t\t\t\t\t\t\t<div class=\"elementor-row\">\n\t\t\t\t\t<div class=\"elementor-column elementor-col-50 elementor-top-column elementor-element elementor-element-b5c2cdb\" data-id=\"b5c2cdb\" data-element_type=\"column\">\n\t\t\t<div class=\"elementor-column-wrap elementor-element-populated\">\n\t\t\t\t\t\t\t<div class=\"elementor-widget-wrap\">\n\t\t\t\t\t\t<div class=\"elementor-element elementor-element-60dd9f8 elementor-widget elementor-widget-image\" data-id=\"60dd9f8\" data-element_type=\"widget\" data-widget_type=\"image.default\">\n\t\t\t\t<div class=\"elementor-widget-container\">\n\t\t\t\t\t<div class=\"elementor-image\">\n\t\t\t\t\t\t\t\t\t\t<img width=\"1000\" height=\"1000\" src=\"https:\/\/progift.fi\/wp-content\/uploads\/2020\/02\/Bostaeenvarjo.jpg\" class=\"attachment-large size-large\" alt=\"\" loading=\"lazy\" srcset=\"https:\/\/progift.fi\/wp-content\/uploads\/2020\/02\/Bostaeenvarjo.jpg 1000w, https:\/\/progift.fi\/wp-content\/uploads\/2020\/02\/Bostaeenvarjo-300x300.jpg 300w, https:\/\/progift.fi\/wp-content\/uploads\/2020\/02\/Bostaeenvarjo-150x150.jpg 150w, https:\/\/progift.fi\/wp-content\/uploads\/2020\/02\/Bostaeenvarjo-768x768.jpg 768w\" sizes=\"(max-width: 1000px) 100vw, 1000px\" \/>\t\t\t\t\t\t\t\t\t\t\t<\/div>\n\t\t\t\t<\/div>\n\t\t\t\t<\/div>\n\t\t\t\t\t\t<\/div>\n\t\t\t\t\t<\/div>\n\t\t<\/div>\n\t\t\t\t<div class=\"elementor-column elementor-col-50 elementor-top-column elementor-element elementor-element-aac880f\" data-id=\"aac880f\" data-element_type=\"column\">\n\t\t\t<div class=\"elementor-column-wrap elementor-element-populated\">\n\t\t\t\t\t\t\t<div class=\"elementor-widget-wrap\">\n\t\t\t\t\t\t<div class=\"elementor-element elementor-element-5b299a6 elementor-widget elementor-widget-text-editor\" data-id=\"5b299a6\" data-element_type=\"widget\" data-widget_type=\"text-editor.default\">\n\t\t\t\t<div class=\"elementor-widget-container\">\n\t\t\t\t\t<div class=\"elementor-text-editor elementor-clearfix\"><h3>\u00a0<\/h3><h3>Bo-sateenvarjo kierr\u00e4tysmateriaalia<\/h3><p>Bo-sateenvarjo, 21 tuumaa, automaattinen, PET-kierr\u00e4tysmuovia. Automaattisesti avautuva ja sulkeutuva sateenvarjo, jonka kupu on PET-kierr\u00e4tysmuovista valmistettua pongee-polyesteria. Tukeva metallivarsi ja laadukas runko lasikuituruoteilla toimivat joustavasti tuulessa. Mukana tuleva pussi kulkee mukavasti k\u00e4silaukussa tai repussa. Puinen kahva ja PET-kierr\u00e4tysmuovista valmistettu pongee-polyesterikupu tekev\u00e4t t\u00e4st\u00e4 ymp\u00e4rist\u00f6yst\u00e4v\u00e4llisen vaihtoehdon. Saatavana laaja valikoima nykyaikaisia v\u00e4rej\u00e4. Jokaisessa paneelissa on suuri koristealue, ja my\u00f6s puisen kahvan voi koristella. Pongee-polyesteri PET-kierr\u00e4tysmuovista.<\/p><p>V\u00e4rit: musta, vihre\u00e4, sininen, punainen ja valkoinen<\/p><p>Hinta alkaen: 14,50 \u20ac\/kpl (ilman merkint\u00e4\u00e4)<\/p><\/div>\n\t\t\t\t<\/div>\n\t\t\t\t<\/div>\n\t\t\t\t\t\t<\/div>\n\t\t\t\t\t<\/div>\n\t\t<\/div>\n\t\t\t\t\t\t\t\t<\/div>\n\t\t\t\t\t<\/div>\n\t\t<\/section>\n\t\t\t\t\t\t<\/div>\n\t\t\t\t\t\t<\/div>\n\t\t\t\t\t<\/div>\n\t\t","protected":false},"excerpt":{"rendered":"<p>\u00a0 Bo-sateenvarjo kierr\u00e4tysmateriaalia Bo-sateenvarjo, 21 tuumaa, automaattinen, PET-kierr\u00e4tysmuovia. Automaattisesti avautuva ja sulkeutuva sateenvarjo, jonka kupu on PET-kierr\u00e4tysmuovista valmistettua pongee-polyesteria. Tukeva metallivarsi ja laadukas runko lasikuituruoteilla toimivat joustavasti tuulessa. Mukana tuleva pussi kulkee mukavasti k\u00e4silaukussa tai repussa. Puinen kahva ja PET-kierr\u00e4tysmuovista valmistettu pongee-polyesterikupu tekev\u00e4t t\u00e4st\u00e4 ymp\u00e4rist\u00f6yst\u00e4v\u00e4llisen vaihtoehdon. Saatavana laaja valikoima nykyaikaisia v\u00e4rej\u00e4. Jokaisessa paneelissa on suuri &hellip;<\/p>\n<p class=\"read-more\"> <a class=\"\" href=\"https:\/\/progift.fi\/index.php\/bo-sateenvarjo\/\"> <span class=\"screen-reader-text\">Bo sateenvarjo<\/span> Lue lis\u00e4\u00e4 &raquo;<\/a><\/p>\n","protected":false},"author":1,"featured_media":0,"parent":0,"menu_order":0,"comment_status":"closed","ping_status":"closed","template":"","meta":[],"_links":{"self":[{"href":"https:\/\/progift.fi\/index.php\/wp-json\/wp\/v2\/pages\/1046"}],"collection":[{"href":"https:\/\/progift.fi\/index.php\/wp-json\/wp\/v2\/pages"}],"about":[{"href":"https:\/\/progift.fi\/index.php\/wp-json\/wp\/v2\/types\/page"}],"author":[{"embeddable":true,"href":"https:\/\/progift.fi\/index.php\/wp-json\/wp\/v2\/users\/1"}],"replies":[{"embeddable":true,"href":"https:\/\/progift.fi\/index.php\/wp-json\/wp\/v2\/comments?post=1046"}],"version-history":[{"count":2,"href":"https:\/\/progift.fi\/index.php\/wp-json\/wp\/v2\/pages\/1046\/revisions"}],"predecessor-version":[{"id":1065,"href":"https:\/\/progift.fi\/index.php\/wp-json\/wp\/v2\/pages\/1046\/revisions\/1065"}],"wp:attachment":[{"href":"https:\/\/progift.fi\/index.php\/wp-json\/wp\/v2\/media?parent=1046"}],"curies":[{"name":"wp","href":"https:\/\/api.w.org\/{rel}","templated":true}]}}