{"id":1048,"date":"2020-02-22T23:52:45","date_gmt":"2020-02-22T23:52:45","guid":{"rendered":"https:\/\/progift.fi\/?page_id=1048"},"modified":"2020-02-23T00:10:46","modified_gmt":"2020-02-23T00:10:46","slug":"pheeps-reppu","status":"publish","type":"page","link":"https:\/\/progift.fi\/index.php\/pheeps-reppu\/","title":{"rendered":"Pheeps-reppu"},"content":{"rendered":"\t\t<div data-elementor-type=\"wp-page\" data-elementor-id=\"1048\" class=\"elementor elementor-1048\" data-elementor-settings=\"[]\">\n\t\t\t\t\t\t<div class=\"elementor-inner\">\n\t\t\t\t\t\t\t<div class=\"elementor-section-wrap\">\n\t\t\t\t\t\t\t<section class=\"elementor-section elementor-top-section elementor-element elementor-element-804028d elementor-section-boxed elementor-section-height-default elementor-section-height-default\" data-id=\"804028d\" data-element_type=\"section\">\n\t\t\t\t\t\t<div class=\"elementor-container elementor-column-gap-default\">\n\t\t\t\t\t\t\t<div class=\"elementor-row\">\n\t\t\t\t\t<div class=\"elementor-column elementor-col-100 elementor-top-column elementor-element elementor-element-2bf1a60\" data-id=\"2bf1a60\" data-element_type=\"column\">\n\t\t\t<div class=\"elementor-column-wrap elementor-element-populated\">\n\t\t\t\t\t\t\t<div class=\"elementor-widget-wrap\">\n\t\t\t\t\t\t<div class=\"elementor-element elementor-element-4f052fc elementor-widget elementor-widget-spacer\" data-id=\"4f052fc\" data-element_type=\"widget\" data-widget_type=\"spacer.default\">\n\t\t\t\t<div class=\"elementor-widget-container\">\n\t\t\t\t\t<div class=\"elementor-spacer\">\n\t\t\t<div class=\"elementor-spacer-inner\"><\/div>\n\t\t<\/div>\n\t\t\t\t<\/div>\n\t\t\t\t<\/div>\n\t\t\t\t\t\t<\/div>\n\t\t\t\t\t<\/div>\n\t\t<\/div>\n\t\t\t\t\t\t\t\t<\/div>\n\t\t\t\t\t<\/div>\n\t\t<\/section>\n\t\t\t\t<section class=\"elementor-section elementor-top-section elementor-element elementor-element-fc95076 elementor-section-boxed elementor-section-height-default elementor-section-height-default\" data-id=\"fc95076\" data-element_type=\"section\">\n\t\t\t\t\t\t<div class=\"elementor-container elementor-column-gap-default\">\n\t\t\t\t\t\t\t<div class=\"elementor-row\">\n\t\t\t\t\t<div class=\"elementor-column elementor-col-50 elementor-top-column elementor-element elementor-element-157dfdb\" data-id=\"157dfdb\" data-element_type=\"column\">\n\t\t\t<div class=\"elementor-column-wrap elementor-element-populated\">\n\t\t\t\t\t\t\t<div class=\"elementor-widget-wrap\">\n\t\t\t\t\t\t<div class=\"elementor-element elementor-element-2c15ad1 elementor-widget elementor-widget-image\" data-id=\"2c15ad1\" data-element_type=\"widget\" data-widget_type=\"image.default\">\n\t\t\t\t<div class=\"elementor-widget-container\">\n\t\t\t\t\t<div class=\"elementor-image\">\n\t\t\t\t\t\t\t\t\t\t<img width=\"1000\" height=\"1000\" src=\"https:\/\/progift.fi\/wp-content\/uploads\/2020\/02\/PheespReppu.jpg\" class=\"attachment-large size-large\" alt=\"\" loading=\"lazy\" srcset=\"https:\/\/progift.fi\/wp-content\/uploads\/2020\/02\/PheespReppu.jpg 1000w, https:\/\/progift.fi\/wp-content\/uploads\/2020\/02\/PheespReppu-300x300.jpg 300w, https:\/\/progift.fi\/wp-content\/uploads\/2020\/02\/PheespReppu-150x150.jpg 150w, https:\/\/progift.fi\/wp-content\/uploads\/2020\/02\/PheespReppu-768x768.jpg 768w\" sizes=\"(max-width: 1000px) 100vw, 1000px\" \/>\t\t\t\t\t\t\t\t\t\t\t<\/div>\n\t\t\t\t<\/div>\n\t\t\t\t<\/div>\n\t\t\t\t\t\t<\/div>\n\t\t\t\t\t<\/div>\n\t\t<\/div>\n\t\t\t\t<div class=\"elementor-column elementor-col-50 elementor-top-column elementor-element elementor-element-5c3bf80\" data-id=\"5c3bf80\" data-element_type=\"column\">\n\t\t\t<div class=\"elementor-column-wrap elementor-element-populated\">\n\t\t\t\t\t\t\t<div class=\"elementor-widget-wrap\">\n\t\t\t\t\t\t<div class=\"elementor-element elementor-element-13ff9d8 elementor-widget elementor-widget-text-editor\" data-id=\"13ff9d8\" data-element_type=\"widget\" data-widget_type=\"text-editor.default\">\n\t\t\t\t<div class=\"elementor-widget-container\">\n\t\t\t\t\t<div class=\"elementor-text-editor elementor-clearfix\"><h3>\u00a0<\/h3><h3>Pheeps kierr\u00e4tys-reppu\/kassi<\/h3><p>Kierr\u00e4tetyst\u00e4 150 g\/m\u00b2 puuvillasta valmistettu kiristysny\u00f6rillinen Pheebs-reppu. Kierr\u00e4tetty puuvilla valmistetaan valmistusmateriaalin ylij\u00e4\u00e4m\u00e4st\u00e4, jota syntyy tekstiilitehtaissa leikkaamisen aikana. Samankaltaiset v\u00e4rit sekoitetaan yhteen, mik\u00e4 tarkoittaa, ettei lis\u00e4v\u00e4rj\u00e4ys ole tarpeen. Suuri p\u00e4\u00e4lokero ja luonnonv\u00e4riset puuvillaiset kiristysny\u00f6rit. Suunniteltu kannettavaksi olkap\u00e4\u00e4ll\u00e4 tai reppuna. Kaksi kahvaa, joiden korkeus on 14 cm. Kest\u00e4\u00e4 5 kilon painon. Varsinaisen tuotteen v\u00e4ri saattaa vaihdella hieman tuotantoprosessin luonteen takia. 150 g\/m\u00b2 kierr\u00e4tetty\u00e4 puuvillaa.<\/p><p>V\u00e4rit: musta, sininen, pinkki, keltainen ja punainen<\/p><p>Hinta alkaen: 2,50 \u20ac\/kpl (ilman merkint\u00e4\u00e4)<\/p><\/div>\n\t\t\t\t<\/div>\n\t\t\t\t<\/div>\n\t\t\t\t\t\t<\/div>\n\t\t\t\t\t<\/div>\n\t\t<\/div>\n\t\t\t\t\t\t\t\t<\/div>\n\t\t\t\t\t<\/div>\n\t\t<\/section>\n\t\t\t\t\t\t<\/div>\n\t\t\t\t\t\t<\/div>\n\t\t\t\t\t<\/div>\n\t\t","protected":false},"excerpt":{"rendered":"<p>\u00a0 Pheeps kierr\u00e4tys-reppu\/kassi Kierr\u00e4tetyst\u00e4 150 g\/m\u00b2 puuvillasta valmistettu kiristysny\u00f6rillinen Pheebs-reppu. Kierr\u00e4tetty puuvilla valmistetaan valmistusmateriaalin ylij\u00e4\u00e4m\u00e4st\u00e4, jota syntyy tekstiilitehtaissa leikkaamisen aikana. Samankaltaiset v\u00e4rit sekoitetaan yhteen, mik\u00e4 tarkoittaa, ettei lis\u00e4v\u00e4rj\u00e4ys ole tarpeen. Suuri p\u00e4\u00e4lokero ja luonnonv\u00e4riset puuvillaiset kiristysny\u00f6rit. Suunniteltu kannettavaksi olkap\u00e4\u00e4ll\u00e4 tai reppuna. Kaksi kahvaa, joiden korkeus on 14 cm. Kest\u00e4\u00e4 5 kilon painon. Varsinaisen tuotteen v\u00e4ri &hellip;<\/p>\n<p class=\"read-more\"> <a class=\"\" href=\"https:\/\/progift.fi\/index.php\/pheeps-reppu\/\"> <span class=\"screen-reader-text\">Pheeps-reppu<\/span> Lue lis\u00e4\u00e4 &raquo;<\/a><\/p>\n","protected":false},"author":1,"featured_media":0,"parent":0,"menu_order":0,"comment_status":"closed","ping_status":"closed","template":"","meta":[],"_links":{"self":[{"href":"https:\/\/progift.fi\/index.php\/wp-json\/wp\/v2\/pages\/1048"}],"collection":[{"href":"https:\/\/progift.fi\/index.php\/wp-json\/wp\/v2\/pages"}],"about":[{"href":"https:\/\/progift.fi\/index.php\/wp-json\/wp\/v2\/types\/page"}],"author":[{"embeddable":true,"href":"https:\/\/progift.fi\/index.php\/wp-json\/wp\/v2\/users\/1"}],"replies":[{"embeddable":true,"href":"https:\/\/progift.fi\/index.php\/wp-json\/wp\/v2\/comments?post=1048"}],"version-history":[{"count":2,"href":"https:\/\/progift.fi\/index.php\/wp-json\/wp\/v2\/pages\/1048\/revisions"}],"predecessor-version":[{"id":1064,"href":"https:\/\/progift.fi\/index.php\/wp-json\/wp\/v2\/pages\/1048\/revisions\/1064"}],"wp:attachment":[{"href":"https:\/\/progift.fi\/index.php\/wp-json\/wp\/v2\/media?parent=1048"}],"curies":[{"name":"wp","href":"https:\/\/api.w.org\/{rel}","templated":true}]}}