{"id":1050,"date":"2020-02-22T23:53:09","date_gmt":"2020-02-22T23:53:09","guid":{"rendered":"https:\/\/progift.fi\/?page_id=1050"},"modified":"2020-02-23T00:09:20","modified_gmt":"2020-02-23T00:09:20","slug":"scx-varavirtalahde","status":"publish","type":"page","link":"https:\/\/progift.fi\/index.php\/scx-varavirtalahde\/","title":{"rendered":"SCX varavirtala\u0308hde"},"content":{"rendered":"\t\t<div data-elementor-type=\"wp-page\" data-elementor-id=\"1050\" class=\"elementor elementor-1050\" data-elementor-settings=\"[]\">\n\t\t\t\t\t\t<div class=\"elementor-inner\">\n\t\t\t\t\t\t\t<div class=\"elementor-section-wrap\">\n\t\t\t\t\t\t\t<section class=\"elementor-section elementor-top-section elementor-element elementor-element-0223f27 elementor-section-boxed elementor-section-height-default elementor-section-height-default\" data-id=\"0223f27\" data-element_type=\"section\">\n\t\t\t\t\t\t<div class=\"elementor-container elementor-column-gap-default\">\n\t\t\t\t\t\t\t<div class=\"elementor-row\">\n\t\t\t\t\t<div class=\"elementor-column elementor-col-100 elementor-top-column elementor-element elementor-element-c97254a\" data-id=\"c97254a\" data-element_type=\"column\">\n\t\t\t<div class=\"elementor-column-wrap elementor-element-populated\">\n\t\t\t\t\t\t\t<div class=\"elementor-widget-wrap\">\n\t\t\t\t\t\t<div class=\"elementor-element elementor-element-f498fc7 elementor-widget elementor-widget-spacer\" data-id=\"f498fc7\" data-element_type=\"widget\" data-widget_type=\"spacer.default\">\n\t\t\t\t<div class=\"elementor-widget-container\">\n\t\t\t\t\t<div class=\"elementor-spacer\">\n\t\t\t<div class=\"elementor-spacer-inner\"><\/div>\n\t\t<\/div>\n\t\t\t\t<\/div>\n\t\t\t\t<\/div>\n\t\t\t\t\t\t<\/div>\n\t\t\t\t\t<\/div>\n\t\t<\/div>\n\t\t\t\t\t\t\t\t<\/div>\n\t\t\t\t\t<\/div>\n\t\t<\/section>\n\t\t\t\t<section class=\"elementor-section elementor-top-section elementor-element elementor-element-c92baa1 elementor-section-boxed elementor-section-height-default elementor-section-height-default\" data-id=\"c92baa1\" data-element_type=\"section\">\n\t\t\t\t\t\t<div class=\"elementor-container elementor-column-gap-default\">\n\t\t\t\t\t\t\t<div class=\"elementor-row\">\n\t\t\t\t\t<div class=\"elementor-column elementor-col-50 elementor-top-column elementor-element elementor-element-bf96e49\" data-id=\"bf96e49\" data-element_type=\"column\">\n\t\t\t<div class=\"elementor-column-wrap elementor-element-populated\">\n\t\t\t\t\t\t\t<div class=\"elementor-widget-wrap\">\n\t\t\t\t\t\t<div class=\"elementor-element elementor-element-f6464c8 elementor-widget elementor-widget-image\" data-id=\"f6464c8\" data-element_type=\"widget\" data-widget_type=\"image.default\">\n\t\t\t\t<div class=\"elementor-widget-container\">\n\t\t\t\t\t<div class=\"elementor-image\">\n\t\t\t\t\t\t\t\t\t\t<img width=\"1000\" height=\"1000\" src=\"https:\/\/progift.fi\/wp-content\/uploads\/2020\/02\/varavirtala\u0308hde.jpg\" class=\"attachment-large size-large\" alt=\"\" loading=\"lazy\" srcset=\"https:\/\/progift.fi\/wp-content\/uploads\/2020\/02\/varavirtala\u0308hde.jpg 1000w, https:\/\/progift.fi\/wp-content\/uploads\/2020\/02\/varavirtala\u0308hde-300x300.jpg 300w, https:\/\/progift.fi\/wp-content\/uploads\/2020\/02\/varavirtala\u0308hde-150x150.jpg 150w, https:\/\/progift.fi\/wp-content\/uploads\/2020\/02\/varavirtala\u0308hde-768x768.jpg 768w\" sizes=\"(max-width: 1000px) 100vw, 1000px\" \/>\t\t\t\t\t\t\t\t\t\t\t<\/div>\n\t\t\t\t<\/div>\n\t\t\t\t<\/div>\n\t\t\t\t\t\t<\/div>\n\t\t\t\t\t<\/div>\n\t\t<\/div>\n\t\t\t\t<div class=\"elementor-column elementor-col-50 elementor-top-column elementor-element elementor-element-7d91de6\" data-id=\"7d91de6\" data-element_type=\"column\">\n\t\t\t<div class=\"elementor-column-wrap elementor-element-populated\">\n\t\t\t\t\t\t\t<div class=\"elementor-widget-wrap\">\n\t\t\t\t\t\t<div class=\"elementor-element elementor-element-d0c8a5d elementor-widget elementor-widget-text-editor\" data-id=\"d0c8a5d\" data-element_type=\"widget\" data-widget_type=\"text-editor.default\">\n\t\t\t\t<div class=\"elementor-widget-container\">\n\t\t\t\t\t<div class=\"elementor-text-editor elementor-clearfix\"><h3>\u00a0<\/h3><h3>SCX varavirtal\u00e4hde<\/h3><p>SCX.design P29 -varavirtal\u00e4hde, aurinkoenergialla toimiva ja k\u00e4tev\u00e4sti kuljetettava. Kumipintainen 5000 mAh:n valokennovaravirtal\u00e4hde valaistuvalla logolla. Mukana toimitetaan 3-in-1-kaapeli (Type-C, Android, iPhone). Aurinkokennon laajan pinnan ansiosta akku latautuu jopa 170 mAh tunnissa. Akun voi ladata my\u00f6s mukana toimitetulla kaapelilla. Kun varavirtal\u00e4hdett\u00e4 kosketetaan, kaiverrettu logo valaistuu 30 sekunnin ajaksi. Logo palaa my\u00f6s latauksen aikana. Toimitetaan lahjapaketissa, joka on valmistettu kierr\u00e4tetyst\u00e4 paperista. Tulo: 5 V \/ 2A USB. L\u00e4ht\u00f6: 5 V \/ 2 A. Koko: 125\u2009\u00d7\u200972\u2009\u00d7\u200911,8\u2009mm. Kumi.<\/p><p>V\u00e4ri: musta<\/p><p>Hinta: kysy hintaa<\/p><\/div>\n\t\t\t\t<\/div>\n\t\t\t\t<\/div>\n\t\t\t\t\t\t<\/div>\n\t\t\t\t\t<\/div>\n\t\t<\/div>\n\t\t\t\t\t\t\t\t<\/div>\n\t\t\t\t\t<\/div>\n\t\t<\/section>\n\t\t\t\t\t\t<\/div>\n\t\t\t\t\t\t<\/div>\n\t\t\t\t\t<\/div>\n\t\t","protected":false},"excerpt":{"rendered":"<p>\u00a0 SCX varavirtal\u00e4hde SCX.design P29 -varavirtal\u00e4hde, aurinkoenergialla toimiva ja k\u00e4tev\u00e4sti kuljetettava. Kumipintainen 5000 mAh:n valokennovaravirtal\u00e4hde valaistuvalla logolla. Mukana toimitetaan 3-in-1-kaapeli (Type-C, Android, iPhone). Aurinkokennon laajan pinnan ansiosta akku latautuu jopa 170 mAh tunnissa. Akun voi ladata my\u00f6s mukana toimitetulla kaapelilla. Kun varavirtal\u00e4hdett\u00e4 kosketetaan, kaiverrettu logo valaistuu 30 sekunnin ajaksi. Logo palaa my\u00f6s latauksen aikana. Toimitetaan &hellip;<\/p>\n<p class=\"read-more\"> <a class=\"\" href=\"https:\/\/progift.fi\/index.php\/scx-varavirtalahde\/\"> <span class=\"screen-reader-text\">SCX varavirtala\u0308hde<\/span> Lue lis\u00e4\u00e4 &raquo;<\/a><\/p>\n","protected":false},"author":1,"featured_media":0,"parent":0,"menu_order":0,"comment_status":"closed","ping_status":"closed","template":"","meta":[],"_links":{"self":[{"href":"https:\/\/progift.fi\/index.php\/wp-json\/wp\/v2\/pages\/1050"}],"collection":[{"href":"https:\/\/progift.fi\/index.php\/wp-json\/wp\/v2\/pages"}],"about":[{"href":"https:\/\/progift.fi\/index.php\/wp-json\/wp\/v2\/types\/page"}],"author":[{"embeddable":true,"href":"https:\/\/progift.fi\/index.php\/wp-json\/wp\/v2\/users\/1"}],"replies":[{"embeddable":true,"href":"https:\/\/progift.fi\/index.php\/wp-json\/wp\/v2\/comments?post=1050"}],"version-history":[{"count":3,"href":"https:\/\/progift.fi\/index.php\/wp-json\/wp\/v2\/pages\/1050\/revisions"}],"predecessor-version":[{"id":1063,"href":"https:\/\/progift.fi\/index.php\/wp-json\/wp\/v2\/pages\/1050\/revisions\/1063"}],"wp:attachment":[{"href":"https:\/\/progift.fi\/index.php\/wp-json\/wp\/v2\/media?parent=1050"}],"curies":[{"name":"wp","href":"https:\/\/api.w.org\/{rel}","templated":true}]}}