{"id":1185,"date":"2020-03-05T15:42:59","date_gmt":"2020-03-05T15:42:59","guid":{"rendered":"https:\/\/progift.fi\/?page_id=1185"},"modified":"2020-03-05T16:32:28","modified_gmt":"2020-03-05T16:32:28","slug":"rpet-kuulakyna","status":"publish","type":"page","link":"https:\/\/progift.fi\/index.php\/rpet-kuulakyna\/","title":{"rendered":"RPET kuulakyn\u00e4"},"content":{"rendered":"\t\t<div data-elementor-type=\"wp-page\" data-elementor-id=\"1185\" class=\"elementor elementor-1185\" data-elementor-settings=\"[]\">\n\t\t\t\t\t\t<div class=\"elementor-inner\">\n\t\t\t\t\t\t\t<div class=\"elementor-section-wrap\">\n\t\t\t\t\t\t\t<section class=\"elementor-section elementor-top-section elementor-element elementor-element-ff91a4e elementor-section-boxed elementor-section-height-default elementor-section-height-default\" data-id=\"ff91a4e\" data-element_type=\"section\">\n\t\t\t\t\t\t<div class=\"elementor-container elementor-column-gap-default\">\n\t\t\t\t\t\t\t<div class=\"elementor-row\">\n\t\t\t\t\t<div class=\"elementor-column elementor-col-50 elementor-top-column elementor-element elementor-element-b03c95c\" data-id=\"b03c95c\" data-element_type=\"column\">\n\t\t\t<div class=\"elementor-column-wrap elementor-element-populated\">\n\t\t\t\t\t\t\t<div class=\"elementor-widget-wrap\">\n\t\t\t\t\t\t<div class=\"elementor-element elementor-element-2ef393d elementor-widget elementor-widget-image\" data-id=\"2ef393d\" data-element_type=\"widget\" data-widget_type=\"image.default\">\n\t\t\t\t<div class=\"elementor-widget-container\">\n\t\t\t\t\t<div class=\"elementor-image\">\n\t\t\t\t\t\t\t\t\t\t<img width=\"1000\" height=\"1000\" src=\"https:\/\/progift.fi\/wp-content\/uploads\/2020\/03\/RPET-kuulakyna\u0308.jpg\" class=\"attachment-large size-large\" alt=\"\" loading=\"lazy\" srcset=\"https:\/\/progift.fi\/wp-content\/uploads\/2020\/03\/RPET-kuulakyna\u0308.jpg 1000w, https:\/\/progift.fi\/wp-content\/uploads\/2020\/03\/RPET-kuulakyna\u0308-300x300.jpg 300w, https:\/\/progift.fi\/wp-content\/uploads\/2020\/03\/RPET-kuulakyna\u0308-150x150.jpg 150w, https:\/\/progift.fi\/wp-content\/uploads\/2020\/03\/RPET-kuulakyna\u0308-768x768.jpg 768w\" sizes=\"(max-width: 1000px) 100vw, 1000px\" \/>\t\t\t\t\t\t\t\t\t\t\t<\/div>\n\t\t\t\t<\/div>\n\t\t\t\t<\/div>\n\t\t\t\t\t\t<\/div>\n\t\t\t\t\t<\/div>\n\t\t<\/div>\n\t\t\t\t<div class=\"elementor-column elementor-col-50 elementor-top-column elementor-element elementor-element-3e9bdf0\" data-id=\"3e9bdf0\" data-element_type=\"column\">\n\t\t\t<div class=\"elementor-column-wrap elementor-element-populated\">\n\t\t\t\t\t\t\t<div class=\"elementor-widget-wrap\">\n\t\t\t\t\t\t<div class=\"elementor-element elementor-element-30a7edc elementor-widget elementor-widget-text-editor\" data-id=\"30a7edc\" data-element_type=\"widget\" data-widget_type=\"text-editor.default\">\n\t\t\t\t<div class=\"elementor-widget-container\">\n\t\t\t\t\t<div class=\"elementor-text-editor elementor-clearfix\"><h3>\u00a0<\/h3><h3><span style=\"font-size: 1.66667rem;\">RPET kuulakyn\u00e4<\/span><\/h3><p>Kuulakyn\u00e4 valmistettu kokonaan Euroopassa kierr\u00e4tysmateriaalista (RPET, kierr\u00e4tyspulloista). Kyn\u00e4\u00e4 on saatavilla 14 eri v\u00e4ri\u00e4.<\/p><p>Hinta alkaen 0,99 \u20ac\/kpl<\/p><\/div>\n\t\t\t\t<\/div>\n\t\t\t\t<\/div>\n\t\t\t\t\t\t<\/div>\n\t\t\t\t\t<\/div>\n\t\t<\/div>\n\t\t\t\t\t\t\t\t<\/div>\n\t\t\t\t\t<\/div>\n\t\t<\/section>\n\t\t\t\t\t\t<\/div>\n\t\t\t\t\t\t<\/div>\n\t\t\t\t\t<\/div>\n\t\t","protected":false},"excerpt":{"rendered":"<p>\u00a0 RPET kuulakyn\u00e4 Kuulakyn\u00e4 valmistettu kokonaan Euroopassa kierr\u00e4tysmateriaalista (RPET, kierr\u00e4tyspulloista). Kyn\u00e4\u00e4 on saatavilla 14 eri v\u00e4ri\u00e4. Hinta alkaen 0,99 \u20ac\/kpl<\/p>\n","protected":false},"author":1,"featured_media":0,"parent":0,"menu_order":0,"comment_status":"closed","ping_status":"closed","template":"","meta":[],"_links":{"self":[{"href":"https:\/\/progift.fi\/index.php\/wp-json\/wp\/v2\/pages\/1185"}],"collection":[{"href":"https:\/\/progift.fi\/index.php\/wp-json\/wp\/v2\/pages"}],"about":[{"href":"https:\/\/progift.fi\/index.php\/wp-json\/wp\/v2\/types\/page"}],"author":[{"embeddable":true,"href":"https:\/\/progift.fi\/index.php\/wp-json\/wp\/v2\/users\/1"}],"replies":[{"embeddable":true,"href":"https:\/\/progift.fi\/index.php\/wp-json\/wp\/v2\/comments?post=1185"}],"version-history":[{"count":2,"href":"https:\/\/progift.fi\/index.php\/wp-json\/wp\/v2\/pages\/1185\/revisions"}],"predecessor-version":[{"id":1236,"href":"https:\/\/progift.fi\/index.php\/wp-json\/wp\/v2\/pages\/1185\/revisions\/1236"}],"wp:attachment":[{"href":"https:\/\/progift.fi\/index.php\/wp-json\/wp\/v2\/media?parent=1185"}],"curies":[{"name":"wp","href":"https:\/\/api.w.org\/{rel}","templated":true}]}}