{"id":1195,"date":"2020-03-05T15:46:21","date_gmt":"2020-03-05T15:46:21","guid":{"rendered":"https:\/\/progift.fi\/?page_id=1195"},"modified":"2020-03-05T16:24:12","modified_gmt":"2020-03-05T16:24:12","slug":"led-tuikku-kaukosaatimella","status":"publish","type":"page","link":"https:\/\/progift.fi\/index.php\/led-tuikku-kaukosaatimella\/","title":{"rendered":"Led-tuikku kaukos\u00e4\u00e4timell\u00e4"},"content":{"rendered":"\t\t<div data-elementor-type=\"wp-page\" data-elementor-id=\"1195\" class=\"elementor elementor-1195\" data-elementor-settings=\"[]\">\n\t\t\t\t\t\t<div class=\"elementor-inner\">\n\t\t\t\t\t\t\t<div class=\"elementor-section-wrap\">\n\t\t\t\t\t\t\t<section class=\"elementor-section elementor-top-section elementor-element elementor-element-f8a4659 elementor-section-boxed elementor-section-height-default elementor-section-height-default\" data-id=\"f8a4659\" data-element_type=\"section\">\n\t\t\t\t\t\t<div class=\"elementor-container elementor-column-gap-default\">\n\t\t\t\t\t\t\t<div class=\"elementor-row\">\n\t\t\t\t\t<div class=\"elementor-column elementor-col-50 elementor-top-column elementor-element elementor-element-d466f35\" data-id=\"d466f35\" data-element_type=\"column\">\n\t\t\t<div class=\"elementor-column-wrap elementor-element-populated\">\n\t\t\t\t\t\t\t<div class=\"elementor-widget-wrap\">\n\t\t\t\t\t\t<div class=\"elementor-element elementor-element-ed9b2fe elementor-widget elementor-widget-image\" data-id=\"ed9b2fe\" data-element_type=\"widget\" data-widget_type=\"image.default\">\n\t\t\t\t<div class=\"elementor-widget-container\">\n\t\t\t\t\t<div class=\"elementor-image\">\n\t\t\t\t\t\t\t\t\t\t<img width=\"1000\" height=\"1000\" src=\"https:\/\/progift.fi\/wp-content\/uploads\/2020\/03\/Led-tuikkukynttila\u0308_1.jpg\" class=\"attachment-large size-large\" alt=\"\" loading=\"lazy\" srcset=\"https:\/\/progift.fi\/wp-content\/uploads\/2020\/03\/Led-tuikkukynttila\u0308_1.jpg 1000w, https:\/\/progift.fi\/wp-content\/uploads\/2020\/03\/Led-tuikkukynttila\u0308_1-300x300.jpg 300w, https:\/\/progift.fi\/wp-content\/uploads\/2020\/03\/Led-tuikkukynttila\u0308_1-150x150.jpg 150w, https:\/\/progift.fi\/wp-content\/uploads\/2020\/03\/Led-tuikkukynttila\u0308_1-768x768.jpg 768w\" sizes=\"(max-width: 1000px) 100vw, 1000px\" \/>\t\t\t\t\t\t\t\t\t\t\t<\/div>\n\t\t\t\t<\/div>\n\t\t\t\t<\/div>\n\t\t\t\t\t\t<\/div>\n\t\t\t\t\t<\/div>\n\t\t<\/div>\n\t\t\t\t<div class=\"elementor-column elementor-col-50 elementor-top-column elementor-element elementor-element-e747b5c\" data-id=\"e747b5c\" data-element_type=\"column\">\n\t\t\t<div class=\"elementor-column-wrap elementor-element-populated\">\n\t\t\t\t\t\t\t<div class=\"elementor-widget-wrap\">\n\t\t\t\t\t\t<div class=\"elementor-element elementor-element-08641a3 elementor-widget elementor-widget-text-editor\" data-id=\"08641a3\" data-element_type=\"widget\" data-widget_type=\"text-editor.default\">\n\t\t\t\t<div class=\"elementor-widget-container\">\n\t\t\t\t\t<div class=\"elementor-text-editor elementor-clearfix\"><h3>\u00a0<\/h3><h3>\u00a0<\/h3><h3>Led-tuikku kaukos\u00e4\u00e4timell\u00e4<\/h3><p>Aidon oloinen tuikkukynttil\u00e4 led-valolla. Mahdollisuus saada my\u00f6s k\u00e4tev\u00e4ll\u00e4 kaukos\u00e4\u00e4timell\u00e4.<\/p><p>Hinta alkaen: 9,90 \u20ac\/kpl<\/p><p>Kaukos\u00e4\u00e4din: 5 \u20ac\/kpl<\/p><\/div>\n\t\t\t\t<\/div>\n\t\t\t\t<\/div>\n\t\t\t\t\t\t<\/div>\n\t\t\t\t\t<\/div>\n\t\t<\/div>\n\t\t\t\t\t\t\t\t<\/div>\n\t\t\t\t\t<\/div>\n\t\t<\/section>\n\t\t\t\t\t\t<\/div>\n\t\t\t\t\t\t<\/div>\n\t\t\t\t\t<\/div>\n\t\t","protected":false},"excerpt":{"rendered":"<p>\u00a0 \u00a0 Led-tuikku kaukos\u00e4\u00e4timell\u00e4 Aidon oloinen tuikkukynttil\u00e4 led-valolla. Mahdollisuus saada my\u00f6s k\u00e4tev\u00e4ll\u00e4 kaukos\u00e4\u00e4timell\u00e4. Hinta alkaen: 9,90 \u20ac\/kpl Kaukos\u00e4\u00e4din: 5 \u20ac\/kpl<\/p>\n","protected":false},"author":1,"featured_media":0,"parent":0,"menu_order":0,"comment_status":"closed","ping_status":"closed","template":"","meta":[],"_links":{"self":[{"href":"https:\/\/progift.fi\/index.php\/wp-json\/wp\/v2\/pages\/1195"}],"collection":[{"href":"https:\/\/progift.fi\/index.php\/wp-json\/wp\/v2\/pages"}],"about":[{"href":"https:\/\/progift.fi\/index.php\/wp-json\/wp\/v2\/types\/page"}],"author":[{"embeddable":true,"href":"https:\/\/progift.fi\/index.php\/wp-json\/wp\/v2\/users\/1"}],"replies":[{"embeddable":true,"href":"https:\/\/progift.fi\/index.php\/wp-json\/wp\/v2\/comments?post=1195"}],"version-history":[{"count":2,"href":"https:\/\/progift.fi\/index.php\/wp-json\/wp\/v2\/pages\/1195\/revisions"}],"predecessor-version":[{"id":1228,"href":"https:\/\/progift.fi\/index.php\/wp-json\/wp\/v2\/pages\/1195\/revisions\/1228"}],"wp:attachment":[{"href":"https:\/\/progift.fi\/index.php\/wp-json\/wp\/v2\/media?parent=1195"}],"curies":[{"name":"wp","href":"https:\/\/api.w.org\/{rel}","templated":true}]}}