{"id":1197,"date":"2020-03-05T15:46:33","date_gmt":"2020-03-05T15:46:33","guid":{"rendered":"https:\/\/progift.fi\/?page_id=1197"},"modified":"2020-03-05T16:27:10","modified_gmt":"2020-03-05T16:27:10","slug":"rpet-sortino-grande-kylmalaukku","status":"publish","type":"page","link":"https:\/\/progift.fi\/index.php\/rpet-sortino-grande-kylmalaukku\/","title":{"rendered":"RPET Sortino Grande Kylm\u00e4laukku"},"content":{"rendered":"\t\t<div data-elementor-type=\"wp-page\" data-elementor-id=\"1197\" class=\"elementor elementor-1197\" data-elementor-settings=\"[]\">\n\t\t\t\t\t\t<div class=\"elementor-inner\">\n\t\t\t\t\t\t\t<div class=\"elementor-section-wrap\">\n\t\t\t\t\t\t\t<section class=\"elementor-section elementor-top-section elementor-element elementor-element-72782a9 elementor-section-boxed elementor-section-height-default elementor-section-height-default\" data-id=\"72782a9\" data-element_type=\"section\">\n\t\t\t\t\t\t<div class=\"elementor-container elementor-column-gap-default\">\n\t\t\t\t\t\t\t<div class=\"elementor-row\">\n\t\t\t\t\t<div class=\"elementor-column elementor-col-50 elementor-top-column elementor-element elementor-element-d0db46a\" data-id=\"d0db46a\" data-element_type=\"column\">\n\t\t\t<div class=\"elementor-column-wrap elementor-element-populated\">\n\t\t\t\t\t\t\t<div class=\"elementor-widget-wrap\">\n\t\t\t\t\t\t<div class=\"elementor-element elementor-element-523ec99 elementor-widget elementor-widget-image\" data-id=\"523ec99\" data-element_type=\"widget\" data-widget_type=\"image.default\">\n\t\t\t\t<div class=\"elementor-widget-container\">\n\t\t\t\t\t<div class=\"elementor-image\">\n\t\t\t\t\t\t\t\t\t\t<img width=\"1000\" height=\"1000\" src=\"https:\/\/progift.fi\/wp-content\/uploads\/2020\/03\/RPET-Sortino-Grande-kylma\u0308laukku_L.jpg\" class=\"attachment-large size-large\" alt=\"\" loading=\"lazy\" srcset=\"https:\/\/progift.fi\/wp-content\/uploads\/2020\/03\/RPET-Sortino-Grande-kylma\u0308laukku_L.jpg 1000w, https:\/\/progift.fi\/wp-content\/uploads\/2020\/03\/RPET-Sortino-Grande-kylma\u0308laukku_L-300x300.jpg 300w, https:\/\/progift.fi\/wp-content\/uploads\/2020\/03\/RPET-Sortino-Grande-kylma\u0308laukku_L-150x150.jpg 150w, https:\/\/progift.fi\/wp-content\/uploads\/2020\/03\/RPET-Sortino-Grande-kylma\u0308laukku_L-768x768.jpg 768w\" sizes=\"(max-width: 1000px) 100vw, 1000px\" \/>\t\t\t\t\t\t\t\t\t\t\t<\/div>\n\t\t\t\t<\/div>\n\t\t\t\t<\/div>\n\t\t\t\t\t\t<\/div>\n\t\t\t\t\t<\/div>\n\t\t<\/div>\n\t\t\t\t<div class=\"elementor-column elementor-col-50 elementor-top-column elementor-element elementor-element-edc2c5a\" data-id=\"edc2c5a\" data-element_type=\"column\">\n\t\t\t<div class=\"elementor-column-wrap elementor-element-populated\">\n\t\t\t\t\t\t\t<div class=\"elementor-widget-wrap\">\n\t\t\t\t\t\t<div class=\"elementor-element elementor-element-47ee78c elementor-widget elementor-widget-text-editor\" data-id=\"47ee78c\" data-element_type=\"widget\" data-widget_type=\"text-editor.default\">\n\t\t\t\t<div class=\"elementor-widget-container\">\n\t\t\t\t\t<div class=\"elementor-text-editor elementor-clearfix\"><h3>\u00a0<\/h3><h3><span style=\"font-size: 1.66667rem;\">RPET Sortino Grande Kylm\u00e4laukku<\/span><\/h3><p>Retkeily sek\u00e4 m\u00f6kki- ja kauppareissut on mukava tehd\u00e4 tyylikk\u00e4\u00e4n ja trendikk\u00e4\u00e4n kylm\u00e4laukun kanssa. Kangas on kauniisti meleerattu ja siin\u00e4 on my\u00f6s tyylikk\u00e4it\u00e4 puuvilla- ja keinonahkayksityiskohtia. Paksu kylm\u00e4vuoraus pit\u00e4\u00e4 tuotteet pitk\u00e4\u00e4n viilein\u00e4 ja korkealuokkaiset kangasmateriaalit varmistavat sen pitk\u00e4n k\u00e4ytt\u00f6i\u00e4n. Laukun ulkopuolella on iso tasku tavaroille. S\u00e4\u00e4dett\u00e4v\u00e4n olkahihnan ja kantokahvojen ansiosta sit\u00e4 on k\u00e4tev\u00e4 kantaa. Kauniisti meleerattu polyesterikangas on 50-prosenttisesti valmistettu kierr\u00e4tetyist\u00e4 PET-pulloista.<\/p><p>V\u00e4rit: harmaa, musta ja navy<\/p><p>Hinta alkaen: 29 \u20ac\/kpl<\/p><\/div>\n\t\t\t\t<\/div>\n\t\t\t\t<\/div>\n\t\t\t\t\t\t<\/div>\n\t\t\t\t\t<\/div>\n\t\t<\/div>\n\t\t\t\t\t\t\t\t<\/div>\n\t\t\t\t\t<\/div>\n\t\t<\/section>\n\t\t\t\t\t\t<\/div>\n\t\t\t\t\t\t<\/div>\n\t\t\t\t\t<\/div>\n\t\t","protected":false},"excerpt":{"rendered":"<p>\u00a0 RPET Sortino Grande Kylm\u00e4laukku Retkeily sek\u00e4 m\u00f6kki- ja kauppareissut on mukava tehd\u00e4 tyylikk\u00e4\u00e4n ja trendikk\u00e4\u00e4n kylm\u00e4laukun kanssa. Kangas on kauniisti meleerattu ja siin\u00e4 on my\u00f6s tyylikk\u00e4it\u00e4 puuvilla- ja keinonahkayksityiskohtia. Paksu kylm\u00e4vuoraus pit\u00e4\u00e4 tuotteet pitk\u00e4\u00e4n viilein\u00e4 ja korkealuokkaiset kangasmateriaalit varmistavat sen pitk\u00e4n k\u00e4ytt\u00f6i\u00e4n. Laukun ulkopuolella on iso tasku tavaroille. S\u00e4\u00e4dett\u00e4v\u00e4n olkahihnan ja kantokahvojen ansiosta sit\u00e4 &hellip;<\/p>\n<p class=\"read-more\"> <a class=\"\" href=\"https:\/\/progift.fi\/index.php\/rpet-sortino-grande-kylmalaukku\/\"> <span class=\"screen-reader-text\">RPET Sortino Grande Kylm\u00e4laukku<\/span> Lue lis\u00e4\u00e4 &raquo;<\/a><\/p>\n","protected":false},"author":1,"featured_media":0,"parent":0,"menu_order":0,"comment_status":"closed","ping_status":"closed","template":"","meta":[],"_links":{"self":[{"href":"https:\/\/progift.fi\/index.php\/wp-json\/wp\/v2\/pages\/1197"}],"collection":[{"href":"https:\/\/progift.fi\/index.php\/wp-json\/wp\/v2\/pages"}],"about":[{"href":"https:\/\/progift.fi\/index.php\/wp-json\/wp\/v2\/types\/page"}],"author":[{"embeddable":true,"href":"https:\/\/progift.fi\/index.php\/wp-json\/wp\/v2\/users\/1"}],"replies":[{"embeddable":true,"href":"https:\/\/progift.fi\/index.php\/wp-json\/wp\/v2\/comments?post=1197"}],"version-history":[{"count":2,"href":"https:\/\/progift.fi\/index.php\/wp-json\/wp\/v2\/pages\/1197\/revisions"}],"predecessor-version":[{"id":1231,"href":"https:\/\/progift.fi\/index.php\/wp-json\/wp\/v2\/pages\/1197\/revisions\/1231"}],"wp:attachment":[{"href":"https:\/\/progift.fi\/index.php\/wp-json\/wp\/v2\/media?parent=1197"}],"curies":[{"name":"wp","href":"https:\/\/api.w.org\/{rel}","templated":true}]}}