{"id":1199,"date":"2020-03-05T15:46:43","date_gmt":"2020-03-05T15:46:43","guid":{"rendered":"https:\/\/progift.fi\/?page_id=1199"},"modified":"2020-03-05T16:28:00","modified_gmt":"2020-03-05T16:28:00","slug":"rpet-sortino-kylmakori","status":"publish","type":"page","link":"https:\/\/progift.fi\/index.php\/rpet-sortino-kylmakori\/","title":{"rendered":"RPET Sortino Kylm\u00e4kori"},"content":{"rendered":"\t\t<div data-elementor-type=\"wp-page\" data-elementor-id=\"1199\" class=\"elementor elementor-1199\" data-elementor-settings=\"[]\">\n\t\t\t\t\t\t<div class=\"elementor-inner\">\n\t\t\t\t\t\t\t<div class=\"elementor-section-wrap\">\n\t\t\t\t\t\t\t<section class=\"elementor-section elementor-top-section elementor-element elementor-element-9d79cb8 elementor-section-boxed elementor-section-height-default elementor-section-height-default\" data-id=\"9d79cb8\" data-element_type=\"section\">\n\t\t\t\t\t\t<div class=\"elementor-container elementor-column-gap-default\">\n\t\t\t\t\t\t\t<div class=\"elementor-row\">\n\t\t\t\t\t<div class=\"elementor-column elementor-col-50 elementor-top-column elementor-element elementor-element-c8a38c3\" data-id=\"c8a38c3\" data-element_type=\"column\">\n\t\t\t<div class=\"elementor-column-wrap elementor-element-populated\">\n\t\t\t\t\t\t\t<div class=\"elementor-widget-wrap\">\n\t\t\t\t\t\t<div class=\"elementor-element elementor-element-e259abd elementor-widget elementor-widget-image\" data-id=\"e259abd\" data-element_type=\"widget\" data-widget_type=\"image.default\">\n\t\t\t\t<div class=\"elementor-widget-container\">\n\t\t\t\t\t<div class=\"elementor-image\">\n\t\t\t\t\t\t\t\t\t\t<img width=\"1000\" height=\"1000\" src=\"https:\/\/progift.fi\/wp-content\/uploads\/2020\/03\/RPET-Sortino-Kylma\u0308kori_L.jpg\" class=\"attachment-large size-large\" alt=\"\" loading=\"lazy\" srcset=\"https:\/\/progift.fi\/wp-content\/uploads\/2020\/03\/RPET-Sortino-Kylma\u0308kori_L.jpg 1000w, https:\/\/progift.fi\/wp-content\/uploads\/2020\/03\/RPET-Sortino-Kylma\u0308kori_L-300x300.jpg 300w, https:\/\/progift.fi\/wp-content\/uploads\/2020\/03\/RPET-Sortino-Kylma\u0308kori_L-150x150.jpg 150w, https:\/\/progift.fi\/wp-content\/uploads\/2020\/03\/RPET-Sortino-Kylma\u0308kori_L-768x768.jpg 768w\" sizes=\"(max-width: 1000px) 100vw, 1000px\" \/>\t\t\t\t\t\t\t\t\t\t\t<\/div>\n\t\t\t\t<\/div>\n\t\t\t\t<\/div>\n\t\t\t\t\t\t<\/div>\n\t\t\t\t\t<\/div>\n\t\t<\/div>\n\t\t\t\t<div class=\"elementor-column elementor-col-50 elementor-top-column elementor-element elementor-element-97f7bcc\" data-id=\"97f7bcc\" data-element_type=\"column\">\n\t\t\t<div class=\"elementor-column-wrap elementor-element-populated\">\n\t\t\t\t\t\t\t<div class=\"elementor-widget-wrap\">\n\t\t\t\t\t\t<div class=\"elementor-element elementor-element-133f18d elementor-widget elementor-widget-text-editor\" data-id=\"133f18d\" data-element_type=\"widget\" data-widget_type=\"text-editor.default\">\n\t\t\t\t<div class=\"elementor-widget-container\">\n\t\t\t\t\t<div class=\"elementor-text-editor elementor-clearfix\"><p>\u00a0<\/p><h3>RPET Sortino Kylm\u00e4kori<\/h3><p>Tilava kylm\u00e4kori osoittaa, ett\u00e4 kylm\u00e4laukun ei tarvitse olla perinteisen tyls\u00e4 ja muovinen. Kauniisti meleerattu kangas sek\u00e4 puuvilla- ja keinonahkayksityiskohdat tekev\u00e4t siit\u00e4 halutun laukun piknikille ja kauppareissuille. Paksu kylm\u00e4vuoraus pit\u00e4\u00e4 tuotteet pitk\u00e4\u00e4n kylmin\u00e4 ja korkealuokkaiset vetoketjut ja kangasmateriaalit varmistavat sen pitk\u00e4n k\u00e4ytt\u00f6i\u00e4n. Laukun ulkopuolella on my\u00f6s tasku pikkutavaroille. S\u00e4\u00e4dett\u00e4v\u00e4n olkahihnan ja kantokahvojen ansiosta sit\u00e4 on k\u00e4tev\u00e4 kantaa. Kauniisti meleerattu polyesterikangas on 50-prosenttisesti valmistettu kierr\u00e4tetyist\u00e4 PET-pulloista.<\/p><p>V\u00e4rit: harmaa, musta ja navy<\/p><p>Hinta alkaen 31 \u20ac\/kplv<\/p><\/div>\n\t\t\t\t<\/div>\n\t\t\t\t<\/div>\n\t\t\t\t\t\t<\/div>\n\t\t\t\t\t<\/div>\n\t\t<\/div>\n\t\t\t\t\t\t\t\t<\/div>\n\t\t\t\t\t<\/div>\n\t\t<\/section>\n\t\t\t\t\t\t<\/div>\n\t\t\t\t\t\t<\/div>\n\t\t\t\t\t<\/div>\n\t\t","protected":false},"excerpt":{"rendered":"<p>\u00a0 RPET Sortino Kylm\u00e4kori Tilava kylm\u00e4kori osoittaa, ett\u00e4 kylm\u00e4laukun ei tarvitse olla perinteisen tyls\u00e4 ja muovinen. Kauniisti meleerattu kangas sek\u00e4 puuvilla- ja keinonahkayksityiskohdat tekev\u00e4t siit\u00e4 halutun laukun piknikille ja kauppareissuille. Paksu kylm\u00e4vuoraus pit\u00e4\u00e4 tuotteet pitk\u00e4\u00e4n kylmin\u00e4 ja korkealuokkaiset vetoketjut ja kangasmateriaalit varmistavat sen pitk\u00e4n k\u00e4ytt\u00f6i\u00e4n. Laukun ulkopuolella on my\u00f6s tasku pikkutavaroille. S\u00e4\u00e4dett\u00e4v\u00e4n olkahihnan ja kantokahvojen &hellip;<\/p>\n<p class=\"read-more\"> <a class=\"\" href=\"https:\/\/progift.fi\/index.php\/rpet-sortino-kylmakori\/\"> <span class=\"screen-reader-text\">RPET Sortino Kylm\u00e4kori<\/span> Lue lis\u00e4\u00e4 &raquo;<\/a><\/p>\n","protected":false},"author":1,"featured_media":0,"parent":0,"menu_order":0,"comment_status":"closed","ping_status":"closed","template":"","meta":[],"_links":{"self":[{"href":"https:\/\/progift.fi\/index.php\/wp-json\/wp\/v2\/pages\/1199"}],"collection":[{"href":"https:\/\/progift.fi\/index.php\/wp-json\/wp\/v2\/pages"}],"about":[{"href":"https:\/\/progift.fi\/index.php\/wp-json\/wp\/v2\/types\/page"}],"author":[{"embeddable":true,"href":"https:\/\/progift.fi\/index.php\/wp-json\/wp\/v2\/users\/1"}],"replies":[{"embeddable":true,"href":"https:\/\/progift.fi\/index.php\/wp-json\/wp\/v2\/comments?post=1199"}],"version-history":[{"count":2,"href":"https:\/\/progift.fi\/index.php\/wp-json\/wp\/v2\/pages\/1199\/revisions"}],"predecessor-version":[{"id":1232,"href":"https:\/\/progift.fi\/index.php\/wp-json\/wp\/v2\/pages\/1199\/revisions\/1232"}],"wp:attachment":[{"href":"https:\/\/progift.fi\/index.php\/wp-json\/wp\/v2\/media?parent=1199"}],"curies":[{"name":"wp","href":"https:\/\/api.w.org\/{rel}","templated":true}]}}