{"id":1201,"date":"2020-03-05T15:46:56","date_gmt":"2020-03-05T15:46:56","guid":{"rendered":"https:\/\/progift.fi\/?page_id=1201"},"modified":"2020-03-05T16:22:40","modified_gmt":"2020-03-05T16:22:40","slug":"buscot-leikkuu-tarjoilulauta","status":"publish","type":"page","link":"https:\/\/progift.fi\/index.php\/buscot-leikkuu-tarjoilulauta\/","title":{"rendered":"Buscot leikkuu-tarjoilulauta"},"content":{"rendered":"\t\t<div data-elementor-type=\"wp-page\" data-elementor-id=\"1201\" class=\"elementor elementor-1201\" data-elementor-settings=\"[]\">\n\t\t\t\t\t\t<div class=\"elementor-inner\">\n\t\t\t\t\t\t\t<div class=\"elementor-section-wrap\">\n\t\t\t\t\t\t\t<section class=\"elementor-section elementor-top-section elementor-element elementor-element-dc68ebf elementor-section-boxed elementor-section-height-default elementor-section-height-default\" data-id=\"dc68ebf\" data-element_type=\"section\">\n\t\t\t\t\t\t<div class=\"elementor-container elementor-column-gap-default\">\n\t\t\t\t\t\t\t<div class=\"elementor-row\">\n\t\t\t\t\t<div class=\"elementor-column elementor-col-50 elementor-top-column elementor-element elementor-element-65c6892\" data-id=\"65c6892\" data-element_type=\"column\">\n\t\t\t<div class=\"elementor-column-wrap elementor-element-populated\">\n\t\t\t\t\t\t\t<div class=\"elementor-widget-wrap\">\n\t\t\t\t\t\t<div class=\"elementor-element elementor-element-dd537e8 elementor-widget elementor-widget-image\" data-id=\"dd537e8\" data-element_type=\"widget\" data-widget_type=\"image.default\">\n\t\t\t\t<div class=\"elementor-widget-container\">\n\t\t\t\t\t<div class=\"elementor-image\">\n\t\t\t\t\t\t\t\t\t\t<img width=\"1000\" height=\"1000\" src=\"https:\/\/progift.fi\/wp-content\/uploads\/2020\/03\/Buscot-leikkuu-tarjoilulauta_L.jpg\" class=\"attachment-large size-large\" alt=\"\" loading=\"lazy\" srcset=\"https:\/\/progift.fi\/wp-content\/uploads\/2020\/03\/Buscot-leikkuu-tarjoilulauta_L.jpg 1000w, https:\/\/progift.fi\/wp-content\/uploads\/2020\/03\/Buscot-leikkuu-tarjoilulauta_L-300x300.jpg 300w, https:\/\/progift.fi\/wp-content\/uploads\/2020\/03\/Buscot-leikkuu-tarjoilulauta_L-150x150.jpg 150w, https:\/\/progift.fi\/wp-content\/uploads\/2020\/03\/Buscot-leikkuu-tarjoilulauta_L-768x768.jpg 768w\" sizes=\"(max-width: 1000px) 100vw, 1000px\" \/>\t\t\t\t\t\t\t\t\t\t\t<\/div>\n\t\t\t\t<\/div>\n\t\t\t\t<\/div>\n\t\t\t\t\t\t<\/div>\n\t\t\t\t\t<\/div>\n\t\t<\/div>\n\t\t\t\t<div class=\"elementor-column elementor-col-50 elementor-top-column elementor-element elementor-element-43246bb\" data-id=\"43246bb\" data-element_type=\"column\">\n\t\t\t<div class=\"elementor-column-wrap elementor-element-populated\">\n\t\t\t\t\t\t\t<div class=\"elementor-widget-wrap\">\n\t\t\t\t\t\t<div class=\"elementor-element elementor-element-dff3a7b elementor-widget elementor-widget-text-editor\" data-id=\"dff3a7b\" data-element_type=\"widget\" data-widget_type=\"text-editor.default\">\n\t\t\t\t<div class=\"elementor-widget-container\">\n\t\t\t\t\t<div class=\"elementor-text-editor elementor-clearfix\"><h2><b><span lang=\"FI\">\u00a0<\/span><\/b><\/h2><h3><span lang=\"FI\">Buscot leikkuu-tarjoilulauta<\/span><\/h3><p><span lang=\"FI\">Sopivan kokoinen leikkuu-\/tarjoilulauta (40&#215;30 cm), joka soveltuu hyvin leikkaamiseen, ruoan valmistamiseen ja tarjoamiseen. Laudassa on k\u00e4tev\u00e4 pidike tabletille tai matkapuhelimelle, joten voit helposti kokata seuraamalla samaan aikaan suosikkireseptej\u00e4si. Lis\u00e4ksi laudassa on k\u00e4yt\u00e4nn\u00f6llinen ura, jota pitkin nesteet voi helposti kaataa pois ilman ett\u00e4 ne valuvat p\u00f6yd\u00e4lle. Valmistettu FSC-sertifioidusta teak-puusta.<\/span><\/p><p><span lang=\"FI\">Hinta alkaen 37 \u20ac<\/span><\/p><\/div>\n\t\t\t\t<\/div>\n\t\t\t\t<\/div>\n\t\t\t\t\t\t<\/div>\n\t\t\t\t\t<\/div>\n\t\t<\/div>\n\t\t\t\t\t\t\t\t<\/div>\n\t\t\t\t\t<\/div>\n\t\t<\/section>\n\t\t\t\t\t\t<\/div>\n\t\t\t\t\t\t<\/div>\n\t\t\t\t\t<\/div>\n\t\t","protected":false},"excerpt":{"rendered":"<p>\u00a0 Buscot leikkuu-tarjoilulauta Sopivan kokoinen leikkuu-\/tarjoilulauta (40&#215;30 cm), joka soveltuu hyvin leikkaamiseen, ruoan valmistamiseen ja tarjoamiseen. Laudassa on k\u00e4tev\u00e4 pidike tabletille tai matkapuhelimelle, joten voit helposti kokata seuraamalla samaan aikaan suosikkireseptej\u00e4si. Lis\u00e4ksi laudassa on k\u00e4yt\u00e4nn\u00f6llinen ura, jota pitkin nesteet voi helposti kaataa pois ilman ett\u00e4 ne valuvat p\u00f6yd\u00e4lle. Valmistettu FSC-sertifioidusta teak-puusta. Hinta alkaen 37 \u20ac<\/p>\n","protected":false},"author":1,"featured_media":0,"parent":0,"menu_order":0,"comment_status":"closed","ping_status":"closed","template":"","meta":[],"_links":{"self":[{"href":"https:\/\/progift.fi\/index.php\/wp-json\/wp\/v2\/pages\/1201"}],"collection":[{"href":"https:\/\/progift.fi\/index.php\/wp-json\/wp\/v2\/pages"}],"about":[{"href":"https:\/\/progift.fi\/index.php\/wp-json\/wp\/v2\/types\/page"}],"author":[{"embeddable":true,"href":"https:\/\/progift.fi\/index.php\/wp-json\/wp\/v2\/users\/1"}],"replies":[{"embeddable":true,"href":"https:\/\/progift.fi\/index.php\/wp-json\/wp\/v2\/comments?post=1201"}],"version-history":[{"count":3,"href":"https:\/\/progift.fi\/index.php\/wp-json\/wp\/v2\/pages\/1201\/revisions"}],"predecessor-version":[{"id":1227,"href":"https:\/\/progift.fi\/index.php\/wp-json\/wp\/v2\/pages\/1201\/revisions\/1227"}],"wp:attachment":[{"href":"https:\/\/progift.fi\/index.php\/wp-json\/wp\/v2\/media?parent=1201"}],"curies":[{"name":"wp","href":"https:\/\/api.w.org\/{rel}","templated":true}]}}