{"id":1252,"date":"2020-03-12T10:14:46","date_gmt":"2020-03-12T10:14:46","guid":{"rendered":"https:\/\/progift.fi\/?page_id=1252"},"modified":"2020-03-12T10:21:51","modified_gmt":"2020-03-12T10:21:51","slug":"vitalis-purkki","status":"publish","type":"page","link":"https:\/\/progift.fi\/index.php\/vitalis-purkki\/","title":{"rendered":"Vitalis-purkki"},"content":{"rendered":"\t\t<div data-elementor-type=\"wp-page\" data-elementor-id=\"1252\" class=\"elementor elementor-1252\" data-elementor-settings=\"[]\">\n\t\t\t\t\t\t<div class=\"elementor-inner\">\n\t\t\t\t\t\t\t<div class=\"elementor-section-wrap\">\n\t\t\t\t\t\t\t<section class=\"elementor-section elementor-top-section elementor-element elementor-element-ef3a3c1 elementor-section-boxed elementor-section-height-default elementor-section-height-default\" data-id=\"ef3a3c1\" data-element_type=\"section\">\n\t\t\t\t\t\t<div class=\"elementor-container elementor-column-gap-default\">\n\t\t\t\t\t\t\t<div class=\"elementor-row\">\n\t\t\t\t\t<div class=\"elementor-column elementor-col-50 elementor-top-column elementor-element elementor-element-2be3d11\" data-id=\"2be3d11\" data-element_type=\"column\">\n\t\t\t<div class=\"elementor-column-wrap elementor-element-populated\">\n\t\t\t\t\t\t\t<div class=\"elementor-widget-wrap\">\n\t\t\t\t\t\t<div class=\"elementor-element elementor-element-11a0b85 elementor-widget elementor-widget-image\" data-id=\"11a0b85\" data-element_type=\"widget\" data-widget_type=\"image.default\">\n\t\t\t\t<div class=\"elementor-widget-container\">\n\t\t\t\t\t<div class=\"elementor-image\">\n\t\t\t\t\t\t\t\t\t\t<img width=\"1024\" height=\"886\" src=\"https:\/\/progift.fi\/wp-content\/uploads\/2020\/03\/Vitalis-purkki-1024x886.jpg\" class=\"attachment-large size-large\" alt=\"\" loading=\"lazy\" srcset=\"https:\/\/progift.fi\/wp-content\/uploads\/2020\/03\/Vitalis-purkki-1024x886.jpg 1024w, https:\/\/progift.fi\/wp-content\/uploads\/2020\/03\/Vitalis-purkki-300x259.jpg 300w, https:\/\/progift.fi\/wp-content\/uploads\/2020\/03\/Vitalis-purkki-768x664.jpg 768w, https:\/\/progift.fi\/wp-content\/uploads\/2020\/03\/Vitalis-purkki-1536x1328.jpg 1536w, https:\/\/progift.fi\/wp-content\/uploads\/2020\/03\/Vitalis-purkki.jpg 1776w\" sizes=\"(max-width: 1024px) 100vw, 1024px\" \/>\t\t\t\t\t\t\t\t\t\t\t<\/div>\n\t\t\t\t<\/div>\n\t\t\t\t<\/div>\n\t\t\t\t\t\t<\/div>\n\t\t\t\t\t<\/div>\n\t\t<\/div>\n\t\t\t\t<div class=\"elementor-column elementor-col-50 elementor-top-column elementor-element elementor-element-a6a6b5c\" data-id=\"a6a6b5c\" data-element_type=\"column\">\n\t\t\t<div class=\"elementor-column-wrap elementor-element-populated\">\n\t\t\t\t\t\t\t<div class=\"elementor-widget-wrap\">\n\t\t\t\t\t\t<div class=\"elementor-element elementor-element-12988b2 elementor-widget elementor-widget-text-editor\" data-id=\"12988b2\" data-element_type=\"widget\" data-widget_type=\"text-editor.default\">\n\t\t\t\t<div class=\"elementor-widget-container\">\n\t\t\t\t\t<div class=\"elementor-text-editor elementor-clearfix\"><h3>\u00a0<\/h3><h3>Vitalis-purkki<\/h3><p>Perinteinen Vitalis-purkki saatavilla omalla painatuksella (linssitarra kanteen). Purkki musta ja kanteen oma moniv\u00e4ripainatus.<\/p><p>Vitalis \u00a045 g sis\u00e4lt\u00e4\u00e4 useita hoitavia luonnon vahoja ja \u00f6ljyj\u00e4, kuten mehil\u00e4isvahaa ja lanoliinia. Se on hengitt\u00e4v\u00e4 vedet\u00f6n voide jossa vesi on korvattu glyseriinill\u00e4, joka sitoo kosteutta ihoon tehokkaasti . Tuotteessa k\u00e4ytetty Sorbitol my\u00f6s kosteuttaa ihoa ja pit\u00e4\u00e4 sen pehme\u00e4n\u00e4.<\/p><p>Vitalis on parhaimmillaan huulivoiteena, mutta se on my\u00f6s ihanteellinen kynsinauhoille ja karheiden kantap\u00e4iden hoitoon sek\u00e4 auringon polttamalle ett\u00e4 pakkasenpuremalle iholle. Sit\u00e4 k\u00e4ytet\u00e4\u00e4n my\u00f6s erilaisten ihottumien hoitoon, vauvasta vaariin. Se on korkealaatuinen, kotimainen tuote.\u00a0<\/p><p>Hinta alkaen 3 \u20ac\/kpl<\/p><\/div>\n\t\t\t\t<\/div>\n\t\t\t\t<\/div>\n\t\t\t\t\t\t<\/div>\n\t\t\t\t\t<\/div>\n\t\t<\/div>\n\t\t\t\t\t\t\t\t<\/div>\n\t\t\t\t\t<\/div>\n\t\t<\/section>\n\t\t\t\t\t\t<\/div>\n\t\t\t\t\t\t<\/div>\n\t\t\t\t\t<\/div>\n\t\t","protected":false},"excerpt":{"rendered":"<p>\u00a0 Vitalis-purkki Perinteinen Vitalis-purkki saatavilla omalla painatuksella (linssitarra kanteen). Purkki musta ja kanteen oma moniv\u00e4ripainatus. Vitalis \u00a045 g sis\u00e4lt\u00e4\u00e4 useita hoitavia luonnon vahoja ja \u00f6ljyj\u00e4, kuten mehil\u00e4isvahaa ja lanoliinia. Se on hengitt\u00e4v\u00e4 vedet\u00f6n voide jossa vesi on korvattu glyseriinill\u00e4, joka sitoo kosteutta ihoon tehokkaasti . Tuotteessa k\u00e4ytetty Sorbitol my\u00f6s kosteuttaa ihoa ja pit\u00e4\u00e4 sen pehme\u00e4n\u00e4. &hellip;<\/p>\n<p class=\"read-more\"> <a class=\"\" href=\"https:\/\/progift.fi\/index.php\/vitalis-purkki\/\"> <span class=\"screen-reader-text\">Vitalis-purkki<\/span> Lue lis\u00e4\u00e4 &raquo;<\/a><\/p>\n","protected":false},"author":1,"featured_media":0,"parent":0,"menu_order":0,"comment_status":"closed","ping_status":"closed","template":"","meta":[],"_links":{"self":[{"href":"https:\/\/progift.fi\/index.php\/wp-json\/wp\/v2\/pages\/1252"}],"collection":[{"href":"https:\/\/progift.fi\/index.php\/wp-json\/wp\/v2\/pages"}],"about":[{"href":"https:\/\/progift.fi\/index.php\/wp-json\/wp\/v2\/types\/page"}],"author":[{"embeddable":true,"href":"https:\/\/progift.fi\/index.php\/wp-json\/wp\/v2\/users\/1"}],"replies":[{"embeddable":true,"href":"https:\/\/progift.fi\/index.php\/wp-json\/wp\/v2\/comments?post=1252"}],"version-history":[{"count":3,"href":"https:\/\/progift.fi\/index.php\/wp-json\/wp\/v2\/pages\/1252\/revisions"}],"predecessor-version":[{"id":1257,"href":"https:\/\/progift.fi\/index.php\/wp-json\/wp\/v2\/pages\/1252\/revisions\/1257"}],"wp:attachment":[{"href":"https:\/\/progift.fi\/index.php\/wp-json\/wp\/v2\/media?parent=1252"}],"curies":[{"name":"wp","href":"https:\/\/api.w.org\/{rel}","templated":true}]}}