{"id":1388,"date":"2020-05-09T08:30:09","date_gmt":"2020-05-09T08:30:09","guid":{"rendered":"https:\/\/progift.fi\/?page_id=1388"},"modified":"2020-08-12T16:55:31","modified_gmt":"2020-08-12T16:55:31","slug":"bagbase-heijastava-reppu","status":"publish","type":"page","link":"https:\/\/progift.fi\/index.php\/bagbase-heijastava-reppu\/","title":{"rendered":"Bagbase heijastava reppu"},"content":{"rendered":"\t\t<div data-elementor-type=\"wp-page\" data-elementor-id=\"1388\" class=\"elementor elementor-1388\" data-elementor-settings=\"[]\">\n\t\t\t\t\t\t<div class=\"elementor-inner\">\n\t\t\t\t\t\t\t<div class=\"elementor-section-wrap\">\n\t\t\t\t\t\t\t<section class=\"elementor-section elementor-top-section elementor-element elementor-element-5b76e5e elementor-section-boxed elementor-section-height-default elementor-section-height-default\" data-id=\"5b76e5e\" data-element_type=\"section\">\n\t\t\t\t\t\t<div class=\"elementor-container elementor-column-gap-default\">\n\t\t\t\t\t\t\t<div class=\"elementor-row\">\n\t\t\t\t\t<div class=\"elementor-column elementor-col-100 elementor-top-column elementor-element elementor-element-fe93252\" data-id=\"fe93252\" data-element_type=\"column\">\n\t\t\t<div class=\"elementor-column-wrap\">\n\t\t\t\t\t\t\t<div class=\"elementor-widget-wrap\">\n\t\t\t\t\t\t\t\t<\/div>\n\t\t\t\t\t<\/div>\n\t\t<\/div>\n\t\t\t\t\t\t\t\t<\/div>\n\t\t\t\t\t<\/div>\n\t\t<\/section>\n\t\t\t\t<section class=\"elementor-section elementor-top-section elementor-element elementor-element-443f75f elementor-section-boxed elementor-section-height-default elementor-section-height-default\" data-id=\"443f75f\" data-element_type=\"section\">\n\t\t\t\t\t\t<div class=\"elementor-container elementor-column-gap-default\">\n\t\t\t\t\t\t\t<div class=\"elementor-row\">\n\t\t\t\t\t<div class=\"elementor-column elementor-col-50 elementor-top-column elementor-element elementor-element-6f43559\" data-id=\"6f43559\" data-element_type=\"column\">\n\t\t\t<div class=\"elementor-column-wrap elementor-element-populated\">\n\t\t\t\t\t\t\t<div class=\"elementor-widget-wrap\">\n\t\t\t\t\t\t<div class=\"elementor-element elementor-element-2132436 elementor-widget elementor-widget-image\" data-id=\"2132436\" data-element_type=\"widget\" data-widget_type=\"image.default\">\n\t\t\t\t<div class=\"elementor-widget-container\">\n\t\t\t\t\t<div class=\"elementor-image\">\n\t\t\t\t\t\t\t\t\t\t<img width=\"1000\" height=\"1000\" src=\"https:\/\/progift.fi\/wp-content\/uploads\/2020\/08\/Heijastava_reppu.jpg\" class=\"attachment-large size-large\" alt=\"\" loading=\"lazy\" srcset=\"https:\/\/progift.fi\/wp-content\/uploads\/2020\/08\/Heijastava_reppu.jpg 1000w, https:\/\/progift.fi\/wp-content\/uploads\/2020\/08\/Heijastava_reppu-300x300.jpg 300w, https:\/\/progift.fi\/wp-content\/uploads\/2020\/08\/Heijastava_reppu-150x150.jpg 150w, https:\/\/progift.fi\/wp-content\/uploads\/2020\/08\/Heijastava_reppu-768x768.jpg 768w\" sizes=\"(max-width: 1000px) 100vw, 1000px\" \/>\t\t\t\t\t\t\t\t\t\t\t<\/div>\n\t\t\t\t<\/div>\n\t\t\t\t<\/div>\n\t\t\t\t\t\t<\/div>\n\t\t\t\t\t<\/div>\n\t\t<\/div>\n\t\t\t\t<div class=\"elementor-column elementor-col-50 elementor-top-column elementor-element elementor-element-d04343c\" data-id=\"d04343c\" data-element_type=\"column\">\n\t\t\t<div class=\"elementor-column-wrap elementor-element-populated\">\n\t\t\t\t\t\t\t<div class=\"elementor-widget-wrap\">\n\t\t\t\t\t\t<div class=\"elementor-element elementor-element-ad4b4b9 elementor-widget elementor-widget-text-editor\" data-id=\"ad4b4b9\" data-element_type=\"widget\" data-widget_type=\"text-editor.default\">\n\t\t\t\t<div class=\"elementor-widget-container\">\n\t\t\t\t\t<div class=\"elementor-text-editor elementor-clearfix\"><h3 style=\"font-size: 1.66667rem; font-style: normal;\">\u00a0<\/h3><h3 style=\"font-size: 1.66667rem; font-style: normal;\">Bagbase heijastava reppu<\/h3><ul><li>Materiaali: 85 % polyesteri\u00e4, 15 % puuvillaa<\/li><li><span style=\"font-size: 15px;\">Koko: 26 x 43 x 13 cm<\/span><\/li><li>Tilavuus: 15 litraa<\/li><li>Kokonaan heijastava kangas<\/li><li>Kevyt ja kest\u00e4v\u00e4 reppu<\/li><li>Rullakiinnitys<\/li><li>Vetoketjutasku sivussa<\/li><li>Pehmustetut ja s\u00e4\u00e4dett\u00e4v\u00e4t olkahihnat<\/li><li>Kyseess\u00e4 ei ole lainmukainen henkil\u00f6suojain ja virallisen heijastimen k\u00e4ytt\u00f6\u00e4 suositellaan lis\u00e4ksi<\/li><\/ul><p>Hinta alkaen 20 \u20ac\/kpl<\/p><\/div>\n\t\t\t\t<\/div>\n\t\t\t\t<\/div>\n\t\t\t\t\t\t<\/div>\n\t\t\t\t\t<\/div>\n\t\t<\/div>\n\t\t\t\t\t\t\t\t<\/div>\n\t\t\t\t\t<\/div>\n\t\t<\/section>\n\t\t\t\t\t\t<\/div>\n\t\t\t\t\t\t<\/div>\n\t\t\t\t\t<\/div>\n\t\t","protected":false},"excerpt":{"rendered":"<p>\u00a0 Bagbase heijastava reppu Materiaali: 85 % polyesteri\u00e4, 15 % puuvillaa Koko: 26 x 43 x 13 cm Tilavuus: 15 litraa Kokonaan heijastava kangas Kevyt ja kest\u00e4v\u00e4 reppu Rullakiinnitys Vetoketjutasku sivussa Pehmustetut ja s\u00e4\u00e4dett\u00e4v\u00e4t olkahihnat Kyseess\u00e4 ei ole lainmukainen henkil\u00f6suojain ja virallisen heijastimen k\u00e4ytt\u00f6\u00e4 suositellaan lis\u00e4ksi Hinta alkaen 20 \u20ac\/kpl<\/p>\n","protected":false},"author":1,"featured_media":0,"parent":0,"menu_order":0,"comment_status":"closed","ping_status":"closed","template":"","meta":[],"_links":{"self":[{"href":"https:\/\/progift.fi\/index.php\/wp-json\/wp\/v2\/pages\/1388"}],"collection":[{"href":"https:\/\/progift.fi\/index.php\/wp-json\/wp\/v2\/pages"}],"about":[{"href":"https:\/\/progift.fi\/index.php\/wp-json\/wp\/v2\/types\/page"}],"author":[{"embeddable":true,"href":"https:\/\/progift.fi\/index.php\/wp-json\/wp\/v2\/users\/1"}],"replies":[{"embeddable":true,"href":"https:\/\/progift.fi\/index.php\/wp-json\/wp\/v2\/comments?post=1388"}],"version-history":[{"count":7,"href":"https:\/\/progift.fi\/index.php\/wp-json\/wp\/v2\/pages\/1388\/revisions"}],"predecessor-version":[{"id":1619,"href":"https:\/\/progift.fi\/index.php\/wp-json\/wp\/v2\/pages\/1388\/revisions\/1619"}],"wp:attachment":[{"href":"https:\/\/progift.fi\/index.php\/wp-json\/wp\/v2\/media?parent=1388"}],"curies":[{"name":"wp","href":"https:\/\/api.w.org\/{rel}","templated":true}]}}