{"id":1414,"date":"2020-05-09T08:57:38","date_gmt":"2020-05-09T08:57:38","guid":{"rendered":"https:\/\/progift.fi\/?page_id=1414"},"modified":"2020-09-18T09:52:33","modified_gmt":"2020-09-18T09:52:33","slug":"flyer-frisbee","status":"publish","type":"page","link":"https:\/\/progift.fi\/index.php\/flyer-frisbee\/","title":{"rendered":"Flyer-Frisbee"},"content":{"rendered":"\t\t<div data-elementor-type=\"wp-page\" data-elementor-id=\"1414\" class=\"elementor elementor-1414\" data-elementor-settings=\"[]\">\n\t\t\t\t\t\t<div class=\"elementor-inner\">\n\t\t\t\t\t\t\t<div class=\"elementor-section-wrap\">\n\t\t\t\t\t\t\t<section class=\"elementor-section elementor-top-section elementor-element elementor-element-2903aba elementor-section-boxed elementor-section-height-default elementor-section-height-default\" data-id=\"2903aba\" data-element_type=\"section\">\n\t\t\t\t\t\t<div class=\"elementor-container elementor-column-gap-default\">\n\t\t\t\t\t\t\t<div class=\"elementor-row\">\n\t\t\t\t\t<div class=\"elementor-column elementor-col-100 elementor-top-column elementor-element elementor-element-d9f461c\" data-id=\"d9f461c\" data-element_type=\"column\">\n\t\t\t<div class=\"elementor-column-wrap\">\n\t\t\t\t\t\t\t<div class=\"elementor-widget-wrap\">\n\t\t\t\t\t\t\t\t<\/div>\n\t\t\t\t\t<\/div>\n\t\t<\/div>\n\t\t\t\t\t\t\t\t<\/div>\n\t\t\t\t\t<\/div>\n\t\t<\/section>\n\t\t\t\t<section class=\"elementor-section elementor-top-section elementor-element elementor-element-ffbf65a elementor-section-boxed elementor-section-height-default elementor-section-height-default\" data-id=\"ffbf65a\" data-element_type=\"section\">\n\t\t\t\t\t\t<div class=\"elementor-container elementor-column-gap-default\">\n\t\t\t\t\t\t\t<div class=\"elementor-row\">\n\t\t\t\t\t<div class=\"elementor-column elementor-col-50 elementor-top-column elementor-element elementor-element-f24c880\" data-id=\"f24c880\" data-element_type=\"column\">\n\t\t\t<div class=\"elementor-column-wrap elementor-element-populated\">\n\t\t\t\t\t\t\t<div class=\"elementor-widget-wrap\">\n\t\t\t\t\t\t<div class=\"elementor-element elementor-element-6e18b69 elementor-widget elementor-widget-image\" data-id=\"6e18b69\" data-element_type=\"widget\" data-widget_type=\"image.default\">\n\t\t\t\t<div class=\"elementor-widget-container\">\n\t\t\t\t\t<div class=\"elementor-image\">\n\t\t\t\t\t\t\t\t\t\t<img width=\"413\" height=\"413\" src=\"https:\/\/progift.fi\/wp-content\/uploads\/2020\/04\/Flyer-Frisbee.jpg\" class=\"attachment-large size-large\" alt=\"\" loading=\"lazy\" srcset=\"https:\/\/progift.fi\/wp-content\/uploads\/2020\/04\/Flyer-Frisbee.jpg 413w, https:\/\/progift.fi\/wp-content\/uploads\/2020\/04\/Flyer-Frisbee-300x300.jpg 300w, https:\/\/progift.fi\/wp-content\/uploads\/2020\/04\/Flyer-Frisbee-150x150.jpg 150w\" sizes=\"(max-width: 413px) 100vw, 413px\" \/>\t\t\t\t\t\t\t\t\t\t\t<\/div>\n\t\t\t\t<\/div>\n\t\t\t\t<\/div>\n\t\t\t\t\t\t<\/div>\n\t\t\t\t\t<\/div>\n\t\t<\/div>\n\t\t\t\t<div class=\"elementor-column elementor-col-50 elementor-top-column elementor-element elementor-element-dd2d6c0\" data-id=\"dd2d6c0\" data-element_type=\"column\">\n\t\t\t<div class=\"elementor-column-wrap elementor-element-populated\">\n\t\t\t\t\t\t\t<div class=\"elementor-widget-wrap\">\n\t\t\t\t\t\t<div class=\"elementor-element elementor-element-2aaa897 elementor-widget elementor-widget-text-editor\" data-id=\"2aaa897\" data-element_type=\"widget\" data-widget_type=\"text-editor.default\">\n\t\t\t\t<div class=\"elementor-widget-container\">\n\t\t\t\t\t<div class=\"elementor-text-editor elementor-clearfix\"><h3 style=\"font-size: 1.66667rem; font-style: normal;\"><span style=\"font-size: 1.66667rem; font-style: normal;\">\u00a0<\/span><\/h3><h3 style=\"font-size: 1.66667rem; font-style: normal;\"><span style=\"font-size: 1.66667rem; font-style: normal;\">Flyer-Frisbee<\/span><\/h3><p>Kierr\u00e4tysmuovista valmistettu frisbee kes\u00e4n rientoihin Kotimainen tuote. 100 % kierr\u00e4tysmuovista valmistetut v\u00e4rit ovat musta, harmaa ja vihre\u00e4. 20 % kierr\u00e4tysmuovista valkoinen, punainen ja keltainen<\/p><p><span style=\"font-size: 15px; color: var( --e-global-color-text ); font-family: var( --e-global-typography-text-font-family );\">Hinta alkaen: 2,20 \u20ac\/kpl<\/span><\/p><\/div>\n\t\t\t\t<\/div>\n\t\t\t\t<\/div>\n\t\t\t\t\t\t<\/div>\n\t\t\t\t\t<\/div>\n\t\t<\/div>\n\t\t\t\t\t\t\t\t<\/div>\n\t\t\t\t\t<\/div>\n\t\t<\/section>\n\t\t\t\t\t\t<\/div>\n\t\t\t\t\t\t<\/div>\n\t\t\t\t\t<\/div>\n\t\t","protected":false},"excerpt":{"rendered":"<p>\u00a0 Flyer-Frisbee Kierr\u00e4tysmuovista valmistettu frisbee kes\u00e4n rientoihin Kotimainen tuote. 100 % kierr\u00e4tysmuovista valmistetut v\u00e4rit ovat musta, harmaa ja vihre\u00e4. 20 % kierr\u00e4tysmuovista valkoinen, punainen ja keltainen Hinta alkaen: 2,20 \u20ac\/kpl<\/p>\n","protected":false},"author":1,"featured_media":0,"parent":0,"menu_order":0,"comment_status":"closed","ping_status":"closed","template":"","meta":[],"_links":{"self":[{"href":"https:\/\/progift.fi\/index.php\/wp-json\/wp\/v2\/pages\/1414"}],"collection":[{"href":"https:\/\/progift.fi\/index.php\/wp-json\/wp\/v2\/pages"}],"about":[{"href":"https:\/\/progift.fi\/index.php\/wp-json\/wp\/v2\/types\/page"}],"author":[{"embeddable":true,"href":"https:\/\/progift.fi\/index.php\/wp-json\/wp\/v2\/users\/1"}],"replies":[{"embeddable":true,"href":"https:\/\/progift.fi\/index.php\/wp-json\/wp\/v2\/comments?post=1414"}],"version-history":[{"count":3,"href":"https:\/\/progift.fi\/index.php\/wp-json\/wp\/v2\/pages\/1414\/revisions"}],"predecessor-version":[{"id":2100,"href":"https:\/\/progift.fi\/index.php\/wp-json\/wp\/v2\/pages\/1414\/revisions\/2100"}],"wp:attachment":[{"href":"https:\/\/progift.fi\/index.php\/wp-json\/wp\/v2\/media?parent=1414"}],"curies":[{"name":"wp","href":"https:\/\/api.w.org\/{rel}","templated":true}]}}