{"id":1432,"date":"2020-05-09T09:06:52","date_gmt":"2020-05-09T09:06:52","guid":{"rendered":"https:\/\/progift.fi\/?page_id=1432"},"modified":"2020-09-18T06:23:09","modified_gmt":"2020-09-18T06:23:09","slug":"jalo-kyna-kierratysmuovista","status":"publish","type":"page","link":"https:\/\/progift.fi\/index.php\/jalo-kyna-kierratysmuovista\/","title":{"rendered":"Jalo-kyn\u00e4 kierr\u00e4tysmuovista"},"content":{"rendered":"\t\t<div data-elementor-type=\"wp-page\" data-elementor-id=\"1432\" class=\"elementor elementor-1432\" data-elementor-settings=\"[]\">\n\t\t\t\t\t\t<div class=\"elementor-inner\">\n\t\t\t\t\t\t\t<div class=\"elementor-section-wrap\">\n\t\t\t\t\t\t\t<section class=\"elementor-section elementor-top-section elementor-element elementor-element-1976e60 elementor-section-boxed elementor-section-height-default elementor-section-height-default\" data-id=\"1976e60\" data-element_type=\"section\">\n\t\t\t\t\t\t<div class=\"elementor-container elementor-column-gap-default\">\n\t\t\t\t\t\t\t<div class=\"elementor-row\">\n\t\t\t\t\t<div class=\"elementor-column elementor-col-100 elementor-top-column elementor-element elementor-element-4ee55f2\" data-id=\"4ee55f2\" data-element_type=\"column\">\n\t\t\t<div class=\"elementor-column-wrap\">\n\t\t\t\t\t\t\t<div class=\"elementor-widget-wrap\">\n\t\t\t\t\t\t\t\t<\/div>\n\t\t\t\t\t<\/div>\n\t\t<\/div>\n\t\t\t\t\t\t\t\t<\/div>\n\t\t\t\t\t<\/div>\n\t\t<\/section>\n\t\t\t\t<section class=\"elementor-section elementor-top-section elementor-element elementor-element-695f751 elementor-section-boxed elementor-section-height-default elementor-section-height-default\" data-id=\"695f751\" data-element_type=\"section\">\n\t\t\t\t\t\t<div class=\"elementor-container elementor-column-gap-default\">\n\t\t\t\t\t\t\t<div class=\"elementor-row\">\n\t\t\t\t\t<div class=\"elementor-column elementor-col-50 elementor-top-column elementor-element elementor-element-9b13c39\" data-id=\"9b13c39\" data-element_type=\"column\">\n\t\t\t<div class=\"elementor-column-wrap elementor-element-populated\">\n\t\t\t\t\t\t\t<div class=\"elementor-widget-wrap\">\n\t\t\t\t\t\t<div class=\"elementor-element elementor-element-9d7b451 elementor-widget elementor-widget-image\" data-id=\"9d7b451\" data-element_type=\"widget\" data-widget_type=\"image.default\">\n\t\t\t\t<div class=\"elementor-widget-container\">\n\t\t\t\t\t<div class=\"elementor-image\">\n\t\t\t\t\t\t\t\t\t\t<img width=\"1000\" height=\"1000\" src=\"https:\/\/progift.fi\/wp-content\/uploads\/2020\/09\/Jalo-kyna-100-kierratysmuovia.jpg\" class=\"attachment-large size-large\" alt=\"\" loading=\"lazy\" srcset=\"https:\/\/progift.fi\/wp-content\/uploads\/2020\/09\/Jalo-kyna-100-kierratysmuovia.jpg 1000w, https:\/\/progift.fi\/wp-content\/uploads\/2020\/09\/Jalo-kyna-100-kierratysmuovia-300x300.jpg 300w, https:\/\/progift.fi\/wp-content\/uploads\/2020\/09\/Jalo-kyna-100-kierratysmuovia-150x150.jpg 150w, https:\/\/progift.fi\/wp-content\/uploads\/2020\/09\/Jalo-kyna-100-kierratysmuovia-768x768.jpg 768w\" sizes=\"(max-width: 1000px) 100vw, 1000px\" \/>\t\t\t\t\t\t\t\t\t\t\t<\/div>\n\t\t\t\t<\/div>\n\t\t\t\t<\/div>\n\t\t\t\t\t\t<\/div>\n\t\t\t\t\t<\/div>\n\t\t<\/div>\n\t\t\t\t<div class=\"elementor-column elementor-col-50 elementor-top-column elementor-element elementor-element-78d8bbf\" data-id=\"78d8bbf\" data-element_type=\"column\">\n\t\t\t<div class=\"elementor-column-wrap elementor-element-populated\">\n\t\t\t\t\t\t\t<div class=\"elementor-widget-wrap\">\n\t\t\t\t\t\t<div class=\"elementor-element elementor-element-5d57535 elementor-widget elementor-widget-text-editor\" data-id=\"5d57535\" data-element_type=\"widget\" data-widget_type=\"text-editor.default\">\n\t\t\t\t<div class=\"elementor-widget-container\">\n\t\t\t\t\t<div class=\"elementor-text-editor elementor-clearfix\"><h3><span style=\"font-size: 25px;\">\u00a0<\/span><\/h3><h3><span style=\"font-size: 25px;\">Jalo-kyn\u00e4 kierr\u00e4tysmuovista<\/span><\/h3><p style=\"font-size: 15px; font-style: normal; font-weight: 400;\">\u00a0<\/p><p>Klassinen laatukyn\u00e4, joka on valmistettu 100 % kierr\u00e4tysmuovista. Kyn\u00e4ll\u00e4 kirjoitat yli 10.000 metri\u00e4. Hopeanv\u00e4riset metalliosat ja laatus\u00e4ili\u00f6.<\/p><p style=\"font-size: 15px; font-style: normal; font-weight: 400;\">Hinta alkaen: 2,30 \u20ac<\/p><\/div>\n\t\t\t\t<\/div>\n\t\t\t\t<\/div>\n\t\t\t\t\t\t<\/div>\n\t\t\t\t\t<\/div>\n\t\t<\/div>\n\t\t\t\t\t\t\t\t<\/div>\n\t\t\t\t\t<\/div>\n\t\t<\/section>\n\t\t\t\t\t\t<\/div>\n\t\t\t\t\t\t<\/div>\n\t\t\t\t\t<\/div>\n\t\t","protected":false},"excerpt":{"rendered":"<p>\u00a0 Jalo-kyn\u00e4 kierr\u00e4tysmuovista \u00a0 Klassinen laatukyn\u00e4, joka on valmistettu 100 % kierr\u00e4tysmuovista. Kyn\u00e4ll\u00e4 kirjoitat yli 10.000 metri\u00e4. Hopeanv\u00e4riset metalliosat ja laatus\u00e4ili\u00f6. Hinta alkaen: 2,30 \u20ac<\/p>\n","protected":false},"author":1,"featured_media":0,"parent":0,"menu_order":0,"comment_status":"closed","ping_status":"closed","template":"","meta":[],"_links":{"self":[{"href":"https:\/\/progift.fi\/index.php\/wp-json\/wp\/v2\/pages\/1432"}],"collection":[{"href":"https:\/\/progift.fi\/index.php\/wp-json\/wp\/v2\/pages"}],"about":[{"href":"https:\/\/progift.fi\/index.php\/wp-json\/wp\/v2\/types\/page"}],"author":[{"embeddable":true,"href":"https:\/\/progift.fi\/index.php\/wp-json\/wp\/v2\/users\/1"}],"replies":[{"embeddable":true,"href":"https:\/\/progift.fi\/index.php\/wp-json\/wp\/v2\/comments?post=1432"}],"version-history":[{"count":5,"href":"https:\/\/progift.fi\/index.php\/wp-json\/wp\/v2\/pages\/1432\/revisions"}],"predecessor-version":[{"id":2082,"href":"https:\/\/progift.fi\/index.php\/wp-json\/wp\/v2\/pages\/1432\/revisions\/2082"}],"wp:attachment":[{"href":"https:\/\/progift.fi\/index.php\/wp-json\/wp\/v2\/media?parent=1432"}],"curies":[{"name":"wp","href":"https:\/\/api.w.org\/{rel}","templated":true}]}}