{"id":1471,"date":"2020-05-09T09:27:34","date_gmt":"2020-05-09T09:27:34","guid":{"rendered":"https:\/\/progift.fi\/?page_id=1471"},"modified":"2020-08-19T15:45:53","modified_gmt":"2020-08-19T15:45:53","slug":"tuubi-huivi","status":"publish","type":"page","link":"https:\/\/progift.fi\/index.php\/tuubi-huivi\/","title":{"rendered":"Tuubi-huivi"},"content":{"rendered":"\t\t<div data-elementor-type=\"wp-page\" data-elementor-id=\"1471\" class=\"elementor elementor-1471\" data-elementor-settings=\"[]\">\n\t\t\t\t\t\t<div class=\"elementor-inner\">\n\t\t\t\t\t\t\t<div class=\"elementor-section-wrap\">\n\t\t\t\t\t\t\t<section class=\"elementor-section elementor-top-section elementor-element elementor-element-5622499 elementor-section-boxed elementor-section-height-default elementor-section-height-default\" data-id=\"5622499\" data-element_type=\"section\">\n\t\t\t\t\t\t<div class=\"elementor-container elementor-column-gap-default\">\n\t\t\t\t\t\t\t<div class=\"elementor-row\">\n\t\t\t\t\t<div class=\"elementor-column elementor-col-100 elementor-top-column elementor-element elementor-element-a55c6e4\" data-id=\"a55c6e4\" data-element_type=\"column\">\n\t\t\t<div class=\"elementor-column-wrap\">\n\t\t\t\t\t\t\t<div class=\"elementor-widget-wrap\">\n\t\t\t\t\t\t\t\t<\/div>\n\t\t\t\t\t<\/div>\n\t\t<\/div>\n\t\t\t\t\t\t\t\t<\/div>\n\t\t\t\t\t<\/div>\n\t\t<\/section>\n\t\t\t\t<section class=\"elementor-section elementor-top-section elementor-element elementor-element-6e5feb4 elementor-section-boxed elementor-section-height-default elementor-section-height-default\" data-id=\"6e5feb4\" data-element_type=\"section\">\n\t\t\t\t\t\t<div class=\"elementor-container elementor-column-gap-default\">\n\t\t\t\t\t\t\t<div class=\"elementor-row\">\n\t\t\t\t\t<div class=\"elementor-column elementor-col-50 elementor-top-column elementor-element elementor-element-7309f90\" data-id=\"7309f90\" data-element_type=\"column\">\n\t\t\t<div class=\"elementor-column-wrap elementor-element-populated\">\n\t\t\t\t\t\t\t<div class=\"elementor-widget-wrap\">\n\t\t\t\t\t\t<div class=\"elementor-element elementor-element-1a2bff9 elementor-widget elementor-widget-image\" data-id=\"1a2bff9\" data-element_type=\"widget\" data-widget_type=\"image.default\">\n\t\t\t\t<div class=\"elementor-widget-container\">\n\t\t\t\t\t<div class=\"elementor-image\">\n\t\t\t\t\t\t\t\t\t\t<img width=\"1000\" height=\"1000\" src=\"https:\/\/progift.fi\/wp-content\/uploads\/2020\/08\/tuubihuivi.jpg\" class=\"attachment-large size-large\" alt=\"\" loading=\"lazy\" srcset=\"https:\/\/progift.fi\/wp-content\/uploads\/2020\/08\/tuubihuivi.jpg 1000w, https:\/\/progift.fi\/wp-content\/uploads\/2020\/08\/tuubihuivi-300x300.jpg 300w, https:\/\/progift.fi\/wp-content\/uploads\/2020\/08\/tuubihuivi-150x150.jpg 150w, https:\/\/progift.fi\/wp-content\/uploads\/2020\/08\/tuubihuivi-768x768.jpg 768w\" sizes=\"(max-width: 1000px) 100vw, 1000px\" \/>\t\t\t\t\t\t\t\t\t\t\t<\/div>\n\t\t\t\t<\/div>\n\t\t\t\t<\/div>\n\t\t\t\t\t\t<\/div>\n\t\t\t\t\t<\/div>\n\t\t<\/div>\n\t\t\t\t<div class=\"elementor-column elementor-col-50 elementor-top-column elementor-element elementor-element-b9cb7f3\" data-id=\"b9cb7f3\" data-element_type=\"column\">\n\t\t\t<div class=\"elementor-column-wrap elementor-element-populated\">\n\t\t\t\t\t\t\t<div class=\"elementor-widget-wrap\">\n\t\t\t\t\t\t<div class=\"elementor-element elementor-element-232122a elementor-widget elementor-widget-text-editor\" data-id=\"232122a\" data-element_type=\"widget\" data-widget_type=\"text-editor.default\">\n\t\t\t\t<div class=\"elementor-widget-container\">\n\t\t\t\t\t<div class=\"elementor-text-editor elementor-clearfix\"><h3 style=\"font-size: 1.66667rem; font-style: normal;\">\u00a0<\/h3><h3 style=\"font-size: 1.66667rem; font-style: normal;\">Tuubi-huivi<\/h3><p style=\"font-size: 15px; font-style: normal; font-weight: 400;\">RPET kierr\u00e4tysmateriaalista valmistettu tuubihuivi. Messuille, asiakkaille, henkil\u00f6kunnalle, monik\u00e4ytt\u00f6inen, edullinen ja ekologinen.<\/p><p style=\"font-size: 15px; font-style: normal; font-weight: 400;\">Hinta alkaen: 2 \u20ac (hinta sis\u00e4lt\u00e4\u00e4 1-v\u00e4ripainatuksen)<\/p><\/div>\n\t\t\t\t<\/div>\n\t\t\t\t<\/div>\n\t\t\t\t\t\t<\/div>\n\t\t\t\t\t<\/div>\n\t\t<\/div>\n\t\t\t\t\t\t\t\t<\/div>\n\t\t\t\t\t<\/div>\n\t\t<\/section>\n\t\t\t\t\t\t<\/div>\n\t\t\t\t\t\t<\/div>\n\t\t\t\t\t<\/div>\n\t\t","protected":false},"excerpt":{"rendered":"<p>\u00a0 Tuubi-huivi RPET kierr\u00e4tysmateriaalista valmistettu tuubihuivi. Messuille, asiakkaille, henkil\u00f6kunnalle, monik\u00e4ytt\u00f6inen, edullinen ja ekologinen. Hinta alkaen: 2 \u20ac (hinta sis\u00e4lt\u00e4\u00e4 1-v\u00e4ripainatuksen)<\/p>\n","protected":false},"author":1,"featured_media":0,"parent":0,"menu_order":0,"comment_status":"closed","ping_status":"closed","template":"","meta":[],"_links":{"self":[{"href":"https:\/\/progift.fi\/index.php\/wp-json\/wp\/v2\/pages\/1471"}],"collection":[{"href":"https:\/\/progift.fi\/index.php\/wp-json\/wp\/v2\/pages"}],"about":[{"href":"https:\/\/progift.fi\/index.php\/wp-json\/wp\/v2\/types\/page"}],"author":[{"embeddable":true,"href":"https:\/\/progift.fi\/index.php\/wp-json\/wp\/v2\/users\/1"}],"replies":[{"embeddable":true,"href":"https:\/\/progift.fi\/index.php\/wp-json\/wp\/v2\/comments?post=1471"}],"version-history":[{"count":4,"href":"https:\/\/progift.fi\/index.php\/wp-json\/wp\/v2\/pages\/1471\/revisions"}],"predecessor-version":[{"id":1667,"href":"https:\/\/progift.fi\/index.php\/wp-json\/wp\/v2\/pages\/1471\/revisions\/1667"}],"wp:attachment":[{"href":"https:\/\/progift.fi\/index.php\/wp-json\/wp\/v2\/media?parent=1471"}],"curies":[{"name":"wp","href":"https:\/\/api.w.org\/{rel}","templated":true}]}}