{"id":1489,"date":"2020-05-09T09:39:20","date_gmt":"2020-05-09T09:39:20","guid":{"rendered":"https:\/\/progift.fi\/?page_id=1489"},"modified":"2020-08-19T15:52:04","modified_gmt":"2020-08-19T15:52:04","slug":"parkit-parkkikiekko","status":"publish","type":"page","link":"https:\/\/progift.fi\/index.php\/parkit-parkkikiekko\/","title":{"rendered":"Parkit-Parkkikiekko"},"content":{"rendered":"\t\t<div data-elementor-type=\"wp-page\" data-elementor-id=\"1489\" class=\"elementor elementor-1489\" data-elementor-settings=\"[]\">\n\t\t\t\t\t\t<div class=\"elementor-inner\">\n\t\t\t\t\t\t\t<div class=\"elementor-section-wrap\">\n\t\t\t\t\t\t\t<section class=\"elementor-section elementor-top-section elementor-element elementor-element-df7519e elementor-section-boxed elementor-section-height-default elementor-section-height-default\" data-id=\"df7519e\" data-element_type=\"section\">\n\t\t\t\t\t\t<div class=\"elementor-container elementor-column-gap-default\">\n\t\t\t\t\t\t\t<div class=\"elementor-row\">\n\t\t\t\t\t<div class=\"elementor-column elementor-col-100 elementor-top-column elementor-element elementor-element-2a1f189\" data-id=\"2a1f189\" data-element_type=\"column\">\n\t\t\t<div class=\"elementor-column-wrap\">\n\t\t\t\t\t\t\t<div class=\"elementor-widget-wrap\">\n\t\t\t\t\t\t\t\t<\/div>\n\t\t\t\t\t<\/div>\n\t\t<\/div>\n\t\t\t\t\t\t\t\t<\/div>\n\t\t\t\t\t<\/div>\n\t\t<\/section>\n\t\t\t\t<section class=\"elementor-section elementor-top-section elementor-element elementor-element-b293bdd elementor-section-boxed elementor-section-height-default elementor-section-height-default\" data-id=\"b293bdd\" data-element_type=\"section\">\n\t\t\t\t\t\t<div class=\"elementor-container elementor-column-gap-default\">\n\t\t\t\t\t\t\t<div class=\"elementor-row\">\n\t\t\t\t\t<div class=\"elementor-column elementor-col-50 elementor-top-column elementor-element elementor-element-fdc0d81\" data-id=\"fdc0d81\" data-element_type=\"column\">\n\t\t\t<div class=\"elementor-column-wrap elementor-element-populated\">\n\t\t\t\t\t\t\t<div class=\"elementor-widget-wrap\">\n\t\t\t\t\t\t<div class=\"elementor-element elementor-element-d084eb8 elementor-widget elementor-widget-image\" data-id=\"d084eb8\" data-element_type=\"widget\" data-widget_type=\"image.default\">\n\t\t\t\t<div class=\"elementor-widget-container\">\n\t\t\t\t\t<div class=\"elementor-image\">\n\t\t\t\t\t\t\t\t\t\t<img width=\"1000\" height=\"1000\" src=\"https:\/\/progift.fi\/wp-content\/uploads\/2020\/08\/parkit_parkkikiekko.jpg\" class=\"attachment-large size-large\" alt=\"\" loading=\"lazy\" srcset=\"https:\/\/progift.fi\/wp-content\/uploads\/2020\/08\/parkit_parkkikiekko.jpg 1000w, https:\/\/progift.fi\/wp-content\/uploads\/2020\/08\/parkit_parkkikiekko-300x300.jpg 300w, https:\/\/progift.fi\/wp-content\/uploads\/2020\/08\/parkit_parkkikiekko-150x150.jpg 150w, https:\/\/progift.fi\/wp-content\/uploads\/2020\/08\/parkit_parkkikiekko-768x768.jpg 768w\" sizes=\"(max-width: 1000px) 100vw, 1000px\" \/>\t\t\t\t\t\t\t\t\t\t\t<\/div>\n\t\t\t\t<\/div>\n\t\t\t\t<\/div>\n\t\t\t\t\t\t<\/div>\n\t\t\t\t\t<\/div>\n\t\t<\/div>\n\t\t\t\t<div class=\"elementor-column elementor-col-50 elementor-top-column elementor-element elementor-element-a3dda70\" data-id=\"a3dda70\" data-element_type=\"column\">\n\t\t\t<div class=\"elementor-column-wrap elementor-element-populated\">\n\t\t\t\t\t\t\t<div class=\"elementor-widget-wrap\">\n\t\t\t\t\t\t<div class=\"elementor-element elementor-element-d46e776 elementor-widget elementor-widget-text-editor\" data-id=\"d46e776\" data-element_type=\"widget\" data-widget_type=\"text-editor.default\">\n\t\t\t\t<div class=\"elementor-widget-container\">\n\t\t\t\t\t<div class=\"elementor-text-editor elementor-clearfix\"><h3 style=\"font-size: 1.66667rem; font-style: normal;\"><span style=\"font-size: 1.66667rem; font-style: normal;\">\u00a0<\/span><\/h3><h3 style=\"font-size: 1.66667rem; font-style: normal;\"><span style=\"font-size: 1.66667rem; font-style: normal;\">Parkit-parkkikiekot<\/span><\/h3><p style=\"font-size: 15px; font-style: normal; font-weight: 400;\">\u00a0<\/p><p>Parkkikiekon uusi muoto, kiinnit\u00e4 auton tuulilasin aurinkolippaan. Valmistettu 26 % kierr\u00e4tysmuovista. Sama sama malli saatavilla my\u00f6s 100 % kierr\u00e4tysmuovista valmistettuna<\/p><p style=\"font-size: 15px; font-style: normal; font-weight: 400;\">Hinta alkaen (ilman painatusta): \u00a01,60 \u20ac\/kpl<\/p><\/div>\n\t\t\t\t<\/div>\n\t\t\t\t<\/div>\n\t\t\t\t\t\t<\/div>\n\t\t\t\t\t<\/div>\n\t\t<\/div>\n\t\t\t\t\t\t\t\t<\/div>\n\t\t\t\t\t<\/div>\n\t\t<\/section>\n\t\t\t\t\t\t<\/div>\n\t\t\t\t\t\t<\/div>\n\t\t\t\t\t<\/div>\n\t\t","protected":false},"excerpt":{"rendered":"<p>\u00a0 Parkit-parkkikiekot \u00a0 Parkkikiekon uusi muoto, kiinnit\u00e4 auton tuulilasin aurinkolippaan. Valmistettu 26 % kierr\u00e4tysmuovista. Sama sama malli saatavilla my\u00f6s 100 % kierr\u00e4tysmuovista valmistettuna Hinta alkaen (ilman painatusta): \u00a01,60 \u20ac\/kpl<\/p>\n","protected":false},"author":1,"featured_media":0,"parent":0,"menu_order":0,"comment_status":"closed","ping_status":"closed","template":"","meta":[],"_links":{"self":[{"href":"https:\/\/progift.fi\/index.php\/wp-json\/wp\/v2\/pages\/1489"}],"collection":[{"href":"https:\/\/progift.fi\/index.php\/wp-json\/wp\/v2\/pages"}],"about":[{"href":"https:\/\/progift.fi\/index.php\/wp-json\/wp\/v2\/types\/page"}],"author":[{"embeddable":true,"href":"https:\/\/progift.fi\/index.php\/wp-json\/wp\/v2\/users\/1"}],"replies":[{"embeddable":true,"href":"https:\/\/progift.fi\/index.php\/wp-json\/wp\/v2\/comments?post=1489"}],"version-history":[{"count":4,"href":"https:\/\/progift.fi\/index.php\/wp-json\/wp\/v2\/pages\/1489\/revisions"}],"predecessor-version":[{"id":1674,"href":"https:\/\/progift.fi\/index.php\/wp-json\/wp\/v2\/pages\/1489\/revisions\/1674"}],"wp:attachment":[{"href":"https:\/\/progift.fi\/index.php\/wp-json\/wp\/v2\/media?parent=1489"}],"curies":[{"name":"wp","href":"https:\/\/api.w.org\/{rel}","templated":true}]}}