{"id":1499,"date":"2020-05-09T09:46:59","date_gmt":"2020-05-09T09:46:59","guid":{"rendered":"https:\/\/progift.fi\/?page_id=1499"},"modified":"2020-08-19T14:44:58","modified_gmt":"2020-08-19T14:44:58","slug":"xylitol-purukumi","status":"publish","type":"page","link":"https:\/\/progift.fi\/index.php\/xylitol-purukumi\/","title":{"rendered":"Xylitol-purukumi"},"content":{"rendered":"\t\t<div data-elementor-type=\"wp-page\" data-elementor-id=\"1499\" class=\"elementor elementor-1499\" data-elementor-settings=\"[]\">\n\t\t\t\t\t\t<div class=\"elementor-inner\">\n\t\t\t\t\t\t\t<div class=\"elementor-section-wrap\">\n\t\t\t\t\t\t\t<section class=\"elementor-section elementor-top-section elementor-element elementor-element-4ec4c0e elementor-section-boxed elementor-section-height-default elementor-section-height-default\" data-id=\"4ec4c0e\" data-element_type=\"section\">\n\t\t\t\t\t\t<div class=\"elementor-container elementor-column-gap-default\">\n\t\t\t\t\t\t\t<div class=\"elementor-row\">\n\t\t\t\t\t<div class=\"elementor-column elementor-col-100 elementor-top-column elementor-element elementor-element-d459323\" data-id=\"d459323\" data-element_type=\"column\">\n\t\t\t<div class=\"elementor-column-wrap\">\n\t\t\t\t\t\t\t<div class=\"elementor-widget-wrap\">\n\t\t\t\t\t\t\t\t<\/div>\n\t\t\t\t\t<\/div>\n\t\t<\/div>\n\t\t\t\t\t\t\t\t<\/div>\n\t\t\t\t\t<\/div>\n\t\t<\/section>\n\t\t\t\t<section class=\"elementor-section elementor-top-section elementor-element elementor-element-38d24d7 elementor-section-boxed elementor-section-height-default elementor-section-height-default\" data-id=\"38d24d7\" data-element_type=\"section\">\n\t\t\t\t\t\t<div class=\"elementor-container elementor-column-gap-default\">\n\t\t\t\t\t\t\t<div class=\"elementor-row\">\n\t\t\t\t\t<div class=\"elementor-column elementor-col-50 elementor-top-column elementor-element elementor-element-b51e225\" data-id=\"b51e225\" data-element_type=\"column\">\n\t\t\t<div class=\"elementor-column-wrap elementor-element-populated\">\n\t\t\t\t\t\t\t<div class=\"elementor-widget-wrap\">\n\t\t\t\t\t\t<div class=\"elementor-element elementor-element-ea4c0dc elementor-widget elementor-widget-image\" data-id=\"ea4c0dc\" data-element_type=\"widget\" data-widget_type=\"image.default\">\n\t\t\t\t<div class=\"elementor-widget-container\">\n\t\t\t\t\t<div class=\"elementor-image\">\n\t\t\t\t\t\t\t\t\t\t<img width=\"1000\" height=\"1000\" src=\"https:\/\/progift.fi\/wp-content\/uploads\/2020\/08\/xylitolipurukumi.jpg\" class=\"attachment-large size-large\" alt=\"\" loading=\"lazy\" srcset=\"https:\/\/progift.fi\/wp-content\/uploads\/2020\/08\/xylitolipurukumi.jpg 1000w, https:\/\/progift.fi\/wp-content\/uploads\/2020\/08\/xylitolipurukumi-300x300.jpg 300w, https:\/\/progift.fi\/wp-content\/uploads\/2020\/08\/xylitolipurukumi-150x150.jpg 150w, https:\/\/progift.fi\/wp-content\/uploads\/2020\/08\/xylitolipurukumi-768x768.jpg 768w\" sizes=\"(max-width: 1000px) 100vw, 1000px\" \/>\t\t\t\t\t\t\t\t\t\t\t<\/div>\n\t\t\t\t<\/div>\n\t\t\t\t<\/div>\n\t\t\t\t\t\t<\/div>\n\t\t\t\t\t<\/div>\n\t\t<\/div>\n\t\t\t\t<div class=\"elementor-column elementor-col-50 elementor-top-column elementor-element elementor-element-3637db9\" data-id=\"3637db9\" data-element_type=\"column\">\n\t\t\t<div class=\"elementor-column-wrap elementor-element-populated\">\n\t\t\t\t\t\t\t<div class=\"elementor-widget-wrap\">\n\t\t\t\t\t\t<div class=\"elementor-element elementor-element-3600f3c elementor-widget elementor-widget-text-editor\" data-id=\"3600f3c\" data-element_type=\"widget\" data-widget_type=\"text-editor.default\">\n\t\t\t\t<div class=\"elementor-widget-container\">\n\t\t\t\t\t<div class=\"elementor-text-editor elementor-clearfix\"><p><span style=\"color: #3a3a3a;\"><span style=\"font-size: 25px;\">\u00a0<\/span><\/span><\/p><p><span style=\"color: #3a3a3a;\"><span style=\"font-size: 25px;\">Xylitol-purukumi<\/span><\/span><\/p><p>pakattu 60&#215;50 mm pussiin omilla painatuksilla kummallekin puolelle. Saatavilla 3, 2 tai yhden palan pusseja. Mahdollisuus my\u00f6s xylitol-pastilliin. Kotimainen tuote.<\/p><p><span style=\"font-size: 15px;\">Hinta pyydett\u00e4ess\u00e4<\/span><\/p><\/div>\n\t\t\t\t<\/div>\n\t\t\t\t<\/div>\n\t\t\t\t\t\t<\/div>\n\t\t\t\t\t<\/div>\n\t\t<\/div>\n\t\t\t\t\t\t\t\t<\/div>\n\t\t\t\t\t<\/div>\n\t\t<\/section>\n\t\t\t\t\t\t<\/div>\n\t\t\t\t\t\t<\/div>\n\t\t\t\t\t<\/div>\n\t\t","protected":false},"excerpt":{"rendered":"<p>\u00a0 Xylitol-purukumi pakattu 60&#215;50 mm pussiin omilla painatuksilla kummallekin puolelle. Saatavilla 3, 2 tai yhden palan pusseja. Mahdollisuus my\u00f6s xylitol-pastilliin. Kotimainen tuote. Hinta pyydett\u00e4ess\u00e4<\/p>\n","protected":false},"author":1,"featured_media":0,"parent":0,"menu_order":0,"comment_status":"closed","ping_status":"closed","template":"","meta":[],"_links":{"self":[{"href":"https:\/\/progift.fi\/index.php\/wp-json\/wp\/v2\/pages\/1499"}],"collection":[{"href":"https:\/\/progift.fi\/index.php\/wp-json\/wp\/v2\/pages"}],"about":[{"href":"https:\/\/progift.fi\/index.php\/wp-json\/wp\/v2\/types\/page"}],"author":[{"embeddable":true,"href":"https:\/\/progift.fi\/index.php\/wp-json\/wp\/v2\/users\/1"}],"replies":[{"embeddable":true,"href":"https:\/\/progift.fi\/index.php\/wp-json\/wp\/v2\/comments?post=1499"}],"version-history":[{"count":3,"href":"https:\/\/progift.fi\/index.php\/wp-json\/wp\/v2\/pages\/1499\/revisions"}],"predecessor-version":[{"id":1628,"href":"https:\/\/progift.fi\/index.php\/wp-json\/wp\/v2\/pages\/1499\/revisions\/1628"}],"wp:attachment":[{"href":"https:\/\/progift.fi\/index.php\/wp-json\/wp\/v2\/media?parent=1499"}],"curies":[{"name":"wp","href":"https:\/\/api.w.org\/{rel}","templated":true}]}}