{"id":1520,"date":"2020-05-09T09:54:47","date_gmt":"2020-05-09T09:54:47","guid":{"rendered":"https:\/\/progift.fi\/?page_id=1520"},"modified":"2020-08-19T15:02:13","modified_gmt":"2020-08-19T15:02:13","slug":"tuubikaulanauha","status":"publish","type":"page","link":"https:\/\/progift.fi\/index.php\/tuubikaulanauha\/","title":{"rendered":"Tuubikaulanauha"},"content":{"rendered":"\t\t<div data-elementor-type=\"wp-page\" data-elementor-id=\"1520\" class=\"elementor elementor-1520\" data-elementor-settings=\"[]\">\n\t\t\t\t\t\t<div class=\"elementor-inner\">\n\t\t\t\t\t\t\t<div class=\"elementor-section-wrap\">\n\t\t\t\t\t\t\t<section class=\"elementor-section elementor-top-section elementor-element elementor-element-dcca987 elementor-section-boxed elementor-section-height-default elementor-section-height-default\" data-id=\"dcca987\" data-element_type=\"section\">\n\t\t\t\t\t\t<div class=\"elementor-container elementor-column-gap-default\">\n\t\t\t\t\t\t\t<div class=\"elementor-row\">\n\t\t\t\t\t<div class=\"elementor-column elementor-col-100 elementor-top-column elementor-element elementor-element-262ca78\" data-id=\"262ca78\" data-element_type=\"column\">\n\t\t\t<div class=\"elementor-column-wrap\">\n\t\t\t\t\t\t\t<div class=\"elementor-widget-wrap\">\n\t\t\t\t\t\t\t\t<\/div>\n\t\t\t\t\t<\/div>\n\t\t<\/div>\n\t\t\t\t\t\t\t\t<\/div>\n\t\t\t\t\t<\/div>\n\t\t<\/section>\n\t\t\t\t<section class=\"elementor-section elementor-top-section elementor-element elementor-element-7059822 elementor-section-boxed elementor-section-height-default elementor-section-height-default\" data-id=\"7059822\" data-element_type=\"section\">\n\t\t\t\t\t\t<div class=\"elementor-container elementor-column-gap-default\">\n\t\t\t\t\t\t\t<div class=\"elementor-row\">\n\t\t\t\t\t<div class=\"elementor-column elementor-col-50 elementor-top-column elementor-element elementor-element-2eb5d7a\" data-id=\"2eb5d7a\" data-element_type=\"column\">\n\t\t\t<div class=\"elementor-column-wrap elementor-element-populated\">\n\t\t\t\t\t\t\t<div class=\"elementor-widget-wrap\">\n\t\t\t\t\t\t<div class=\"elementor-element elementor-element-382fc20 elementor-widget elementor-widget-image\" data-id=\"382fc20\" data-element_type=\"widget\" data-widget_type=\"image.default\">\n\t\t\t\t<div class=\"elementor-widget-container\">\n\t\t\t\t\t<div class=\"elementor-image\">\n\t\t\t\t\t\t\t\t\t\t<img width=\"1000\" height=\"1000\" src=\"https:\/\/progift.fi\/wp-content\/uploads\/2020\/08\/tuubikaulanauha.jpg\" class=\"attachment-large size-large\" alt=\"\" loading=\"lazy\" srcset=\"https:\/\/progift.fi\/wp-content\/uploads\/2020\/08\/tuubikaulanauha.jpg 1000w, https:\/\/progift.fi\/wp-content\/uploads\/2020\/08\/tuubikaulanauha-300x300.jpg 300w, https:\/\/progift.fi\/wp-content\/uploads\/2020\/08\/tuubikaulanauha-150x150.jpg 150w, https:\/\/progift.fi\/wp-content\/uploads\/2020\/08\/tuubikaulanauha-768x768.jpg 768w\" sizes=\"(max-width: 1000px) 100vw, 1000px\" \/>\t\t\t\t\t\t\t\t\t\t\t<\/div>\n\t\t\t\t<\/div>\n\t\t\t\t<\/div>\n\t\t\t\t\t\t<\/div>\n\t\t\t\t\t<\/div>\n\t\t<\/div>\n\t\t\t\t<div class=\"elementor-column elementor-col-50 elementor-top-column elementor-element elementor-element-4cfbf97\" data-id=\"4cfbf97\" data-element_type=\"column\">\n\t\t\t<div class=\"elementor-column-wrap elementor-element-populated\">\n\t\t\t\t\t\t\t<div class=\"elementor-widget-wrap\">\n\t\t\t\t\t\t<div class=\"elementor-element elementor-element-0904e08 elementor-widget elementor-widget-text-editor\" data-id=\"0904e08\" data-element_type=\"widget\" data-widget_type=\"text-editor.default\">\n\t\t\t\t<div class=\"elementor-widget-container\">\n\t\t\t\t\t<div class=\"elementor-text-editor elementor-clearfix\"><p style=\"font-size: 15px; font-style: normal; font-weight: 400;\"><span style=\"font-size: 15px; color: #3a3a3a;\"><span style=\"font-size: 25px;\">\u00a0<\/span><\/span><\/p><p style=\"font-size: 15px; font-style: normal; font-weight: 400;\"><span style=\"font-size: 15px; color: #3a3a3a;\"><span style=\"font-size: 25px;\">Tuubikaulanauha<\/span><\/span><\/p><p>Kapea pehme\u00e4 tuubikaulanauha, johon saa 1-v\u00e4ripainatuksen. Saatavilla eri leveyksin\u00e4 ja eri kiinnitysvaihtoehdoilla. Kysy tarjous tarpeesi mukaan.<\/p><p><span style=\"font-size: 15px;\">Hinta pyydett\u00e4ess\u00e4<\/span><\/p><\/div>\n\t\t\t\t<\/div>\n\t\t\t\t<\/div>\n\t\t\t\t\t\t<\/div>\n\t\t\t\t\t<\/div>\n\t\t<\/div>\n\t\t\t\t\t\t\t\t<\/div>\n\t\t\t\t\t<\/div>\n\t\t<\/section>\n\t\t\t\t\t\t<\/div>\n\t\t\t\t\t\t<\/div>\n\t\t\t\t\t<\/div>\n\t\t","protected":false},"excerpt":{"rendered":"<p>\u00a0 Tuubikaulanauha Kapea pehme\u00e4 tuubikaulanauha, johon saa 1-v\u00e4ripainatuksen. Saatavilla eri leveyksin\u00e4 ja eri kiinnitysvaihtoehdoilla. Kysy tarjous tarpeesi mukaan. Hinta pyydett\u00e4ess\u00e4<\/p>\n","protected":false},"author":1,"featured_media":0,"parent":0,"menu_order":0,"comment_status":"closed","ping_status":"closed","template":"","meta":[],"_links":{"self":[{"href":"https:\/\/progift.fi\/index.php\/wp-json\/wp\/v2\/pages\/1520"}],"collection":[{"href":"https:\/\/progift.fi\/index.php\/wp-json\/wp\/v2\/pages"}],"about":[{"href":"https:\/\/progift.fi\/index.php\/wp-json\/wp\/v2\/types\/page"}],"author":[{"embeddable":true,"href":"https:\/\/progift.fi\/index.php\/wp-json\/wp\/v2\/users\/1"}],"replies":[{"embeddable":true,"href":"https:\/\/progift.fi\/index.php\/wp-json\/wp\/v2\/comments?post=1520"}],"version-history":[{"count":3,"href":"https:\/\/progift.fi\/index.php\/wp-json\/wp\/v2\/pages\/1520\/revisions"}],"predecessor-version":[{"id":1645,"href":"https:\/\/progift.fi\/index.php\/wp-json\/wp\/v2\/pages\/1520\/revisions\/1645"}],"wp:attachment":[{"href":"https:\/\/progift.fi\/index.php\/wp-json\/wp\/v2\/media?parent=1520"}],"curies":[{"name":"wp","href":"https:\/\/api.w.org\/{rel}","templated":true}]}}