{"id":1540,"date":"2020-05-09T10:03:15","date_gmt":"2020-05-09T10:03:15","guid":{"rendered":"https:\/\/progift.fi\/?page_id=1540"},"modified":"2020-08-19T15:22:42","modified_gmt":"2020-08-19T15:22:42","slug":"web-kameran-suoja","status":"publish","type":"page","link":"https:\/\/progift.fi\/index.php\/web-kameran-suoja\/","title":{"rendered":"WEB-kameran suoja"},"content":{"rendered":"\t\t<div data-elementor-type=\"wp-page\" data-elementor-id=\"1540\" class=\"elementor elementor-1540\" data-elementor-settings=\"[]\">\n\t\t\t\t\t\t<div class=\"elementor-inner\">\n\t\t\t\t\t\t\t<div class=\"elementor-section-wrap\">\n\t\t\t\t\t\t\t<section class=\"elementor-section elementor-top-section elementor-element elementor-element-4d350b3 elementor-section-boxed elementor-section-height-default elementor-section-height-default\" data-id=\"4d350b3\" data-element_type=\"section\">\n\t\t\t\t\t\t<div class=\"elementor-container elementor-column-gap-default\">\n\t\t\t\t\t\t\t<div class=\"elementor-row\">\n\t\t\t\t\t<div class=\"elementor-column elementor-col-100 elementor-top-column elementor-element elementor-element-4bd581f\" data-id=\"4bd581f\" data-element_type=\"column\">\n\t\t\t<div class=\"elementor-column-wrap\">\n\t\t\t\t\t\t\t<div class=\"elementor-widget-wrap\">\n\t\t\t\t\t\t\t\t<\/div>\n\t\t\t\t\t<\/div>\n\t\t<\/div>\n\t\t\t\t\t\t\t\t<\/div>\n\t\t\t\t\t<\/div>\n\t\t<\/section>\n\t\t\t\t<section class=\"elementor-section elementor-top-section elementor-element elementor-element-87890ac elementor-section-boxed elementor-section-height-default elementor-section-height-default\" data-id=\"87890ac\" data-element_type=\"section\">\n\t\t\t\t\t\t<div class=\"elementor-container elementor-column-gap-default\">\n\t\t\t\t\t\t\t<div class=\"elementor-row\">\n\t\t\t\t\t<div class=\"elementor-column elementor-col-50 elementor-top-column elementor-element elementor-element-d4e39da\" data-id=\"d4e39da\" data-element_type=\"column\">\n\t\t\t<div class=\"elementor-column-wrap elementor-element-populated\">\n\t\t\t\t\t\t\t<div class=\"elementor-widget-wrap\">\n\t\t\t\t\t\t<div class=\"elementor-element elementor-element-0872397 elementor-widget elementor-widget-image\" data-id=\"0872397\" data-element_type=\"widget\" data-widget_type=\"image.default\">\n\t\t\t\t<div class=\"elementor-widget-container\">\n\t\t\t\t\t<div class=\"elementor-image\">\n\t\t\t\t\t\t\t\t\t\t<img width=\"1000\" height=\"1000\" src=\"https:\/\/progift.fi\/wp-content\/uploads\/2020\/02\/Webkameransuoja.jpg\" class=\"attachment-large size-large\" alt=\"\" loading=\"lazy\" srcset=\"https:\/\/progift.fi\/wp-content\/uploads\/2020\/02\/Webkameransuoja.jpg 1000w, https:\/\/progift.fi\/wp-content\/uploads\/2020\/02\/Webkameransuoja-300x300.jpg 300w, https:\/\/progift.fi\/wp-content\/uploads\/2020\/02\/Webkameransuoja-150x150.jpg 150w, https:\/\/progift.fi\/wp-content\/uploads\/2020\/02\/Webkameransuoja-768x768.jpg 768w\" sizes=\"(max-width: 1000px) 100vw, 1000px\" \/>\t\t\t\t\t\t\t\t\t\t\t<\/div>\n\t\t\t\t<\/div>\n\t\t\t\t<\/div>\n\t\t\t\t\t\t<\/div>\n\t\t\t\t\t<\/div>\n\t\t<\/div>\n\t\t\t\t<div class=\"elementor-column elementor-col-50 elementor-top-column elementor-element elementor-element-3268275\" data-id=\"3268275\" data-element_type=\"column\">\n\t\t\t<div class=\"elementor-column-wrap elementor-element-populated\">\n\t\t\t\t\t\t\t<div class=\"elementor-widget-wrap\">\n\t\t\t\t\t\t<div class=\"elementor-element elementor-element-483eef8 elementor-widget elementor-widget-text-editor\" data-id=\"483eef8\" data-element_type=\"widget\" data-widget_type=\"text-editor.default\">\n\t\t\t\t<div class=\"elementor-widget-container\">\n\t\t\t\t\t<div class=\"elementor-text-editor elementor-clearfix\"><p style=\"font-size: 15px; font-style: normal; font-weight: 400;\"><span style=\"font-size: 15px; color: #3a3a3a;\"><span style=\"font-size: 25px;\">\u00a0<\/span><\/span><\/p><p style=\"font-size: 15px; font-style: normal; font-weight: 400;\"><span style=\"font-size: 15px; color: #3a3a3a;\"><span style=\"font-size: 25px;\">Web-kameran suoja<\/span><\/span><\/p><p>Turvaa yrityksellesi ja asiakkaillesi. Uutuustuote web-kameran suoja omilla painatuksilla. Saat oman painatuksen moniv\u00e4risesti sek\u00e4 taustakorttiin, ett\u00e4 kameransuojaan. Itse tuotetta saa joko mustana tai valkoisena.<\/p><p><span style=\"font-size: 15px;\">Helppo kiinnitt\u00e4\u00e4 tietokoneeseen, poista teippi taustalta ja kiinnit\u00e4 suoja kameran eteen. Liu&#8217;uta luukkua, niin saat kameraasi suojan kun et sit\u00e4 k\u00e4yt\u00e4.<\/span><\/p><p><span style=\"font-size: 15px;\">Hinta alkaen: 1,65 \u20ac\/kpl<\/span><\/p><div>\u00a0<\/div><\/div>\n\t\t\t\t<\/div>\n\t\t\t\t<\/div>\n\t\t\t\t\t\t<\/div>\n\t\t\t\t\t<\/div>\n\t\t<\/div>\n\t\t\t\t\t\t\t\t<\/div>\n\t\t\t\t\t<\/div>\n\t\t<\/section>\n\t\t\t\t\t\t<\/div>\n\t\t\t\t\t\t<\/div>\n\t\t\t\t\t<\/div>\n\t\t","protected":false},"excerpt":{"rendered":"<p>\u00a0 Web-kameran suoja Turvaa yrityksellesi ja asiakkaillesi. Uutuustuote web-kameran suoja omilla painatuksilla. Saat oman painatuksen moniv\u00e4risesti sek\u00e4 taustakorttiin, ett\u00e4 kameransuojaan. Itse tuotetta saa joko mustana tai valkoisena. Helppo kiinnitt\u00e4\u00e4 tietokoneeseen, poista teippi taustalta ja kiinnit\u00e4 suoja kameran eteen. Liu&#8217;uta luukkua, niin saat kameraasi suojan kun et sit\u00e4 k\u00e4yt\u00e4. Hinta alkaen: 1,65 \u20ac\/kpl \u00a0<\/p>\n","protected":false},"author":1,"featured_media":0,"parent":0,"menu_order":0,"comment_status":"closed","ping_status":"closed","template":"","meta":[],"_links":{"self":[{"href":"https:\/\/progift.fi\/index.php\/wp-json\/wp\/v2\/pages\/1540"}],"collection":[{"href":"https:\/\/progift.fi\/index.php\/wp-json\/wp\/v2\/pages"}],"about":[{"href":"https:\/\/progift.fi\/index.php\/wp-json\/wp\/v2\/types\/page"}],"author":[{"embeddable":true,"href":"https:\/\/progift.fi\/index.php\/wp-json\/wp\/v2\/users\/1"}],"replies":[{"embeddable":true,"href":"https:\/\/progift.fi\/index.php\/wp-json\/wp\/v2\/comments?post=1540"}],"version-history":[{"count":3,"href":"https:\/\/progift.fi\/index.php\/wp-json\/wp\/v2\/pages\/1540\/revisions"}],"predecessor-version":[{"id":1654,"href":"https:\/\/progift.fi\/index.php\/wp-json\/wp\/v2\/pages\/1540\/revisions\/1654"}],"wp:attachment":[{"href":"https:\/\/progift.fi\/index.php\/wp-json\/wp\/v2\/media?parent=1540"}],"curies":[{"name":"wp","href":"https:\/\/api.w.org\/{rel}","templated":true}]}}