{"id":1599,"date":"2020-08-12T16:38:49","date_gmt":"2020-08-12T16:38:49","guid":{"rendered":"https:\/\/progift.fi\/?page_id=1599"},"modified":"2020-08-12T16:40:57","modified_gmt":"2020-08-12T16:40:57","slug":"helly-hansen-workware-veto-laukku-50-l","status":"publish","type":"page","link":"https:\/\/progift.fi\/index.php\/helly-hansen-workware-veto-laukku-50-l\/","title":{"rendered":"Helly Hansen Workware veto-laukku 50 l"},"content":{"rendered":"\t\t<div data-elementor-type=\"wp-page\" data-elementor-id=\"1599\" class=\"elementor elementor-1599\" data-elementor-settings=\"[]\">\n\t\t\t\t\t\t<div class=\"elementor-inner\">\n\t\t\t\t\t\t\t<div class=\"elementor-section-wrap\">\n\t\t\t\t\t\t\t<section class=\"elementor-section elementor-top-section elementor-element elementor-element-ffb0175 elementor-section-boxed elementor-section-height-default elementor-section-height-default\" data-id=\"ffb0175\" data-element_type=\"section\">\n\t\t\t\t\t\t<div class=\"elementor-container elementor-column-gap-default\">\n\t\t\t\t\t\t\t<div class=\"elementor-row\">\n\t\t\t\t\t<div class=\"elementor-column elementor-col-100 elementor-top-column elementor-element elementor-element-c1e9fe9\" data-id=\"c1e9fe9\" data-element_type=\"column\">\n\t\t\t<div class=\"elementor-column-wrap elementor-element-populated\">\n\t\t\t\t\t\t\t<div class=\"elementor-widget-wrap\">\n\t\t\t\t\t\t<div class=\"elementor-element elementor-element-7b7b7e8 elementor-widget elementor-widget-spacer\" data-id=\"7b7b7e8\" data-element_type=\"widget\" data-widget_type=\"spacer.default\">\n\t\t\t\t<div class=\"elementor-widget-container\">\n\t\t\t\t\t<div class=\"elementor-spacer\">\n\t\t\t<div class=\"elementor-spacer-inner\"><\/div>\n\t\t<\/div>\n\t\t\t\t<\/div>\n\t\t\t\t<\/div>\n\t\t\t\t\t\t<\/div>\n\t\t\t\t\t<\/div>\n\t\t<\/div>\n\t\t\t\t\t\t\t\t<\/div>\n\t\t\t\t\t<\/div>\n\t\t<\/section>\n\t\t\t\t<section class=\"elementor-section elementor-top-section elementor-element elementor-element-519e814 elementor-section-boxed elementor-section-height-default elementor-section-height-default\" data-id=\"519e814\" data-element_type=\"section\">\n\t\t\t\t\t\t<div class=\"elementor-container elementor-column-gap-default\">\n\t\t\t\t\t\t\t<div class=\"elementor-row\">\n\t\t\t\t\t<div class=\"elementor-column elementor-col-50 elementor-top-column elementor-element elementor-element-011ddf0\" data-id=\"011ddf0\" data-element_type=\"column\">\n\t\t\t<div class=\"elementor-column-wrap elementor-element-populated\">\n\t\t\t\t\t\t\t<div class=\"elementor-widget-wrap\">\n\t\t\t\t\t\t<div class=\"elementor-element elementor-element-806c144 elementor-widget elementor-widget-image\" data-id=\"806c144\" data-element_type=\"widget\" data-widget_type=\"image.default\">\n\t\t\t\t<div class=\"elementor-widget-container\">\n\t\t\t\t\t<div class=\"elementor-image\">\n\t\t\t\t\t\t\t\t\t\t<img width=\"1000\" height=\"1000\" src=\"https:\/\/progift.fi\/wp-content\/uploads\/2020\/08\/Helly_Hansen_Workware_vetolaukku_50L.jpg\" class=\"attachment-large size-large\" alt=\"\" loading=\"lazy\" srcset=\"https:\/\/progift.fi\/wp-content\/uploads\/2020\/08\/Helly_Hansen_Workware_vetolaukku_50L.jpg 1000w, https:\/\/progift.fi\/wp-content\/uploads\/2020\/08\/Helly_Hansen_Workware_vetolaukku_50L-300x300.jpg 300w, https:\/\/progift.fi\/wp-content\/uploads\/2020\/08\/Helly_Hansen_Workware_vetolaukku_50L-150x150.jpg 150w, https:\/\/progift.fi\/wp-content\/uploads\/2020\/08\/Helly_Hansen_Workware_vetolaukku_50L-768x768.jpg 768w\" sizes=\"(max-width: 1000px) 100vw, 1000px\" \/>\t\t\t\t\t\t\t\t\t\t\t<\/div>\n\t\t\t\t<\/div>\n\t\t\t\t<\/div>\n\t\t\t\t\t\t<\/div>\n\t\t\t\t\t<\/div>\n\t\t<\/div>\n\t\t\t\t<div class=\"elementor-column elementor-col-50 elementor-top-column elementor-element elementor-element-f7d8f71\" data-id=\"f7d8f71\" data-element_type=\"column\">\n\t\t\t<div class=\"elementor-column-wrap elementor-element-populated\">\n\t\t\t\t\t\t\t<div class=\"elementor-widget-wrap\">\n\t\t\t\t\t\t<div class=\"elementor-element elementor-element-9fd8ea9 elementor-widget elementor-widget-text-editor\" data-id=\"9fd8ea9\" data-element_type=\"widget\" data-widget_type=\"text-editor.default\">\n\t\t\t\t<div class=\"elementor-widget-container\">\n\t\t\t\t\t<div class=\"elementor-text-editor elementor-clearfix\"><h3>Helly Hansen Workware veto-laukku 50 l\u00a0<\/h3><ul><li><span style=\"color: #7a7a7a;\"><span style=\"font-size: 15px;\">Materiaali: 100 % nailonia<\/span><\/span><\/li><li><span style=\"font-size: 15px;\">Tilavuus: 50 litraa<\/span><\/li><li>Vedenkest\u00e4v\u00e4\u00e4 vahvaa kangasta<\/li><li>P\u00e4\u00e4osiossa kaksisuuntainen vetoketju<\/li><li>Vetoketjullinen ulkotasku, avattavissa ulko- ja sis\u00e4puolelta<\/li><li>Soveltuu lentokoneen matkustamossa kuljetettavaksi<\/li><li>S\u00e4\u00e4dett\u00e4v\u00e4 kahva<\/li><li>Kantokahva<\/li><li>Vankat py\u00f6r\u00e4t<\/li><li>Tuotemitat: 34 x 55 x 24 cm<\/li><li>Takuu 1 vuosi<\/li><\/ul><p><span style=\"color: #7a7a7a;\"><span style=\"font-size: 15px;\">Hinta alkaen 112\u20ac<\/span><\/span><\/p><p>\u00a0<\/p><\/div>\n\t\t\t\t<\/div>\n\t\t\t\t<\/div>\n\t\t\t\t\t\t<\/div>\n\t\t\t\t\t<\/div>\n\t\t<\/div>\n\t\t\t\t\t\t\t\t<\/div>\n\t\t\t\t\t<\/div>\n\t\t<\/section>\n\t\t\t\t\t\t<\/div>\n\t\t\t\t\t\t<\/div>\n\t\t\t\t\t<\/div>\n\t\t","protected":false},"excerpt":{"rendered":"<p>Helly Hansen Workware veto-laukku 50 l\u00a0 Materiaali: 100 % nailonia Tilavuus: 50 litraa Vedenkest\u00e4v\u00e4\u00e4 vahvaa kangasta P\u00e4\u00e4osiossa kaksisuuntainen vetoketju Vetoketjullinen ulkotasku, avattavissa ulko- ja sis\u00e4puolelta Soveltuu lentokoneen matkustamossa kuljetettavaksi S\u00e4\u00e4dett\u00e4v\u00e4 kahva Kantokahva Vankat py\u00f6r\u00e4t Tuotemitat: 34 x 55 x 24 cm Takuu 1 vuosi Hinta alkaen 112\u20ac \u00a0<\/p>\n","protected":false},"author":1,"featured_media":0,"parent":0,"menu_order":0,"comment_status":"closed","ping_status":"closed","template":"","meta":[],"_links":{"self":[{"href":"https:\/\/progift.fi\/index.php\/wp-json\/wp\/v2\/pages\/1599"}],"collection":[{"href":"https:\/\/progift.fi\/index.php\/wp-json\/wp\/v2\/pages"}],"about":[{"href":"https:\/\/progift.fi\/index.php\/wp-json\/wp\/v2\/types\/page"}],"author":[{"embeddable":true,"href":"https:\/\/progift.fi\/index.php\/wp-json\/wp\/v2\/users\/1"}],"replies":[{"embeddable":true,"href":"https:\/\/progift.fi\/index.php\/wp-json\/wp\/v2\/comments?post=1599"}],"version-history":[{"count":2,"href":"https:\/\/progift.fi\/index.php\/wp-json\/wp\/v2\/pages\/1599\/revisions"}],"predecessor-version":[{"id":1601,"href":"https:\/\/progift.fi\/index.php\/wp-json\/wp\/v2\/pages\/1599\/revisions\/1601"}],"wp:attachment":[{"href":"https:\/\/progift.fi\/index.php\/wp-json\/wp\/v2\/media?parent=1599"}],"curies":[{"name":"wp","href":"https:\/\/api.w.org\/{rel}","templated":true}]}}