{"id":1655,"date":"2020-08-19T15:31:36","date_gmt":"2020-08-19T15:31:36","guid":{"rendered":"https:\/\/progift.fi\/?page_id=1655"},"modified":"2020-08-19T15:34:07","modified_gmt":"2020-08-19T15:34:07","slug":"mikrokuituliina","status":"publish","type":"page","link":"https:\/\/progift.fi\/index.php\/mikrokuituliina\/","title":{"rendered":"Mikrokuituliina"},"content":{"rendered":"\t\t<div data-elementor-type=\"wp-page\" data-elementor-id=\"1655\" class=\"elementor elementor-1655\" data-elementor-settings=\"[]\">\n\t\t\t\t\t\t<div class=\"elementor-inner\">\n\t\t\t\t\t\t\t<div class=\"elementor-section-wrap\">\n\t\t\t\t\t\t\t<section class=\"elementor-section elementor-top-section elementor-element elementor-element-ffb0175 elementor-section-boxed elementor-section-height-default elementor-section-height-default\" data-id=\"ffb0175\" data-element_type=\"section\">\n\t\t\t\t\t\t<div class=\"elementor-container elementor-column-gap-default\">\n\t\t\t\t\t\t\t<div class=\"elementor-row\">\n\t\t\t\t\t<div class=\"elementor-column elementor-col-100 elementor-top-column elementor-element elementor-element-c1e9fe9\" data-id=\"c1e9fe9\" data-element_type=\"column\">\n\t\t\t<div class=\"elementor-column-wrap elementor-element-populated\">\n\t\t\t\t\t\t\t<div class=\"elementor-widget-wrap\">\n\t\t\t\t\t\t<div class=\"elementor-element elementor-element-7b7b7e8 elementor-widget elementor-widget-spacer\" data-id=\"7b7b7e8\" data-element_type=\"widget\" data-widget_type=\"spacer.default\">\n\t\t\t\t<div class=\"elementor-widget-container\">\n\t\t\t\t\t<div class=\"elementor-spacer\">\n\t\t\t<div class=\"elementor-spacer-inner\"><\/div>\n\t\t<\/div>\n\t\t\t\t<\/div>\n\t\t\t\t<\/div>\n\t\t\t\t\t\t<\/div>\n\t\t\t\t\t<\/div>\n\t\t<\/div>\n\t\t\t\t\t\t\t\t<\/div>\n\t\t\t\t\t<\/div>\n\t\t<\/section>\n\t\t\t\t<section class=\"elementor-section elementor-top-section elementor-element elementor-element-519e814 elementor-section-boxed elementor-section-height-default elementor-section-height-default\" data-id=\"519e814\" data-element_type=\"section\">\n\t\t\t\t\t\t<div class=\"elementor-container elementor-column-gap-default\">\n\t\t\t\t\t\t\t<div class=\"elementor-row\">\n\t\t\t\t\t<div class=\"elementor-column elementor-col-50 elementor-top-column elementor-element elementor-element-011ddf0\" data-id=\"011ddf0\" data-element_type=\"column\">\n\t\t\t<div class=\"elementor-column-wrap elementor-element-populated\">\n\t\t\t\t\t\t\t<div class=\"elementor-widget-wrap\">\n\t\t\t\t\t\t<div class=\"elementor-element elementor-element-806c144 elementor-widget elementor-widget-image\" data-id=\"806c144\" data-element_type=\"widget\" data-widget_type=\"image.default\">\n\t\t\t\t<div class=\"elementor-widget-container\">\n\t\t\t\t\t<div class=\"elementor-image\">\n\t\t\t\t\t\t\t\t\t\t<img width=\"1000\" height=\"1000\" src=\"https:\/\/progift.fi\/wp-content\/uploads\/2020\/08\/mikrokuituliina.jpg\" class=\"attachment-large size-large\" alt=\"\" loading=\"lazy\" srcset=\"https:\/\/progift.fi\/wp-content\/uploads\/2020\/08\/mikrokuituliina.jpg 1000w, https:\/\/progift.fi\/wp-content\/uploads\/2020\/08\/mikrokuituliina-300x300.jpg 300w, https:\/\/progift.fi\/wp-content\/uploads\/2020\/08\/mikrokuituliina-150x150.jpg 150w, https:\/\/progift.fi\/wp-content\/uploads\/2020\/08\/mikrokuituliina-768x768.jpg 768w\" sizes=\"(max-width: 1000px) 100vw, 1000px\" \/>\t\t\t\t\t\t\t\t\t\t\t<\/div>\n\t\t\t\t<\/div>\n\t\t\t\t<\/div>\n\t\t\t\t\t\t<\/div>\n\t\t\t\t\t<\/div>\n\t\t<\/div>\n\t\t\t\t<div class=\"elementor-column elementor-col-50 elementor-top-column elementor-element elementor-element-f7d8f71\" data-id=\"f7d8f71\" data-element_type=\"column\">\n\t\t\t<div class=\"elementor-column-wrap elementor-element-populated\">\n\t\t\t\t\t\t\t<div class=\"elementor-widget-wrap\">\n\t\t\t\t\t\t<div class=\"elementor-element elementor-element-9fd8ea9 elementor-widget elementor-widget-text-editor\" data-id=\"9fd8ea9\" data-element_type=\"widget\" data-widget_type=\"text-editor.default\">\n\t\t\t\t<div class=\"elementor-widget-container\">\n\t\t\t\t\t<div class=\"elementor-text-editor elementor-clearfix\"><h3>Mikrokuituliina<\/h3><h3><span style=\"color: #7a7a7a;\"><span style=\"font-size: 15px;\">Puhdistaa kaikki lasipinnat, silm\u00e4lasit, aurinkolasit, tabletin ja kannettavan n\u00e4ytt\u00f6ruudut, k\u00e4nnyk\u00e4n n\u00e4yt\u00f6n yms. Molemmat puolet saa t\u00e4ysiv\u00e4ripainettuna. Pakkaukset joko muovi- tai pahvikotelo.<\/span><\/span><\/h3><h3><span style=\"color: #7a7a7a;\"><span style=\"font-size: 15px;\">Hinta pyydett\u00e4ess\u00e4<\/span><\/span><\/h3><div>\u00a0<\/div><\/div>\n\t\t\t\t<\/div>\n\t\t\t\t<\/div>\n\t\t\t\t\t\t<\/div>\n\t\t\t\t\t<\/div>\n\t\t<\/div>\n\t\t\t\t\t\t\t\t<\/div>\n\t\t\t\t\t<\/div>\n\t\t<\/section>\n\t\t\t\t\t\t<\/div>\n\t\t\t\t\t\t<\/div>\n\t\t\t\t\t<\/div>\n\t\t","protected":false},"excerpt":{"rendered":"<p>Mikrokuituliina Puhdistaa kaikki lasipinnat, silm\u00e4lasit, aurinkolasit, tabletin ja kannettavan n\u00e4ytt\u00f6ruudut, k\u00e4nnyk\u00e4n n\u00e4yt\u00f6n yms. Molemmat puolet saa t\u00e4ysiv\u00e4ripainettuna. Pakkaukset joko muovi- tai pahvikotelo. Hinta pyydett\u00e4ess\u00e4 \u00a0<\/p>\n","protected":false},"author":1,"featured_media":0,"parent":0,"menu_order":0,"comment_status":"closed","ping_status":"closed","template":"","meta":[],"_links":{"self":[{"href":"https:\/\/progift.fi\/index.php\/wp-json\/wp\/v2\/pages\/1655"}],"collection":[{"href":"https:\/\/progift.fi\/index.php\/wp-json\/wp\/v2\/pages"}],"about":[{"href":"https:\/\/progift.fi\/index.php\/wp-json\/wp\/v2\/types\/page"}],"author":[{"embeddable":true,"href":"https:\/\/progift.fi\/index.php\/wp-json\/wp\/v2\/users\/1"}],"replies":[{"embeddable":true,"href":"https:\/\/progift.fi\/index.php\/wp-json\/wp\/v2\/comments?post=1655"}],"version-history":[{"count":2,"href":"https:\/\/progift.fi\/index.php\/wp-json\/wp\/v2\/pages\/1655\/revisions"}],"predecessor-version":[{"id":1658,"href":"https:\/\/progift.fi\/index.php\/wp-json\/wp\/v2\/pages\/1655\/revisions\/1658"}],"wp:attachment":[{"href":"https:\/\/progift.fi\/index.php\/wp-json\/wp\/v2\/media?parent=1655"}],"curies":[{"name":"wp","href":"https:\/\/api.w.org\/{rel}","templated":true}]}}