{"id":1701,"date":"2020-08-31T15:04:48","date_gmt":"2020-08-31T15:04:48","guid":{"rendered":"https:\/\/progift.fi\/?page_id=1701"},"modified":"2020-08-31T15:05:27","modified_gmt":"2020-08-31T15:05:27","slug":"kertakayttoinen-suusuoja","status":"publish","type":"page","link":"https:\/\/progift.fi\/index.php\/kertakayttoinen-suusuoja\/","title":{"rendered":"Kertak\u00e4ytt\u00f6inen suusuoja"},"content":{"rendered":"\t\t<div data-elementor-type=\"wp-page\" data-elementor-id=\"1701\" class=\"elementor elementor-1701\" data-elementor-settings=\"[]\">\n\t\t\t\t\t\t<div class=\"elementor-inner\">\n\t\t\t\t\t\t\t<div class=\"elementor-section-wrap\">\n\t\t\t\t\t\t\t<section class=\"elementor-section elementor-top-section elementor-element elementor-element-4b2372a elementor-section-boxed elementor-section-height-default elementor-section-height-default\" data-id=\"4b2372a\" data-element_type=\"section\">\n\t\t\t\t\t\t<div class=\"elementor-container elementor-column-gap-default\">\n\t\t\t\t\t\t\t<div class=\"elementor-row\">\n\t\t\t\t\t<div class=\"elementor-column elementor-col-100 elementor-top-column elementor-element elementor-element-761821d\" data-id=\"761821d\" data-element_type=\"column\">\n\t\t\t<div class=\"elementor-column-wrap\">\n\t\t\t\t\t\t\t<div class=\"elementor-widget-wrap\">\n\t\t\t\t\t\t\t\t<\/div>\n\t\t\t\t\t<\/div>\n\t\t<\/div>\n\t\t\t\t\t\t\t\t<\/div>\n\t\t\t\t\t<\/div>\n\t\t<\/section>\n\t\t\t\t<section class=\"elementor-section elementor-top-section elementor-element elementor-element-41a464c elementor-section-boxed elementor-section-height-default elementor-section-height-default\" data-id=\"41a464c\" data-element_type=\"section\">\n\t\t\t\t\t\t<div class=\"elementor-container elementor-column-gap-default\">\n\t\t\t\t\t\t\t<div class=\"elementor-row\">\n\t\t\t\t\t<div class=\"elementor-column elementor-col-50 elementor-top-column elementor-element elementor-element-e0d239b\" data-id=\"e0d239b\" data-element_type=\"column\">\n\t\t\t<div class=\"elementor-column-wrap elementor-element-populated\">\n\t\t\t\t\t\t\t<div class=\"elementor-widget-wrap\">\n\t\t\t\t\t\t<div class=\"elementor-element elementor-element-9cfa783 elementor-widget elementor-widget-image\" data-id=\"9cfa783\" data-element_type=\"widget\" data-widget_type=\"image.default\">\n\t\t\t\t<div class=\"elementor-widget-container\">\n\t\t\t\t\t<div class=\"elementor-image\">\n\t\t\t\t\t\t\t\t\t\t<img width=\"1000\" height=\"1000\" src=\"https:\/\/progift.fi\/wp-content\/uploads\/2020\/08\/kertaka\u0308ytto\u0308inen-suusuoja.jpg\" class=\"attachment-large size-large\" alt=\"\" loading=\"lazy\" srcset=\"https:\/\/progift.fi\/wp-content\/uploads\/2020\/08\/kertaka\u0308ytto\u0308inen-suusuoja.jpg 1000w, https:\/\/progift.fi\/wp-content\/uploads\/2020\/08\/kertaka\u0308ytto\u0308inen-suusuoja-300x300.jpg 300w, https:\/\/progift.fi\/wp-content\/uploads\/2020\/08\/kertaka\u0308ytto\u0308inen-suusuoja-150x150.jpg 150w, https:\/\/progift.fi\/wp-content\/uploads\/2020\/08\/kertaka\u0308ytto\u0308inen-suusuoja-768x768.jpg 768w\" sizes=\"(max-width: 1000px) 100vw, 1000px\" \/>\t\t\t\t\t\t\t\t\t\t\t<\/div>\n\t\t\t\t<\/div>\n\t\t\t\t<\/div>\n\t\t\t\t\t\t<\/div>\n\t\t\t\t\t<\/div>\n\t\t<\/div>\n\t\t\t\t<div class=\"elementor-column elementor-col-50 elementor-top-column elementor-element elementor-element-c392c4d\" data-id=\"c392c4d\" data-element_type=\"column\">\n\t\t\t<div class=\"elementor-column-wrap elementor-element-populated\">\n\t\t\t\t\t\t\t<div class=\"elementor-widget-wrap\">\n\t\t\t\t\t\t<div class=\"elementor-element elementor-element-e2bcf07 elementor-widget elementor-widget-text-editor\" data-id=\"e2bcf07\" data-element_type=\"widget\" data-widget_type=\"text-editor.default\">\n\t\t\t\t<div class=\"elementor-widget-container\">\n\t\t\t\t\t<div class=\"elementor-text-editor elementor-clearfix\"><h3 style=\"font-size: 1.66667rem; font-style: normal;\"><span style=\"font-size: 25px;\">\u00a0<\/span><\/h3><h3>Kertak\u00e4ytt\u00f6inen suusuoja<\/h3><ul><li>Kolmikerroksinen \u201dyleissuoja\u201d<\/li><li>Kolmikerroksinen suojamaski<\/li><li>Muotoiltava nen\u00e4kappale<\/li><li>Hengitt\u00e4v\u00e4 materiaalia, eik\u00e4 \u00e4rsyt\u00e4 ihoa<\/li><li>BFE suodattavuus 90%<\/li><\/ul><p>Hinta alkaen 0,60 \u20ac\/kpl<\/p><p>\u00a0<\/p><\/div>\n\t\t\t\t<\/div>\n\t\t\t\t<\/div>\n\t\t\t\t\t\t<\/div>\n\t\t\t\t\t<\/div>\n\t\t<\/div>\n\t\t\t\t\t\t\t\t<\/div>\n\t\t\t\t\t<\/div>\n\t\t<\/section>\n\t\t\t\t\t\t<\/div>\n\t\t\t\t\t\t<\/div>\n\t\t\t\t\t<\/div>\n\t\t","protected":false},"excerpt":{"rendered":"<p>\u00a0 Kertak\u00e4ytt\u00f6inen suusuoja Kolmikerroksinen \u201dyleissuoja\u201d Kolmikerroksinen suojamaski Muotoiltava nen\u00e4kappale Hengitt\u00e4v\u00e4 materiaalia, eik\u00e4 \u00e4rsyt\u00e4 ihoa BFE suodattavuus 90% Hinta alkaen 0,60 \u20ac\/kpl \u00a0<\/p>\n","protected":false},"author":1,"featured_media":0,"parent":0,"menu_order":0,"comment_status":"closed","ping_status":"closed","template":"","meta":[],"_links":{"self":[{"href":"https:\/\/progift.fi\/index.php\/wp-json\/wp\/v2\/pages\/1701"}],"collection":[{"href":"https:\/\/progift.fi\/index.php\/wp-json\/wp\/v2\/pages"}],"about":[{"href":"https:\/\/progift.fi\/index.php\/wp-json\/wp\/v2\/types\/page"}],"author":[{"embeddable":true,"href":"https:\/\/progift.fi\/index.php\/wp-json\/wp\/v2\/users\/1"}],"replies":[{"embeddable":true,"href":"https:\/\/progift.fi\/index.php\/wp-json\/wp\/v2\/comments?post=1701"}],"version-history":[{"count":2,"href":"https:\/\/progift.fi\/index.php\/wp-json\/wp\/v2\/pages\/1701\/revisions"}],"predecessor-version":[{"id":1703,"href":"https:\/\/progift.fi\/index.php\/wp-json\/wp\/v2\/pages\/1701\/revisions\/1703"}],"wp:attachment":[{"href":"https:\/\/progift.fi\/index.php\/wp-json\/wp\/v2\/media?parent=1701"}],"curies":[{"name":"wp","href":"https:\/\/api.w.org\/{rel}","templated":true}]}}