{"id":1771,"date":"2020-09-03T13:52:33","date_gmt":"2020-09-03T13:52:33","guid":{"rendered":"https:\/\/progift.fi\/?page_id=1771"},"modified":"2020-09-03T13:58:27","modified_gmt":"2020-09-03T13:58:27","slug":"cottover-t-paita","status":"publish","type":"page","link":"https:\/\/progift.fi\/index.php\/cottover-t-paita\/","title":{"rendered":"Cottover t-paita"},"content":{"rendered":"\t\t<div data-elementor-type=\"wp-page\" data-elementor-id=\"1771\" class=\"elementor elementor-1771\" data-elementor-settings=\"[]\">\n\t\t\t\t\t\t<div class=\"elementor-inner\">\n\t\t\t\t\t\t\t<div class=\"elementor-section-wrap\">\n\t\t\t\t\t\t\t<section class=\"elementor-section elementor-top-section elementor-element elementor-element-eeecd1e elementor-section-boxed elementor-section-height-default elementor-section-height-default\" data-id=\"eeecd1e\" data-element_type=\"section\">\n\t\t\t\t\t\t<div class=\"elementor-container elementor-column-gap-default\">\n\t\t\t\t\t\t\t<div class=\"elementor-row\">\n\t\t\t\t\t<div class=\"elementor-column elementor-col-100 elementor-top-column elementor-element elementor-element-63370f0\" data-id=\"63370f0\" data-element_type=\"column\">\n\t\t\t<div class=\"elementor-column-wrap elementor-element-populated\">\n\t\t\t\t\t\t\t<div class=\"elementor-widget-wrap\">\n\t\t\t\t\t\t<div class=\"elementor-element elementor-element-cc8d828 elementor-widget elementor-widget-spacer\" data-id=\"cc8d828\" data-element_type=\"widget\" data-widget_type=\"spacer.default\">\n\t\t\t\t<div class=\"elementor-widget-container\">\n\t\t\t\t\t<div class=\"elementor-spacer\">\n\t\t\t<div class=\"elementor-spacer-inner\"><\/div>\n\t\t<\/div>\n\t\t\t\t<\/div>\n\t\t\t\t<\/div>\n\t\t\t\t\t\t<\/div>\n\t\t\t\t\t<\/div>\n\t\t<\/div>\n\t\t\t\t\t\t\t\t<\/div>\n\t\t\t\t\t<\/div>\n\t\t<\/section>\n\t\t\t\t<section class=\"elementor-section elementor-top-section elementor-element elementor-element-426dcc6 elementor-section-boxed elementor-section-height-default elementor-section-height-default\" data-id=\"426dcc6\" data-element_type=\"section\">\n\t\t\t\t\t\t<div class=\"elementor-container elementor-column-gap-default\">\n\t\t\t\t\t\t\t<div class=\"elementor-row\">\n\t\t\t\t\t<div class=\"elementor-column elementor-col-50 elementor-top-column elementor-element elementor-element-ffc185b\" data-id=\"ffc185b\" data-element_type=\"column\">\n\t\t\t<div class=\"elementor-column-wrap elementor-element-populated\">\n\t\t\t\t\t\t\t<div class=\"elementor-widget-wrap\">\n\t\t\t\t\t\t<div class=\"elementor-element elementor-element-ec132a4 elementor-widget elementor-widget-image\" data-id=\"ec132a4\" data-element_type=\"widget\" data-widget_type=\"image.default\">\n\t\t\t\t<div class=\"elementor-widget-container\">\n\t\t\t\t\t<div class=\"elementor-image\">\n\t\t\t\t\t\t\t\t\t\t<img width=\"1000\" height=\"1000\" src=\"https:\/\/progift.fi\/wp-content\/uploads\/2020\/09\/Cottover-t-paita-.jpg\" class=\"attachment-large size-large\" alt=\"\" loading=\"lazy\" srcset=\"https:\/\/progift.fi\/wp-content\/uploads\/2020\/09\/Cottover-t-paita-.jpg 1000w, https:\/\/progift.fi\/wp-content\/uploads\/2020\/09\/Cottover-t-paita--300x300.jpg 300w, https:\/\/progift.fi\/wp-content\/uploads\/2020\/09\/Cottover-t-paita--150x150.jpg 150w, https:\/\/progift.fi\/wp-content\/uploads\/2020\/09\/Cottover-t-paita--768x768.jpg 768w\" sizes=\"(max-width: 1000px) 100vw, 1000px\" \/>\t\t\t\t\t\t\t\t\t\t\t<\/div>\n\t\t\t\t<\/div>\n\t\t\t\t<\/div>\n\t\t\t\t\t\t<\/div>\n\t\t\t\t\t<\/div>\n\t\t<\/div>\n\t\t\t\t<div class=\"elementor-column elementor-col-50 elementor-top-column elementor-element elementor-element-8e1d5b7\" data-id=\"8e1d5b7\" data-element_type=\"column\">\n\t\t\t<div class=\"elementor-column-wrap elementor-element-populated\">\n\t\t\t\t\t\t\t<div class=\"elementor-widget-wrap\">\n\t\t\t\t\t\t<div class=\"elementor-element elementor-element-6bf1ed8 elementor-widget elementor-widget-text-editor\" data-id=\"6bf1ed8\" data-element_type=\"widget\" data-widget_type=\"text-editor.default\">\n\t\t\t\t<div class=\"elementor-widget-container\">\n\t\t\t\t\t<div class=\"elementor-text-editor elementor-clearfix\"><h3>Cottover t-paita\u00a0<\/h3><p>Py\u00f6re\u00e4 kaula-aukkoinen. P\u00e4\u00e4ntiell\u00e4 siisti ribbineulos. Mitoitus toimii hyvin my\u00f6s unisex-paitana. Valmistettu hienolaatuisesta Reilun kaupan luomupuuvillasta. V\u00e4rit: valkoinen 100, l.valkoinen 105, keltainen 255, oranssi 290, pinkki 425, cerise 435, punainen 460, vihre\u00e4 645, taivaansininen 725, royal 767, navy 855, violetti 885, harmaa 980, musta 990<\/p><p>Cottover-malliston vaatteet valmistetaan alusta loppuun kest\u00e4v\u00e4\u00e4 kehityst\u00e4 ajatellen. Cottover-mallisto on Joutsen-, GOTS- ja \u00d6ko-Tex merkitty. Mallistossa k\u00e4ytetty puuvilla on 100 % ekologista ja sill\u00e4 on Reilun kaupan sertifiointi. Sertifioitu tuote t\u00e4ytt\u00e4\u00e4 kyseisen sertifiointiorganisaation kriteerit ja on k\u00e4ynyt l\u00e4pi riippumattoman tarkastuksen. Cottover-malliston ymp\u00e4rist\u00f6merkit kattavat yhdess\u00e4 koko tuotantoketjun sek\u00e4 tuotteet, ja osoittavat niiden t\u00e4ytt\u00e4v\u00e4n tietyt laatua, terveytt\u00e4, ymp\u00e4rist\u00f6\u00e4 ja ty\u00f6oloja koskevat vaatimukset.<\/p><p>Naisten ja miesten mallit, useita eri v\u00e4rivaihtoehtoja<\/p><p>Hinta alkaen 10 \u20ac\/kpl (ei sis\u00e4ll\u00e4 merkint\u00e4\u00e4)<\/p><\/div>\n\t\t\t\t<\/div>\n\t\t\t\t<\/div>\n\t\t\t\t\t\t<\/div>\n\t\t\t\t\t<\/div>\n\t\t<\/div>\n\t\t\t\t\t\t\t\t<\/div>\n\t\t\t\t\t<\/div>\n\t\t<\/section>\n\t\t\t\t\t\t<\/div>\n\t\t\t\t\t\t<\/div>\n\t\t\t\t\t<\/div>\n\t\t","protected":false},"excerpt":{"rendered":"<p>Cottover t-paita&nbsp; Py\u00f6re\u00e4 kaula-aukkoinen. P\u00e4\u00e4ntiell\u00e4 siisti ribbineulos. Mitoitus toimii hyvin my\u00f6s unisex-paitana. Valmistettu hienolaatuisesta Reilun kaupan luomupuuvillasta. V\u00e4rit: valkoinen 100, l.valkoinen 105, keltainen 255, oranssi 290, pinkki 425, cerise 435, punainen 460, vihre\u00e4 645, taivaansininen 725, royal 767, navy 855, violetti 885, harmaa 980, musta 990 Cottover-malliston vaatteet valmistetaan alusta loppuun kest\u00e4v\u00e4\u00e4 kehityst\u00e4 ajatellen. Cottover-mallisto &hellip;<\/p>\n<p class=\"read-more\"> <a class=\"\" href=\"https:\/\/progift.fi\/index.php\/cottover-t-paita\/\"> <span class=\"screen-reader-text\">Cottover t-paita<\/span> Lue lis\u00e4\u00e4 &raquo;<\/a><\/p>\n","protected":false},"author":1,"featured_media":0,"parent":0,"menu_order":0,"comment_status":"closed","ping_status":"closed","template":"","meta":[],"_links":{"self":[{"href":"https:\/\/progift.fi\/index.php\/wp-json\/wp\/v2\/pages\/1771"}],"collection":[{"href":"https:\/\/progift.fi\/index.php\/wp-json\/wp\/v2\/pages"}],"about":[{"href":"https:\/\/progift.fi\/index.php\/wp-json\/wp\/v2\/types\/page"}],"author":[{"embeddable":true,"href":"https:\/\/progift.fi\/index.php\/wp-json\/wp\/v2\/users\/1"}],"replies":[{"embeddable":true,"href":"https:\/\/progift.fi\/index.php\/wp-json\/wp\/v2\/comments?post=1771"}],"version-history":[{"count":3,"href":"https:\/\/progift.fi\/index.php\/wp-json\/wp\/v2\/pages\/1771\/revisions"}],"predecessor-version":[{"id":1777,"href":"https:\/\/progift.fi\/index.php\/wp-json\/wp\/v2\/pages\/1771\/revisions\/1777"}],"wp:attachment":[{"href":"https:\/\/progift.fi\/index.php\/wp-json\/wp\/v2\/media?parent=1771"}],"curies":[{"name":"wp","href":"https:\/\/api.w.org\/{rel}","templated":true}]}}