{"id":1791,"date":"2020-09-03T14:11:13","date_gmt":"2020-09-03T14:11:13","guid":{"rendered":"https:\/\/progift.fi\/?page_id=1791"},"modified":"2020-09-03T14:14:07","modified_gmt":"2020-09-03T14:14:07","slug":"fruit-of-the-loom-valueweight-t-paita","status":"publish","type":"page","link":"https:\/\/progift.fi\/index.php\/fruit-of-the-loom-valueweight-t-paita\/","title":{"rendered":"Fruit of the Loom Valueweight t-paita"},"content":{"rendered":"\t\t<div data-elementor-type=\"wp-page\" data-elementor-id=\"1791\" class=\"elementor elementor-1791\" data-elementor-settings=\"[]\">\n\t\t\t\t\t\t<div class=\"elementor-inner\">\n\t\t\t\t\t\t\t<div class=\"elementor-section-wrap\">\n\t\t\t\t\t\t\t<section class=\"elementor-section elementor-top-section elementor-element elementor-element-eeecd1e elementor-section-boxed elementor-section-height-default elementor-section-height-default\" data-id=\"eeecd1e\" data-element_type=\"section\">\n\t\t\t\t\t\t<div class=\"elementor-container elementor-column-gap-default\">\n\t\t\t\t\t\t\t<div class=\"elementor-row\">\n\t\t\t\t\t<div class=\"elementor-column elementor-col-100 elementor-top-column elementor-element elementor-element-63370f0\" data-id=\"63370f0\" data-element_type=\"column\">\n\t\t\t<div class=\"elementor-column-wrap elementor-element-populated\">\n\t\t\t\t\t\t\t<div class=\"elementor-widget-wrap\">\n\t\t\t\t\t\t<div class=\"elementor-element elementor-element-cc8d828 elementor-widget elementor-widget-spacer\" data-id=\"cc8d828\" data-element_type=\"widget\" data-widget_type=\"spacer.default\">\n\t\t\t\t<div class=\"elementor-widget-container\">\n\t\t\t\t\t<div class=\"elementor-spacer\">\n\t\t\t<div class=\"elementor-spacer-inner\"><\/div>\n\t\t<\/div>\n\t\t\t\t<\/div>\n\t\t\t\t<\/div>\n\t\t\t\t\t\t<\/div>\n\t\t\t\t\t<\/div>\n\t\t<\/div>\n\t\t\t\t\t\t\t\t<\/div>\n\t\t\t\t\t<\/div>\n\t\t<\/section>\n\t\t\t\t<section class=\"elementor-section elementor-top-section elementor-element elementor-element-426dcc6 elementor-section-boxed elementor-section-height-default elementor-section-height-default\" data-id=\"426dcc6\" data-element_type=\"section\">\n\t\t\t\t\t\t<div class=\"elementor-container elementor-column-gap-default\">\n\t\t\t\t\t\t\t<div class=\"elementor-row\">\n\t\t\t\t\t<div class=\"elementor-column elementor-col-50 elementor-top-column elementor-element elementor-element-ffc185b\" data-id=\"ffc185b\" data-element_type=\"column\">\n\t\t\t<div class=\"elementor-column-wrap elementor-element-populated\">\n\t\t\t\t\t\t\t<div class=\"elementor-widget-wrap\">\n\t\t\t\t\t\t<div class=\"elementor-element elementor-element-ec132a4 elementor-widget elementor-widget-image\" data-id=\"ec132a4\" data-element_type=\"widget\" data-widget_type=\"image.default\">\n\t\t\t\t<div class=\"elementor-widget-container\">\n\t\t\t\t\t<div class=\"elementor-image\">\n\t\t\t\t\t\t\t\t\t\t<img width=\"1000\" height=\"1000\" src=\"https:\/\/progift.fi\/wp-content\/uploads\/2020\/09\/Fruit-of-the-Loom-VALUEWEIGHT-T-PAITA.jpg\" class=\"attachment-large size-large\" alt=\"\" loading=\"lazy\" srcset=\"https:\/\/progift.fi\/wp-content\/uploads\/2020\/09\/Fruit-of-the-Loom-VALUEWEIGHT-T-PAITA.jpg 1000w, https:\/\/progift.fi\/wp-content\/uploads\/2020\/09\/Fruit-of-the-Loom-VALUEWEIGHT-T-PAITA-300x300.jpg 300w, https:\/\/progift.fi\/wp-content\/uploads\/2020\/09\/Fruit-of-the-Loom-VALUEWEIGHT-T-PAITA-150x150.jpg 150w, https:\/\/progift.fi\/wp-content\/uploads\/2020\/09\/Fruit-of-the-Loom-VALUEWEIGHT-T-PAITA-768x768.jpg 768w\" sizes=\"(max-width: 1000px) 100vw, 1000px\" \/>\t\t\t\t\t\t\t\t\t\t\t<\/div>\n\t\t\t\t<\/div>\n\t\t\t\t<\/div>\n\t\t\t\t\t\t<\/div>\n\t\t\t\t\t<\/div>\n\t\t<\/div>\n\t\t\t\t<div class=\"elementor-column elementor-col-50 elementor-top-column elementor-element elementor-element-8e1d5b7\" data-id=\"8e1d5b7\" data-element_type=\"column\">\n\t\t\t<div class=\"elementor-column-wrap elementor-element-populated\">\n\t\t\t\t\t\t\t<div class=\"elementor-widget-wrap\">\n\t\t\t\t\t\t<div class=\"elementor-element elementor-element-6bf1ed8 elementor-widget elementor-widget-text-editor\" data-id=\"6bf1ed8\" data-element_type=\"widget\" data-widget_type=\"text-editor.default\">\n\t\t\t\t<div class=\"elementor-widget-container\">\n\t\t\t\t\t<div class=\"elementor-text-editor elementor-clearfix\"><h3>Fruit of the Loom Valueweight t-paita<\/h3><ul><li>Euroopan myydyin T-paita tarjoaa parhaan hinta-\/laatusuhteen.<\/li><li>Materiaali: 100 % puuvillaa<\/li><li>Heather Grey: 97 % puuvillaa, 3 % polyesteri\u00e4<\/li><li>Ash: 99 % puuvillaa, 1 % polyesteri\u00e4<\/li><li>Meleeratut v\u00e4rit: 50 % puuvillaa, 50 % polyesteri\u00e4<\/li><li>Paino: white 160 g\/m\u00b2, v\u00e4rilliset 165 g\/m\u00b2<\/li><li>Puuvilla\/Lycra\u00ae kaulus vahvistetulla niskasaumalla<\/li><li>Tihe\u00e4 neulos takaa onnistuneen painoj\u00e4ljen<\/li><li>Kaksoistikkaukset kauluksessa, hihoissa ja helmassa<\/li><li>3XL-5XL koon paidoissa on sivusaumat<\/li><li>Koot: S &#8211; 5XL (4XL- 5XL koot saatavana v\u00e4reiss\u00e4: White, Black, Navy ja Heather grey)<\/li><li>Naisten ja miesten mallit, saatavilla useissa eri v\u00e4reiss\u00e4<\/li><\/ul><p>Hinta alkaen 4 \u20ac\/kpl (ei sis\u00e4ll\u00e4 merkint\u00e4\u00e4)<\/p><div>\u00a0<\/div><\/div>\n\t\t\t\t<\/div>\n\t\t\t\t<\/div>\n\t\t\t\t\t\t<\/div>\n\t\t\t\t\t<\/div>\n\t\t<\/div>\n\t\t\t\t\t\t\t\t<\/div>\n\t\t\t\t\t<\/div>\n\t\t<\/section>\n\t\t\t\t\t\t<\/div>\n\t\t\t\t\t\t<\/div>\n\t\t\t\t\t<\/div>\n\t\t","protected":false},"excerpt":{"rendered":"<p>Fruit of the Loom Valueweight t-paita Euroopan myydyin T-paita tarjoaa parhaan hinta-\/laatusuhteen. Materiaali: 100 % puuvillaa Heather Grey: 97 % puuvillaa, 3 % polyesteri\u00e4 Ash: 99 % puuvillaa, 1 % polyesteri\u00e4 Meleeratut v\u00e4rit: 50 % puuvillaa, 50 % polyesteri\u00e4 Paino: white 160 g\/m\u00b2, v\u00e4rilliset 165 g\/m\u00b2 Puuvilla\/Lycra\u00ae kaulus vahvistetulla niskasaumalla Tihe\u00e4 neulos takaa onnistuneen painoj\u00e4ljen &hellip;<\/p>\n<p class=\"read-more\"> <a class=\"\" href=\"https:\/\/progift.fi\/index.php\/fruit-of-the-loom-valueweight-t-paita\/\"> <span class=\"screen-reader-text\">Fruit of the Loom Valueweight t-paita<\/span> Lue lis\u00e4\u00e4 &raquo;<\/a><\/p>\n","protected":false},"author":1,"featured_media":0,"parent":0,"menu_order":0,"comment_status":"closed","ping_status":"closed","template":"","meta":[],"_links":{"self":[{"href":"https:\/\/progift.fi\/index.php\/wp-json\/wp\/v2\/pages\/1791"}],"collection":[{"href":"https:\/\/progift.fi\/index.php\/wp-json\/wp\/v2\/pages"}],"about":[{"href":"https:\/\/progift.fi\/index.php\/wp-json\/wp\/v2\/types\/page"}],"author":[{"embeddable":true,"href":"https:\/\/progift.fi\/index.php\/wp-json\/wp\/v2\/users\/1"}],"replies":[{"embeddable":true,"href":"https:\/\/progift.fi\/index.php\/wp-json\/wp\/v2\/comments?post=1791"}],"version-history":[{"count":2,"href":"https:\/\/progift.fi\/index.php\/wp-json\/wp\/v2\/pages\/1791\/revisions"}],"predecessor-version":[{"id":1794,"href":"https:\/\/progift.fi\/index.php\/wp-json\/wp\/v2\/pages\/1791\/revisions\/1794"}],"wp:attachment":[{"href":"https:\/\/progift.fi\/index.php\/wp-json\/wp\/v2\/media?parent=1791"}],"curies":[{"name":"wp","href":"https:\/\/api.w.org\/{rel}","templated":true}]}}