{"id":1816,"date":"2020-09-03T14:36:23","date_gmt":"2020-09-03T14:36:23","guid":{"rendered":"https:\/\/progift.fi\/?page_id=1816"},"modified":"2020-09-03T14:38:26","modified_gmt":"2020-09-03T14:38:26","slug":"russel-pure-organic-t-paita","status":"publish","type":"page","link":"https:\/\/progift.fi\/index.php\/russel-pure-organic-t-paita\/","title":{"rendered":"Russel Pure Organic t-paita"},"content":{"rendered":"\t\t<div data-elementor-type=\"wp-page\" data-elementor-id=\"1816\" class=\"elementor elementor-1816\" data-elementor-settings=\"[]\">\n\t\t\t\t\t\t<div class=\"elementor-inner\">\n\t\t\t\t\t\t\t<div class=\"elementor-section-wrap\">\n\t\t\t\t\t\t\t<section class=\"elementor-section elementor-top-section elementor-element elementor-element-eeecd1e elementor-section-boxed elementor-section-height-default elementor-section-height-default\" data-id=\"eeecd1e\" data-element_type=\"section\">\n\t\t\t\t\t\t<div class=\"elementor-container elementor-column-gap-default\">\n\t\t\t\t\t\t\t<div class=\"elementor-row\">\n\t\t\t\t\t<div class=\"elementor-column elementor-col-100 elementor-top-column elementor-element elementor-element-63370f0\" data-id=\"63370f0\" data-element_type=\"column\">\n\t\t\t<div class=\"elementor-column-wrap elementor-element-populated\">\n\t\t\t\t\t\t\t<div class=\"elementor-widget-wrap\">\n\t\t\t\t\t\t<div class=\"elementor-element elementor-element-cc8d828 elementor-widget elementor-widget-spacer\" data-id=\"cc8d828\" data-element_type=\"widget\" data-widget_type=\"spacer.default\">\n\t\t\t\t<div class=\"elementor-widget-container\">\n\t\t\t\t\t<div class=\"elementor-spacer\">\n\t\t\t<div class=\"elementor-spacer-inner\"><\/div>\n\t\t<\/div>\n\t\t\t\t<\/div>\n\t\t\t\t<\/div>\n\t\t\t\t\t\t<\/div>\n\t\t\t\t\t<\/div>\n\t\t<\/div>\n\t\t\t\t\t\t\t\t<\/div>\n\t\t\t\t\t<\/div>\n\t\t<\/section>\n\t\t\t\t<section class=\"elementor-section elementor-top-section elementor-element elementor-element-426dcc6 elementor-section-boxed elementor-section-height-default elementor-section-height-default\" data-id=\"426dcc6\" data-element_type=\"section\">\n\t\t\t\t\t\t<div class=\"elementor-container elementor-column-gap-default\">\n\t\t\t\t\t\t\t<div class=\"elementor-row\">\n\t\t\t\t\t<div class=\"elementor-column elementor-col-50 elementor-top-column elementor-element elementor-element-ffc185b\" data-id=\"ffc185b\" data-element_type=\"column\">\n\t\t\t<div class=\"elementor-column-wrap elementor-element-populated\">\n\t\t\t\t\t\t\t<div class=\"elementor-widget-wrap\">\n\t\t\t\t\t\t<div class=\"elementor-element elementor-element-ec132a4 elementor-widget elementor-widget-image\" data-id=\"ec132a4\" data-element_type=\"widget\" data-widget_type=\"image.default\">\n\t\t\t\t<div class=\"elementor-widget-container\">\n\t\t\t\t\t<div class=\"elementor-image\">\n\t\t\t\t\t\t\t\t\t\t<img width=\"1000\" height=\"1000\" src=\"https:\/\/progift.fi\/wp-content\/uploads\/2020\/09\/Russel_PURE_ORGANIC_T.jpg\" class=\"attachment-large size-large\" alt=\"\" loading=\"lazy\" srcset=\"https:\/\/progift.fi\/wp-content\/uploads\/2020\/09\/Russel_PURE_ORGANIC_T.jpg 1000w, https:\/\/progift.fi\/wp-content\/uploads\/2020\/09\/Russel_PURE_ORGANIC_T-300x300.jpg 300w, https:\/\/progift.fi\/wp-content\/uploads\/2020\/09\/Russel_PURE_ORGANIC_T-150x150.jpg 150w, https:\/\/progift.fi\/wp-content\/uploads\/2020\/09\/Russel_PURE_ORGANIC_T-768x768.jpg 768w\" sizes=\"(max-width: 1000px) 100vw, 1000px\" \/>\t\t\t\t\t\t\t\t\t\t\t<\/div>\n\t\t\t\t<\/div>\n\t\t\t\t<\/div>\n\t\t\t\t\t\t<\/div>\n\t\t\t\t\t<\/div>\n\t\t<\/div>\n\t\t\t\t<div class=\"elementor-column elementor-col-50 elementor-top-column elementor-element elementor-element-8e1d5b7\" data-id=\"8e1d5b7\" data-element_type=\"column\">\n\t\t\t<div class=\"elementor-column-wrap elementor-element-populated\">\n\t\t\t\t\t\t\t<div class=\"elementor-widget-wrap\">\n\t\t\t\t\t\t<div class=\"elementor-element elementor-element-6bf1ed8 elementor-widget elementor-widget-text-editor\" data-id=\"6bf1ed8\" data-element_type=\"widget\" data-widget_type=\"text-editor.default\">\n\t\t\t\t<div class=\"elementor-widget-container\">\n\t\t\t\t\t<div class=\"elementor-text-editor elementor-clearfix\"><h3>Russel Pure Organic t-paita<\/h3><ul><li><span style=\"font-size: 15px;\">Materiaali: 100 % orgaanista puuvillaa<\/span><\/li><li>Light Oxford: 95 % orgaanista puuvillaa, 5 % viskoosia<\/li><li>Paino: 160 g\/m\u00b2<\/li><li>OCS-standardin mukaista puuvillaa<\/li><li><span style=\"font-size: 15px;\">Kapea ribbineulos Lycra kaula-aukko<\/span><\/li><li>Vahvistetut niska- ja olkasaumat<\/li><li>Sile\u00e4n pinnan ansiosta sopii erinomaisesti painettavaksi<\/li><\/ul><p>Koot: XS &#8211; 3XL<\/p><p>Naisten ja miesten mallit. Useita v\u00e4rej\u00e4<\/p><p>Hinta alkaen: 9\u20ac\/kpl (ei sis\u00e4ll\u00e4 merkint\u00e4\u00e4)<\/p><div>\u00a0<\/div><\/div>\n\t\t\t\t<\/div>\n\t\t\t\t<\/div>\n\t\t\t\t\t\t<\/div>\n\t\t\t\t\t<\/div>\n\t\t<\/div>\n\t\t\t\t\t\t\t\t<\/div>\n\t\t\t\t\t<\/div>\n\t\t<\/section>\n\t\t\t\t\t\t<\/div>\n\t\t\t\t\t\t<\/div>\n\t\t\t\t\t<\/div>\n\t\t","protected":false},"excerpt":{"rendered":"<p>Russel Pure Organic t-paita Materiaali: 100 % orgaanista puuvillaa Light Oxford: 95 % orgaanista puuvillaa, 5 % viskoosia Paino: 160 g\/m\u00b2 OCS-standardin mukaista puuvillaa Kapea ribbineulos Lycra kaula-aukko Vahvistetut niska- ja olkasaumat Sile\u00e4n pinnan ansiosta sopii erinomaisesti painettavaksi Koot: XS &#8211; 3XL Naisten ja miesten mallit. Useita v\u00e4rej\u00e4 Hinta alkaen: 9\u20ac\/kpl (ei sis\u00e4ll\u00e4 merkint\u00e4\u00e4) \u00a0<\/p>\n","protected":false},"author":1,"featured_media":0,"parent":0,"menu_order":0,"comment_status":"closed","ping_status":"closed","template":"","meta":[],"_links":{"self":[{"href":"https:\/\/progift.fi\/index.php\/wp-json\/wp\/v2\/pages\/1816"}],"collection":[{"href":"https:\/\/progift.fi\/index.php\/wp-json\/wp\/v2\/pages"}],"about":[{"href":"https:\/\/progift.fi\/index.php\/wp-json\/wp\/v2\/types\/page"}],"author":[{"embeddable":true,"href":"https:\/\/progift.fi\/index.php\/wp-json\/wp\/v2\/users\/1"}],"replies":[{"embeddable":true,"href":"https:\/\/progift.fi\/index.php\/wp-json\/wp\/v2\/comments?post=1816"}],"version-history":[{"count":2,"href":"https:\/\/progift.fi\/index.php\/wp-json\/wp\/v2\/pages\/1816\/revisions"}],"predecessor-version":[{"id":1819,"href":"https:\/\/progift.fi\/index.php\/wp-json\/wp\/v2\/pages\/1816\/revisions\/1819"}],"wp:attachment":[{"href":"https:\/\/progift.fi\/index.php\/wp-json\/wp\/v2\/media?parent=1816"}],"curies":[{"name":"wp","href":"https:\/\/api.w.org\/{rel}","templated":true}]}}