{"id":1867,"date":"2020-09-04T09:49:50","date_gmt":"2020-09-04T09:49:50","guid":{"rendered":"https:\/\/progift.fi\/?page_id=1867"},"modified":"2020-09-04T09:50:31","modified_gmt":"2020-09-04T09:50:31","slug":"sagaform-accent-kahvikannu-2","status":"publish","type":"page","link":"https:\/\/progift.fi\/index.php\/sagaform-accent-kahvikannu-2\/","title":{"rendered":"Sagaform Accent kahvikannu"},"content":{"rendered":"\t\t<div data-elementor-type=\"wp-page\" data-elementor-id=\"1867\" class=\"elementor elementor-1867\" data-elementor-settings=\"[]\">\n\t\t\t\t\t\t<div class=\"elementor-inner\">\n\t\t\t\t\t\t\t<div class=\"elementor-section-wrap\">\n\t\t\t\t\t\t\t<section class=\"elementor-section elementor-top-section elementor-element elementor-element-dc68ebf elementor-section-boxed elementor-section-height-default elementor-section-height-default\" data-id=\"dc68ebf\" data-element_type=\"section\">\n\t\t\t\t\t\t<div class=\"elementor-container elementor-column-gap-default\">\n\t\t\t\t\t\t\t<div class=\"elementor-row\">\n\t\t\t\t\t<div class=\"elementor-column elementor-col-50 elementor-top-column elementor-element elementor-element-65c6892\" data-id=\"65c6892\" data-element_type=\"column\">\n\t\t\t<div class=\"elementor-column-wrap elementor-element-populated\">\n\t\t\t\t\t\t\t<div class=\"elementor-widget-wrap\">\n\t\t\t\t\t\t<div class=\"elementor-element elementor-element-dd537e8 elementor-widget elementor-widget-image\" data-id=\"dd537e8\" data-element_type=\"widget\" data-widget_type=\"image.default\">\n\t\t\t\t<div class=\"elementor-widget-container\">\n\t\t\t\t\t<div class=\"elementor-image\">\n\t\t\t\t\t\t\t\t\t\t<img width=\"1000\" height=\"1000\" src=\"https:\/\/progift.fi\/wp-content\/uploads\/2020\/09\/Sagaform-Accent-kahvikannu.jpg\" class=\"attachment-large size-large\" alt=\"\" loading=\"lazy\" srcset=\"https:\/\/progift.fi\/wp-content\/uploads\/2020\/09\/Sagaform-Accent-kahvikannu.jpg 1000w, https:\/\/progift.fi\/wp-content\/uploads\/2020\/09\/Sagaform-Accent-kahvikannu-300x300.jpg 300w, https:\/\/progift.fi\/wp-content\/uploads\/2020\/09\/Sagaform-Accent-kahvikannu-150x150.jpg 150w, https:\/\/progift.fi\/wp-content\/uploads\/2020\/09\/Sagaform-Accent-kahvikannu-768x768.jpg 768w\" sizes=\"(max-width: 1000px) 100vw, 1000px\" \/>\t\t\t\t\t\t\t\t\t\t\t<\/div>\n\t\t\t\t<\/div>\n\t\t\t\t<\/div>\n\t\t\t\t\t\t<\/div>\n\t\t\t\t\t<\/div>\n\t\t<\/div>\n\t\t\t\t<div class=\"elementor-column elementor-col-50 elementor-top-column elementor-element elementor-element-43246bb\" data-id=\"43246bb\" data-element_type=\"column\">\n\t\t\t<div class=\"elementor-column-wrap elementor-element-populated\">\n\t\t\t\t\t\t\t<div class=\"elementor-widget-wrap\">\n\t\t\t\t\t\t<div class=\"elementor-element elementor-element-dff3a7b elementor-widget elementor-widget-text-editor\" data-id=\"dff3a7b\" data-element_type=\"widget\" data-widget_type=\"text-editor.default\">\n\t\t\t\t<div class=\"elementor-widget-container\">\n\t\t\t\t\t<div class=\"elementor-text-editor elementor-clearfix\"><h2><b><span lang=\"FI\">\u00a0<\/span><\/b><\/h2><h3><span lang=\"FI\">Sagaform Accent kahvikannu<\/span><\/h3><p>Hieno lahja toimivien muotoiluesineiden yst\u00e4ville. Accent-kannu on voittanut Formex Formidable 2014- ja Red Dot Award 2016 -designpalkinnot kauniista ja ergonomisesta muotoilustaan. Tippumattomalla nokalla varustettu kannu pit\u00e4\u00e4 juoman l\u00e4mpim\u00e4n\u00e4 12 tunnin ajan. Kannun uusi erinomaisen kest\u00e4v\u00e4 kaksisein\u00e4inen, ruostumaton sisus pit\u00e4\u00e4 l\u00e4mp\u00f6\u00e4 entist\u00e4 paremmin.<\/p><p>Saatavilla useissa eri v\u00e4reiss\u00e4<\/p><p>Hinta alkaen 40 \u20ac\/kpl<\/p><div>\u00a0<\/div><\/div>\n\t\t\t\t<\/div>\n\t\t\t\t<\/div>\n\t\t\t\t\t\t<\/div>\n\t\t\t\t\t<\/div>\n\t\t<\/div>\n\t\t\t\t\t\t\t\t<\/div>\n\t\t\t\t\t<\/div>\n\t\t<\/section>\n\t\t\t\t\t\t<\/div>\n\t\t\t\t\t\t<\/div>\n\t\t\t\t\t<\/div>\n\t\t","protected":false},"excerpt":{"rendered":"<p>\u00a0 Sagaform Accent kahvikannu Hieno lahja toimivien muotoiluesineiden yst\u00e4ville. Accent-kannu on voittanut Formex Formidable 2014- ja Red Dot Award 2016 -designpalkinnot kauniista ja ergonomisesta muotoilustaan. Tippumattomalla nokalla varustettu kannu pit\u00e4\u00e4 juoman l\u00e4mpim\u00e4n\u00e4 12 tunnin ajan. Kannun uusi erinomaisen kest\u00e4v\u00e4 kaksisein\u00e4inen, ruostumaton sisus pit\u00e4\u00e4 l\u00e4mp\u00f6\u00e4 entist\u00e4 paremmin. Saatavilla useissa eri v\u00e4reiss\u00e4 Hinta alkaen 40 \u20ac\/kpl \u00a0<\/p>\n","protected":false},"author":1,"featured_media":0,"parent":0,"menu_order":0,"comment_status":"closed","ping_status":"closed","template":"","meta":[],"_links":{"self":[{"href":"https:\/\/progift.fi\/index.php\/wp-json\/wp\/v2\/pages\/1867"}],"collection":[{"href":"https:\/\/progift.fi\/index.php\/wp-json\/wp\/v2\/pages"}],"about":[{"href":"https:\/\/progift.fi\/index.php\/wp-json\/wp\/v2\/types\/page"}],"author":[{"embeddable":true,"href":"https:\/\/progift.fi\/index.php\/wp-json\/wp\/v2\/users\/1"}],"replies":[{"embeddable":true,"href":"https:\/\/progift.fi\/index.php\/wp-json\/wp\/v2\/comments?post=1867"}],"version-history":[{"count":2,"href":"https:\/\/progift.fi\/index.php\/wp-json\/wp\/v2\/pages\/1867\/revisions"}],"predecessor-version":[{"id":1869,"href":"https:\/\/progift.fi\/index.php\/wp-json\/wp\/v2\/pages\/1867\/revisions\/1869"}],"wp:attachment":[{"href":"https:\/\/progift.fi\/index.php\/wp-json\/wp\/v2\/media?parent=1867"}],"curies":[{"name":"wp","href":"https:\/\/api.w.org\/{rel}","templated":true}]}}