{"id":1953,"date":"2020-09-17T14:45:55","date_gmt":"2020-09-17T14:45:55","guid":{"rendered":"https:\/\/progift.fi\/?page_id=1953"},"modified":"2020-09-17T14:46:32","modified_gmt":"2020-09-17T14:46:32","slug":"bic-media-clic-kuulakyna","status":"publish","type":"page","link":"https:\/\/progift.fi\/index.php\/bic-media-clic-kuulakyna\/","title":{"rendered":"Bic Media Clic kuulakyn\u00e4"},"content":{"rendered":"\t\t<div data-elementor-type=\"wp-page\" data-elementor-id=\"1953\" class=\"elementor elementor-1953\" data-elementor-settings=\"[]\">\n\t\t\t\t\t\t<div class=\"elementor-inner\">\n\t\t\t\t\t\t\t<div class=\"elementor-section-wrap\">\n\t\t\t\t\t\t\t<section class=\"elementor-section elementor-top-section elementor-element elementor-element-9d74998 elementor-section-boxed elementor-section-height-default elementor-section-height-default\" data-id=\"9d74998\" data-element_type=\"section\">\n\t\t\t\t\t\t<div class=\"elementor-container elementor-column-gap-default\">\n\t\t\t\t\t\t\t<div class=\"elementor-row\">\n\t\t\t\t\t<div class=\"elementor-column elementor-col-100 elementor-top-column elementor-element elementor-element-e63ed2c\" data-id=\"e63ed2c\" data-element_type=\"column\">\n\t\t\t<div class=\"elementor-column-wrap\">\n\t\t\t\t\t\t\t<div class=\"elementor-widget-wrap\">\n\t\t\t\t\t\t\t\t<\/div>\n\t\t\t\t\t<\/div>\n\t\t<\/div>\n\t\t\t\t\t\t\t\t<\/div>\n\t\t\t\t\t<\/div>\n\t\t<\/section>\n\t\t\t\t<section class=\"elementor-section elementor-top-section elementor-element elementor-element-d48d4d3 elementor-section-boxed elementor-section-height-default elementor-section-height-default\" data-id=\"d48d4d3\" data-element_type=\"section\">\n\t\t\t\t\t\t<div class=\"elementor-container elementor-column-gap-default\">\n\t\t\t\t\t\t\t<div class=\"elementor-row\">\n\t\t\t\t\t<div class=\"elementor-column elementor-col-50 elementor-top-column elementor-element elementor-element-c11f497\" data-id=\"c11f497\" data-element_type=\"column\">\n\t\t\t<div class=\"elementor-column-wrap elementor-element-populated\">\n\t\t\t\t\t\t\t<div class=\"elementor-widget-wrap\">\n\t\t\t\t\t\t<div class=\"elementor-element elementor-element-1678f69 elementor-widget elementor-widget-image\" data-id=\"1678f69\" data-element_type=\"widget\" data-widget_type=\"image.default\">\n\t\t\t\t<div class=\"elementor-widget-container\">\n\t\t\t\t\t<div class=\"elementor-image\">\n\t\t\t\t\t\t\t\t\t\t<img width=\"1000\" height=\"1000\" src=\"https:\/\/progift.fi\/wp-content\/uploads\/2020\/09\/Bic-Media-Clic-kuulakyna.jpg\" class=\"attachment-large size-large\" alt=\"\" loading=\"lazy\" srcset=\"https:\/\/progift.fi\/wp-content\/uploads\/2020\/09\/Bic-Media-Clic-kuulakyna.jpg 1000w, https:\/\/progift.fi\/wp-content\/uploads\/2020\/09\/Bic-Media-Clic-kuulakyna-300x300.jpg 300w, https:\/\/progift.fi\/wp-content\/uploads\/2020\/09\/Bic-Media-Clic-kuulakyna-150x150.jpg 150w, https:\/\/progift.fi\/wp-content\/uploads\/2020\/09\/Bic-Media-Clic-kuulakyna-768x768.jpg 768w\" sizes=\"(max-width: 1000px) 100vw, 1000px\" \/>\t\t\t\t\t\t\t\t\t\t\t<\/div>\n\t\t\t\t<\/div>\n\t\t\t\t<\/div>\n\t\t\t\t\t\t<\/div>\n\t\t\t\t\t<\/div>\n\t\t<\/div>\n\t\t\t\t<div class=\"elementor-column elementor-col-50 elementor-top-column elementor-element elementor-element-8b5eb1a\" data-id=\"8b5eb1a\" data-element_type=\"column\">\n\t\t\t<div class=\"elementor-column-wrap elementor-element-populated\">\n\t\t\t\t\t\t\t<div class=\"elementor-widget-wrap\">\n\t\t\t\t\t\t<div class=\"elementor-element elementor-element-681e855 elementor-widget elementor-widget-text-editor\" data-id=\"681e855\" data-element_type=\"widget\" data-widget_type=\"text-editor.default\">\n\t\t\t\t<div class=\"elementor-widget-container\">\n\t\t\t\t\t<div class=\"elementor-text-editor elementor-clearfix\"><h3>Bic Media Clic kuulakyn\u00e4<\/h3><h3><span style=\"color: #7a7a7a;\"><span style=\"font-size: 15px;\">Yksi suosituimmista ja ostetuimmista mainoskynist\u00e4. Useita eri v\u00e4rivaihtoehtoja ja digitalipainatus ymp\u00e4ri kyn\u00e4\u00e4.<\/span><\/span><\/h3><h3><span style=\"font-size: 15px; color: #7a7a7a; font-family: var( --e-global-typography-text-font-family );\">Hinta alkaen 0,50 \u20ac\/kpl<\/span><\/h3><div>\u00a0<\/div><div>\u00a0<\/div><\/div>\n\t\t\t\t<\/div>\n\t\t\t\t<\/div>\n\t\t\t\t\t\t<\/div>\n\t\t\t\t\t<\/div>\n\t\t<\/div>\n\t\t\t\t\t\t\t\t<\/div>\n\t\t\t\t\t<\/div>\n\t\t<\/section>\n\t\t\t\t\t\t<\/div>\n\t\t\t\t\t\t<\/div>\n\t\t\t\t\t<\/div>\n\t\t","protected":false},"excerpt":{"rendered":"<p>Bic Media Clic kuulakyn\u00e4 Yksi suosituimmista ja ostetuimmista mainoskynist\u00e4. Useita eri v\u00e4rivaihtoehtoja ja digitalipainatus ymp\u00e4ri kyn\u00e4\u00e4. Hinta alkaen 0,50 \u20ac\/kpl \u00a0\u00a0<\/p>\n","protected":false},"author":1,"featured_media":0,"parent":0,"menu_order":0,"comment_status":"closed","ping_status":"closed","template":"","meta":[],"_links":{"self":[{"href":"https:\/\/progift.fi\/index.php\/wp-json\/wp\/v2\/pages\/1953"}],"collection":[{"href":"https:\/\/progift.fi\/index.php\/wp-json\/wp\/v2\/pages"}],"about":[{"href":"https:\/\/progift.fi\/index.php\/wp-json\/wp\/v2\/types\/page"}],"author":[{"embeddable":true,"href":"https:\/\/progift.fi\/index.php\/wp-json\/wp\/v2\/users\/1"}],"replies":[{"embeddable":true,"href":"https:\/\/progift.fi\/index.php\/wp-json\/wp\/v2\/comments?post=1953"}],"version-history":[{"count":2,"href":"https:\/\/progift.fi\/index.php\/wp-json\/wp\/v2\/pages\/1953\/revisions"}],"predecessor-version":[{"id":1956,"href":"https:\/\/progift.fi\/index.php\/wp-json\/wp\/v2\/pages\/1953\/revisions\/1956"}],"wp:attachment":[{"href":"https:\/\/progift.fi\/index.php\/wp-json\/wp\/v2\/media?parent=1953"}],"curies":[{"name":"wp","href":"https:\/\/api.w.org\/{rel}","templated":true}]}}