{"id":1997,"date":"2020-09-17T15:26:53","date_gmt":"2020-09-17T15:26:53","guid":{"rendered":"https:\/\/progift.fi\/?page_id=1997"},"modified":"2020-09-17T15:31:47","modified_gmt":"2020-09-17T15:31:47","slug":"park-mini","status":"publish","type":"page","link":"https:\/\/progift.fi\/index.php\/park-mini\/","title":{"rendered":"Park Mini"},"content":{"rendered":"\t\t<div data-elementor-type=\"wp-page\" data-elementor-id=\"1997\" class=\"elementor elementor-1997\" data-elementor-settings=\"[]\">\n\t\t\t\t\t\t<div class=\"elementor-inner\">\n\t\t\t\t\t\t\t<div class=\"elementor-section-wrap\">\n\t\t\t\t\t\t\t<section class=\"elementor-section elementor-top-section elementor-element elementor-element-0223f27 elementor-section-boxed elementor-section-height-default elementor-section-height-default\" data-id=\"0223f27\" data-element_type=\"section\">\n\t\t\t\t\t\t<div class=\"elementor-container elementor-column-gap-default\">\n\t\t\t\t\t\t\t<div class=\"elementor-row\">\n\t\t\t\t\t<div class=\"elementor-column elementor-col-100 elementor-top-column elementor-element elementor-element-c97254a\" data-id=\"c97254a\" data-element_type=\"column\">\n\t\t\t<div class=\"elementor-column-wrap elementor-element-populated\">\n\t\t\t\t\t\t\t<div class=\"elementor-widget-wrap\">\n\t\t\t\t\t\t<div class=\"elementor-element elementor-element-f498fc7 elementor-widget elementor-widget-spacer\" data-id=\"f498fc7\" data-element_type=\"widget\" data-widget_type=\"spacer.default\">\n\t\t\t\t<div class=\"elementor-widget-container\">\n\t\t\t\t\t<div class=\"elementor-spacer\">\n\t\t\t<div class=\"elementor-spacer-inner\"><\/div>\n\t\t<\/div>\n\t\t\t\t<\/div>\n\t\t\t\t<\/div>\n\t\t\t\t\t\t<\/div>\n\t\t\t\t\t<\/div>\n\t\t<\/div>\n\t\t\t\t\t\t\t\t<\/div>\n\t\t\t\t\t<\/div>\n\t\t<\/section>\n\t\t\t\t<section class=\"elementor-section elementor-top-section elementor-element elementor-element-c92baa1 elementor-section-boxed elementor-section-height-default elementor-section-height-default\" data-id=\"c92baa1\" data-element_type=\"section\">\n\t\t\t\t\t\t<div class=\"elementor-container elementor-column-gap-default\">\n\t\t\t\t\t\t\t<div class=\"elementor-row\">\n\t\t\t\t\t<div class=\"elementor-column elementor-col-50 elementor-top-column elementor-element elementor-element-bf96e49\" data-id=\"bf96e49\" data-element_type=\"column\">\n\t\t\t<div class=\"elementor-column-wrap elementor-element-populated\">\n\t\t\t\t\t\t\t<div class=\"elementor-widget-wrap\">\n\t\t\t\t\t\t<div class=\"elementor-element elementor-element-f6464c8 elementor-widget elementor-widget-image\" data-id=\"f6464c8\" data-element_type=\"widget\" data-widget_type=\"image.default\">\n\t\t\t\t<div class=\"elementor-widget-container\">\n\t\t\t\t\t<div class=\"elementor-image\">\n\t\t\t\t\t\t\t\t\t\t<img width=\"1000\" height=\"1000\" src=\"https:\/\/progift.fi\/wp-content\/uploads\/2020\/09\/park-mini.jpg\" class=\"attachment-large size-large\" alt=\"\" loading=\"lazy\" srcset=\"https:\/\/progift.fi\/wp-content\/uploads\/2020\/09\/park-mini.jpg 1000w, https:\/\/progift.fi\/wp-content\/uploads\/2020\/09\/park-mini-300x300.jpg 300w, https:\/\/progift.fi\/wp-content\/uploads\/2020\/09\/park-mini-150x150.jpg 150w, https:\/\/progift.fi\/wp-content\/uploads\/2020\/09\/park-mini-768x768.jpg 768w\" sizes=\"(max-width: 1000px) 100vw, 1000px\" \/>\t\t\t\t\t\t\t\t\t\t\t<\/div>\n\t\t\t\t<\/div>\n\t\t\t\t<\/div>\n\t\t\t\t\t\t<\/div>\n\t\t\t\t\t<\/div>\n\t\t<\/div>\n\t\t\t\t<div class=\"elementor-column elementor-col-50 elementor-top-column elementor-element elementor-element-7d91de6\" data-id=\"7d91de6\" data-element_type=\"column\">\n\t\t\t<div class=\"elementor-column-wrap elementor-element-populated\">\n\t\t\t\t\t\t\t<div class=\"elementor-widget-wrap\">\n\t\t\t\t\t\t<div class=\"elementor-element elementor-element-d0c8a5d elementor-widget elementor-widget-text-editor\" data-id=\"d0c8a5d\" data-element_type=\"widget\" data-widget_type=\"text-editor.default\">\n\t\t\t\t<div class=\"elementor-widget-container\">\n\t\t\t\t\t<div class=\"elementor-text-editor elementor-clearfix\"><h3>Park Mini<\/h3><h3><span style=\"color: #7a7a7a;\"><span style=\"font-size: 15px;\">Park Mini on markkinoiden pienin elektroninen pys\u00e4k\u00f6intikiekko, joka aktivoituu automaattisesti auton pys\u00e4htyess\u00e4. Kun Park Mini asennetaan tuulilasin oikeaan alakulmaan, kuljettajan ei tarvitse en\u00e4\u00e4 muistaa asettaa pys\u00e4k\u00f6intikiekkoa pys\u00e4k\u00f6idess\u00e4\u00e4n. Park Mini on suunniteltu ja kehitetty Tanskassa, ja sen toiminta on taattu my\u00f6s eritt\u00e4in kuumissa ja kylmiss\u00e4 l\u00e4mp\u00f6tiloissa (-40C \u2013 +75C). Park Mini on helppo k\u00e4ytt\u00e4\u00e4, eik\u00e4 sen k\u00e4ytt\u00f6 edellyt\u00e4 aiempaa kokemusta vastaavista tuotteista.<\/span><\/span><\/h3><h3><span style=\"color: #7a7a7a;\"><span style=\"font-size: 15px;\">\u00a0<\/span><\/span><\/h3><h3><span style=\"color: #7a7a7a;\"><span style=\"font-size: 15px;\">Hinta alkaen 30 \u20ac\/kpl<\/span><\/span><\/h3><div>\u00a0<\/div><div>\u00a0<\/div><div>\u00a0<\/div><div>\u00a0<\/div><div>\u00a0<\/div><\/div>\n\t\t\t\t<\/div>\n\t\t\t\t<\/div>\n\t\t\t\t\t\t<\/div>\n\t\t\t\t\t<\/div>\n\t\t<\/div>\n\t\t\t\t\t\t\t\t<\/div>\n\t\t\t\t\t<\/div>\n\t\t<\/section>\n\t\t\t\t\t\t<\/div>\n\t\t\t\t\t\t<\/div>\n\t\t\t\t\t<\/div>\n\t\t","protected":false},"excerpt":{"rendered":"<p>Park Mini Park Mini on markkinoiden pienin elektroninen pys\u00e4k\u00f6intikiekko, joka aktivoituu automaattisesti auton pys\u00e4htyess\u00e4. Kun Park Mini asennetaan tuulilasin oikeaan alakulmaan, kuljettajan ei tarvitse en\u00e4\u00e4 muistaa asettaa pys\u00e4k\u00f6intikiekkoa pys\u00e4k\u00f6idess\u00e4\u00e4n. Park Mini on suunniteltu ja kehitetty Tanskassa, ja sen toiminta on taattu my\u00f6s eritt\u00e4in kuumissa ja kylmiss\u00e4 l\u00e4mp\u00f6tiloissa (-40C \u2013 +75C). Park Mini on helppo k\u00e4ytt\u00e4\u00e4, &hellip;<\/p>\n<p class=\"read-more\"> <a class=\"\" href=\"https:\/\/progift.fi\/index.php\/park-mini\/\"> <span class=\"screen-reader-text\">Park Mini<\/span> Lue lis\u00e4\u00e4 &raquo;<\/a><\/p>\n","protected":false},"author":1,"featured_media":0,"parent":0,"menu_order":0,"comment_status":"closed","ping_status":"closed","template":"","meta":[],"_links":{"self":[{"href":"https:\/\/progift.fi\/index.php\/wp-json\/wp\/v2\/pages\/1997"}],"collection":[{"href":"https:\/\/progift.fi\/index.php\/wp-json\/wp\/v2\/pages"}],"about":[{"href":"https:\/\/progift.fi\/index.php\/wp-json\/wp\/v2\/types\/page"}],"author":[{"embeddable":true,"href":"https:\/\/progift.fi\/index.php\/wp-json\/wp\/v2\/users\/1"}],"replies":[{"embeddable":true,"href":"https:\/\/progift.fi\/index.php\/wp-json\/wp\/v2\/comments?post=1997"}],"version-history":[{"count":3,"href":"https:\/\/progift.fi\/index.php\/wp-json\/wp\/v2\/pages\/1997\/revisions"}],"predecessor-version":[{"id":2002,"href":"https:\/\/progift.fi\/index.php\/wp-json\/wp\/v2\/pages\/1997\/revisions\/2002"}],"wp:attachment":[{"href":"https:\/\/progift.fi\/index.php\/wp-json\/wp\/v2\/media?parent=1997"}],"curies":[{"name":"wp","href":"https:\/\/api.w.org\/{rel}","templated":true}]}}