{"id":2113,"date":"2020-09-18T10:08:20","date_gmt":"2020-09-18T10:08:20","guid":{"rendered":"https:\/\/progift.fi\/?page_id=2113"},"modified":"2020-09-18T10:11:23","modified_gmt":"2020-09-18T10:11:23","slug":"hygienia-human-avaimenpera","status":"publish","type":"page","link":"https:\/\/progift.fi\/index.php\/hygienia-human-avaimenpera\/","title":{"rendered":"Hygienia Human -avaimenper\u00e4"},"content":{"rendered":"\t\t<div data-elementor-type=\"wp-page\" data-elementor-id=\"2113\" class=\"elementor elementor-2113\" data-elementor-settings=\"[]\">\n\t\t\t\t\t\t<div class=\"elementor-inner\">\n\t\t\t\t\t\t\t<div class=\"elementor-section-wrap\">\n\t\t\t\t\t\t\t<section class=\"elementor-section elementor-top-section elementor-element elementor-element-c92baa1 elementor-section-boxed elementor-section-height-default elementor-section-height-default\" data-id=\"c92baa1\" data-element_type=\"section\">\n\t\t\t\t\t\t<div class=\"elementor-container elementor-column-gap-default\">\n\t\t\t\t\t\t\t<div class=\"elementor-row\">\n\t\t\t\t\t<div class=\"elementor-column elementor-col-50 elementor-top-column elementor-element elementor-element-bf96e49\" data-id=\"bf96e49\" data-element_type=\"column\">\n\t\t\t<div class=\"elementor-column-wrap elementor-element-populated\">\n\t\t\t\t\t\t\t<div class=\"elementor-widget-wrap\">\n\t\t\t\t\t\t<div class=\"elementor-element elementor-element-f6464c8 elementor-widget elementor-widget-image\" data-id=\"f6464c8\" data-element_type=\"widget\" data-widget_type=\"image.default\">\n\t\t\t\t<div class=\"elementor-widget-container\">\n\t\t\t\t\t<div class=\"elementor-image\">\n\t\t\t\t\t\t\t\t\t\t<img width=\"1000\" height=\"1000\" src=\"https:\/\/progift.fi\/wp-content\/uploads\/2020\/09\/hygieniahumankeychain.jpg\" class=\"attachment-large size-large\" alt=\"\" loading=\"lazy\" srcset=\"https:\/\/progift.fi\/wp-content\/uploads\/2020\/09\/hygieniahumankeychain.jpg 1000w, https:\/\/progift.fi\/wp-content\/uploads\/2020\/09\/hygieniahumankeychain-300x300.jpg 300w, https:\/\/progift.fi\/wp-content\/uploads\/2020\/09\/hygieniahumankeychain-150x150.jpg 150w, https:\/\/progift.fi\/wp-content\/uploads\/2020\/09\/hygieniahumankeychain-768x768.jpg 768w\" sizes=\"(max-width: 1000px) 100vw, 1000px\" \/>\t\t\t\t\t\t\t\t\t\t\t<\/div>\n\t\t\t\t<\/div>\n\t\t\t\t<\/div>\n\t\t\t\t\t\t<\/div>\n\t\t\t\t\t<\/div>\n\t\t<\/div>\n\t\t\t\t<div class=\"elementor-column elementor-col-50 elementor-top-column elementor-element elementor-element-7d91de6\" data-id=\"7d91de6\" data-element_type=\"column\">\n\t\t\t<div class=\"elementor-column-wrap elementor-element-populated\">\n\t\t\t\t\t\t\t<div class=\"elementor-widget-wrap\">\n\t\t\t\t\t\t<div class=\"elementor-element elementor-element-d0c8a5d elementor-widget elementor-widget-text-editor\" data-id=\"d0c8a5d\" data-element_type=\"widget\" data-widget_type=\"text-editor.default\">\n\t\t\t\t<div class=\"elementor-widget-container\">\n\t\t\t\t\t<div class=\"elementor-text-editor elementor-clearfix\"><h3>\u00a0<\/h3><h3>Hygienia Human -avaimenper\u00e4<\/h3><h3><span style=\"color: #7a7a7a;\"><span style=\"font-size: 15px;\">T\u00e4ll\u00e4 avaimenper\u00e4ll\u00e4 kosketat hygieenisesti ja turvallisesti hissin painonappeja, oven kahvoja, hanoja ja p\u00e4\u00e4 toimii samalla k\u00e4rrypolettina. 100 % kotimainen tuote ja valmistettu kierr\u00e4tysmuovista.\u00a0<\/span><\/span><\/h3><h3><span style=\"color: #7a7a7a;\"><span style=\"font-size: 15px;\">Hinta alkaen 1,40 \u20ac\/kpl<\/span><\/span><\/h3><div>\u00a0<\/div><div>\u00a0<\/div><div>\u00a0<\/div><div>\u00a0<\/div><h3><span style=\"font-size: 15px; color: var( --e-global-color-text ); font-family: var( --e-global-typography-text-font-family );\">\u00a0<\/span><\/h3><div>\u00a0<\/div><div>\u00a0<\/div><div>\u00a0<\/div><div>\u00a0<\/div><div>\u00a0<\/div><div>\u00a0<\/div><div>\u00a0<\/div><\/div>\n\t\t\t\t<\/div>\n\t\t\t\t<\/div>\n\t\t\t\t\t\t<\/div>\n\t\t\t\t\t<\/div>\n\t\t<\/div>\n\t\t\t\t\t\t\t\t<\/div>\n\t\t\t\t\t<\/div>\n\t\t<\/section>\n\t\t\t\t\t\t<\/div>\n\t\t\t\t\t\t<\/div>\n\t\t\t\t\t<\/div>\n\t\t","protected":false},"excerpt":{"rendered":"<p>\u00a0 Hygienia Human -avaimenper\u00e4 T\u00e4ll\u00e4 avaimenper\u00e4ll\u00e4 kosketat hygieenisesti ja turvallisesti hissin painonappeja, oven kahvoja, hanoja ja p\u00e4\u00e4 toimii samalla k\u00e4rrypolettina. 100 % kotimainen tuote ja valmistettu kierr\u00e4tysmuovista.\u00a0 Hinta alkaen 1,40 \u20ac\/kpl \u00a0\u00a0\u00a0\u00a0 \u00a0 \u00a0\u00a0\u00a0\u00a0\u00a0\u00a0\u00a0<\/p>\n","protected":false},"author":1,"featured_media":0,"parent":0,"menu_order":0,"comment_status":"closed","ping_status":"closed","template":"","meta":[],"_links":{"self":[{"href":"https:\/\/progift.fi\/index.php\/wp-json\/wp\/v2\/pages\/2113"}],"collection":[{"href":"https:\/\/progift.fi\/index.php\/wp-json\/wp\/v2\/pages"}],"about":[{"href":"https:\/\/progift.fi\/index.php\/wp-json\/wp\/v2\/types\/page"}],"author":[{"embeddable":true,"href":"https:\/\/progift.fi\/index.php\/wp-json\/wp\/v2\/users\/1"}],"replies":[{"embeddable":true,"href":"https:\/\/progift.fi\/index.php\/wp-json\/wp\/v2\/comments?post=2113"}],"version-history":[{"count":3,"href":"https:\/\/progift.fi\/index.php\/wp-json\/wp\/v2\/pages\/2113\/revisions"}],"predecessor-version":[{"id":2117,"href":"https:\/\/progift.fi\/index.php\/wp-json\/wp\/v2\/pages\/2113\/revisions\/2117"}],"wp:attachment":[{"href":"https:\/\/progift.fi\/index.php\/wp-json\/wp\/v2\/media?parent=2113"}],"curies":[{"name":"wp","href":"https:\/\/api.w.org\/{rel}","templated":true}]}}