{"id":2254,"date":"2021-02-08T10:37:04","date_gmt":"2021-02-08T10:37:04","guid":{"rendered":"https:\/\/progift.fi\/?page_id=2254"},"modified":"2021-02-08T10:37:44","modified_gmt":"2021-02-08T10:37:44","slug":"moneta-kuulakarkikyna-abs-muovista-vehnanolkivarrella-ja-naksautusmekanismilla","status":"publish","type":"page","link":"https:\/\/progift.fi\/index.php\/moneta-kuulakarkikyna-abs-muovista-vehnanolkivarrella-ja-naksautusmekanismilla\/","title":{"rendered":"Moneta-kuulak\u00e4rkikyn\u00e4 ABS-muovista, vehn\u00e4nolkivarrella ja naksautusmekanismilla"},"content":{"rendered":"\t\t<div data-elementor-type=\"wp-page\" data-elementor-id=\"2254\" class=\"elementor elementor-2254\" data-elementor-settings=\"[]\">\n\t\t\t\t\t\t<div class=\"elementor-inner\">\n\t\t\t\t\t\t\t<div class=\"elementor-section-wrap\">\n\t\t\t\t\t\t\t<section class=\"elementor-section elementor-top-section elementor-element elementor-element-0223f27 elementor-section-boxed elementor-section-height-default elementor-section-height-default\" data-id=\"0223f27\" data-element_type=\"section\">\n\t\t\t\t\t\t<div class=\"elementor-container elementor-column-gap-default\">\n\t\t\t\t\t\t\t<div class=\"elementor-row\">\n\t\t\t\t\t<div class=\"elementor-column elementor-col-100 elementor-top-column elementor-element elementor-element-c97254a\" data-id=\"c97254a\" data-element_type=\"column\">\n\t\t\t<div class=\"elementor-column-wrap elementor-element-populated\">\n\t\t\t\t\t\t\t<div class=\"elementor-widget-wrap\">\n\t\t\t\t\t\t<div class=\"elementor-element elementor-element-f498fc7 elementor-widget elementor-widget-spacer\" data-id=\"f498fc7\" data-element_type=\"widget\" data-widget_type=\"spacer.default\">\n\t\t\t\t<div class=\"elementor-widget-container\">\n\t\t\t\t\t<div class=\"elementor-spacer\">\n\t\t\t<div class=\"elementor-spacer-inner\"><\/div>\n\t\t<\/div>\n\t\t\t\t<\/div>\n\t\t\t\t<\/div>\n\t\t\t\t\t\t<\/div>\n\t\t\t\t\t<\/div>\n\t\t<\/div>\n\t\t\t\t\t\t\t\t<\/div>\n\t\t\t\t\t<\/div>\n\t\t<\/section>\n\t\t\t\t<section class=\"elementor-section elementor-top-section elementor-element elementor-element-c92baa1 elementor-section-boxed elementor-section-height-default elementor-section-height-default\" data-id=\"c92baa1\" data-element_type=\"section\">\n\t\t\t\t\t\t<div class=\"elementor-container elementor-column-gap-default\">\n\t\t\t\t\t\t\t<div class=\"elementor-row\">\n\t\t\t\t\t<div class=\"elementor-column elementor-col-50 elementor-top-column elementor-element elementor-element-bf96e49\" data-id=\"bf96e49\" data-element_type=\"column\">\n\t\t\t<div class=\"elementor-column-wrap elementor-element-populated\">\n\t\t\t\t\t\t\t<div class=\"elementor-widget-wrap\">\n\t\t\t\t\t\t<div class=\"elementor-element elementor-element-f6464c8 elementor-widget elementor-widget-image\" data-id=\"f6464c8\" data-element_type=\"widget\" data-widget_type=\"image.default\">\n\t\t\t\t<div class=\"elementor-widget-container\">\n\t\t\t\t\t<div class=\"elementor-image\">\n\t\t\t\t\t\t\t\t\t\t<img width=\"1000\" height=\"1000\" src=\"https:\/\/progift.fi\/wp-content\/uploads\/2021\/02\/Moneta_kuulakarkikyna_ABS-muovista.jpg\" class=\"attachment-large size-large\" alt=\"\" loading=\"lazy\" srcset=\"https:\/\/progift.fi\/wp-content\/uploads\/2021\/02\/Moneta_kuulakarkikyna_ABS-muovista.jpg 1000w, https:\/\/progift.fi\/wp-content\/uploads\/2021\/02\/Moneta_kuulakarkikyna_ABS-muovista-300x300.jpg 300w, https:\/\/progift.fi\/wp-content\/uploads\/2021\/02\/Moneta_kuulakarkikyna_ABS-muovista-150x150.jpg 150w, https:\/\/progift.fi\/wp-content\/uploads\/2021\/02\/Moneta_kuulakarkikyna_ABS-muovista-768x768.jpg 768w\" sizes=\"(max-width: 1000px) 100vw, 1000px\" \/>\t\t\t\t\t\t\t\t\t\t\t<\/div>\n\t\t\t\t<\/div>\n\t\t\t\t<\/div>\n\t\t\t\t\t\t<\/div>\n\t\t\t\t\t<\/div>\n\t\t<\/div>\n\t\t\t\t<div class=\"elementor-column elementor-col-50 elementor-top-column elementor-element elementor-element-7d91de6\" data-id=\"7d91de6\" data-element_type=\"column\">\n\t\t\t<div class=\"elementor-column-wrap elementor-element-populated\">\n\t\t\t\t\t\t\t<div class=\"elementor-widget-wrap\">\n\t\t\t\t\t\t<div class=\"elementor-element elementor-element-d0c8a5d elementor-widget elementor-widget-text-editor\" data-id=\"d0c8a5d\" data-element_type=\"widget\" data-widget_type=\"text-editor.default\">\n\t\t\t\t<div class=\"elementor-widget-container\">\n\t\t\t\t\t<div class=\"elementor-text-editor elementor-clearfix\"><h3>Moneta-kuulak\u00e4rkikyn\u00e4 ABS-muovista, vehn\u00e4nolkivarrella ja naksautusmekanismilla\u00a0\u00a0<\/h3><h3><span style=\"color: #7a7a7a;\"><span style=\"font-size: 15px;\">Ymp\u00e4rist\u00f6yst\u00e4v\u00e4llinen kuulak\u00e4rkikyn\u00e4, jonka naksautusmekanismissa on 48 % vehn\u00e4nolkea. Vehn\u00e4nolkea saadaan, kun vehn\u00e4njyv\u00e4t korjataan. Se v\u00e4hent\u00e4\u00e4 k\u00e4ytetyn muovin m\u00e4\u00e4r\u00e4\u00e4. Ymp\u00e4rist\u00f6yst\u00e4v\u00e4llisill\u00e4 kuulak\u00e4rkikynill\u00e4 on laaja v\u00e4rivalikoima ja niiss\u00e4 on kiinnostavia kromattuja yksityiskohtia. Suositussa Moneta-valikoimassa on monia eri tyylisi\u00e4 ja eri tavoin viimeisteltyj\u00e4 kyni\u00e4. ABS Muovi.<\/span><\/span><\/h3><h3><span style=\"font-size: 15px; color: #7a7a7a; font-family: var( --e-global-typography-text-font-family ), Sans-serif;\">Hinta alkaen 0,59 \u20ac\/kpl<\/span><\/h3><div>\u00a0<\/div><div>\u00a0<\/div><div>\u00a0<\/div><div>\u00a0<\/div><h3><span style=\"font-size: 15px; color: var( --e-global-color-text ); font-family: var( --e-global-typography-text-font-family );\">\u00a0<\/span><\/h3><div>\u00a0<\/div><div>\u00a0<\/div><div>\u00a0<\/div><div>\u00a0<\/div><div>\u00a0<\/div><\/div>\n\t\t\t\t<\/div>\n\t\t\t\t<\/div>\n\t\t\t\t\t\t<\/div>\n\t\t\t\t\t<\/div>\n\t\t<\/div>\n\t\t\t\t\t\t\t\t<\/div>\n\t\t\t\t\t<\/div>\n\t\t<\/section>\n\t\t\t\t\t\t<\/div>\n\t\t\t\t\t\t<\/div>\n\t\t\t\t\t<\/div>\n\t\t","protected":false},"excerpt":{"rendered":"<p>Moneta-kuulak\u00e4rkikyn\u00e4 ABS-muovista, vehn\u00e4nolkivarrella ja naksautusmekanismilla\u00a0\u00a0 Ymp\u00e4rist\u00f6yst\u00e4v\u00e4llinen kuulak\u00e4rkikyn\u00e4, jonka naksautusmekanismissa on 48 % vehn\u00e4nolkea. Vehn\u00e4nolkea saadaan, kun vehn\u00e4njyv\u00e4t korjataan. Se v\u00e4hent\u00e4\u00e4 k\u00e4ytetyn muovin m\u00e4\u00e4r\u00e4\u00e4. Ymp\u00e4rist\u00f6yst\u00e4v\u00e4llisill\u00e4 kuulak\u00e4rkikynill\u00e4 on laaja v\u00e4rivalikoima ja niiss\u00e4 on kiinnostavia kromattuja yksityiskohtia. Suositussa Moneta-valikoimassa on monia eri tyylisi\u00e4 ja eri tavoin viimeisteltyj\u00e4 kyni\u00e4. ABS Muovi. Hinta alkaen 0,59 \u20ac\/kpl \u00a0\u00a0\u00a0\u00a0 \u00a0 \u00a0\u00a0\u00a0\u00a0\u00a0<\/p>\n","protected":false},"author":1,"featured_media":0,"parent":0,"menu_order":0,"comment_status":"closed","ping_status":"closed","template":"","meta":[],"_links":{"self":[{"href":"https:\/\/progift.fi\/index.php\/wp-json\/wp\/v2\/pages\/2254"}],"collection":[{"href":"https:\/\/progift.fi\/index.php\/wp-json\/wp\/v2\/pages"}],"about":[{"href":"https:\/\/progift.fi\/index.php\/wp-json\/wp\/v2\/types\/page"}],"author":[{"embeddable":true,"href":"https:\/\/progift.fi\/index.php\/wp-json\/wp\/v2\/users\/1"}],"replies":[{"embeddable":true,"href":"https:\/\/progift.fi\/index.php\/wp-json\/wp\/v2\/comments?post=2254"}],"version-history":[{"count":4,"href":"https:\/\/progift.fi\/index.php\/wp-json\/wp\/v2\/pages\/2254\/revisions"}],"predecessor-version":[{"id":2282,"href":"https:\/\/progift.fi\/index.php\/wp-json\/wp\/v2\/pages\/2254\/revisions\/2282"}],"wp:attachment":[{"href":"https:\/\/progift.fi\/index.php\/wp-json\/wp\/v2\/media?parent=2254"}],"curies":[{"name":"wp","href":"https:\/\/api.w.org\/{rel}","templated":true}]}}