{"id":686,"date":"2020-01-28T11:50:06","date_gmt":"2020-01-28T11:50:06","guid":{"rendered":"https:\/\/progift.fi\/?page_id=686"},"modified":"2020-02-05T17:34:03","modified_gmt":"2020-02-05T17:34:03","slug":"halfare","status":"publish","type":"page","link":"https:\/\/progift.fi\/index.php\/halfare\/","title":{"rendered":"Halfare"},"content":{"rendered":"\t\t<div data-elementor-type=\"wp-page\" data-elementor-id=\"686\" class=\"elementor elementor-686\" data-elementor-settings=\"[]\">\n\t\t\t\t\t\t<div class=\"elementor-inner\">\n\t\t\t\t\t\t\t<div class=\"elementor-section-wrap\">\n\t\t\t\t\t\t\t<section class=\"elementor-section elementor-top-section elementor-element elementor-element-3f0c678 elementor-section-boxed elementor-section-height-default elementor-section-height-default\" data-id=\"3f0c678\" data-element_type=\"section\">\n\t\t\t\t\t\t<div class=\"elementor-container elementor-column-gap-default\">\n\t\t\t\t\t\t\t<div class=\"elementor-row\">\n\t\t\t\t\t<div class=\"elementor-column elementor-col-100 elementor-top-column elementor-element elementor-element-16cf5da\" data-id=\"16cf5da\" data-element_type=\"column\">\n\t\t\t<div class=\"elementor-column-wrap elementor-element-populated\">\n\t\t\t\t\t\t\t<div class=\"elementor-widget-wrap\">\n\t\t\t\t\t\t<div class=\"elementor-element elementor-element-6480b69 elementor-widget elementor-widget-spacer\" data-id=\"6480b69\" data-element_type=\"widget\" data-widget_type=\"spacer.default\">\n\t\t\t\t<div class=\"elementor-widget-container\">\n\t\t\t\t\t<div class=\"elementor-spacer\">\n\t\t\t<div class=\"elementor-spacer-inner\"><\/div>\n\t\t<\/div>\n\t\t\t\t<\/div>\n\t\t\t\t<\/div>\n\t\t\t\t\t\t<\/div>\n\t\t\t\t\t<\/div>\n\t\t<\/div>\n\t\t\t\t\t\t\t\t<\/div>\n\t\t\t\t\t<\/div>\n\t\t<\/section>\n\t\t\t\t<section class=\"elementor-section elementor-top-section elementor-element elementor-element-7a06740 elementor-section-boxed elementor-section-height-default elementor-section-height-default\" data-id=\"7a06740\" data-element_type=\"section\">\n\t\t\t\t\t\t<div class=\"elementor-container elementor-column-gap-default\">\n\t\t\t\t\t\t\t<div class=\"elementor-row\">\n\t\t\t\t\t<div class=\"elementor-column elementor-col-50 elementor-top-column elementor-element elementor-element-679044c\" data-id=\"679044c\" data-element_type=\"column\">\n\t\t\t<div class=\"elementor-column-wrap elementor-element-populated\">\n\t\t\t\t\t\t\t<div class=\"elementor-widget-wrap\">\n\t\t\t\t\t\t<div class=\"elementor-element elementor-element-1f05f15 elementor-widget elementor-widget-image\" data-id=\"1f05f15\" data-element_type=\"widget\" data-widget_type=\"image.default\">\n\t\t\t\t<div class=\"elementor-widget-container\">\n\t\t\t\t\t<div class=\"elementor-image\">\n\t\t\t\t\t\t\t\t\t\t<img width=\"1024\" height=\"1024\" src=\"https:\/\/progift.fi\/wp-content\/uploads\/2019\/12\/Laukut-kuva3.jpg\" class=\"attachment-large size-large\" alt=\"\" loading=\"lazy\" srcset=\"https:\/\/progift.fi\/wp-content\/uploads\/2019\/12\/Laukut-kuva3.jpg 1024w, https:\/\/progift.fi\/wp-content\/uploads\/2019\/12\/Laukut-kuva3-150x150.jpg 150w, https:\/\/progift.fi\/wp-content\/uploads\/2019\/12\/Laukut-kuva3-300x300.jpg 300w, https:\/\/progift.fi\/wp-content\/uploads\/2019\/12\/Laukut-kuva3-768x768.jpg 768w\" sizes=\"(max-width: 1024px) 100vw, 1024px\" \/>\t\t\t\t\t\t\t\t\t\t\t<\/div>\n\t\t\t\t<\/div>\n\t\t\t\t<\/div>\n\t\t\t\t\t\t<\/div>\n\t\t\t\t\t<\/div>\n\t\t<\/div>\n\t\t\t\t<div class=\"elementor-column elementor-col-50 elementor-top-column elementor-element elementor-element-1bc3082\" data-id=\"1bc3082\" data-element_type=\"column\">\n\t\t\t<div class=\"elementor-column-wrap elementor-element-populated\">\n\t\t\t\t\t\t\t<div class=\"elementor-widget-wrap\">\n\t\t\t\t\t\t<div class=\"elementor-element elementor-element-f018fd6 elementor-widget elementor-widget-text-editor\" data-id=\"f018fd6\" data-element_type=\"widget\" data-widget_type=\"text-editor.default\">\n\t\t\t\t<div class=\"elementor-widget-container\">\n\t\t\t\t\t<div class=\"elementor-text-editor elementor-clearfix\"><p>\u00a0<\/p><h3>Halfare-turvareppu<\/h3><p>Topattu reppu, joka aukeaa takakautta. Sis\u00e4ll\u00e4 useampi tasku, johon mahtuu kannettava tietokone, tabletti ja puhelin. Tasku RFID-suojattu, jolloin tietokoneita ja puhelinta ei voi skannata laukun l\u00e4pi. S\u00e4\u00e4dett\u00e4v\u00e4 olkahihnat.<\/p><p><span style=\"font-size: 15px;\">Koko: 46 cm x 33cm x 12cm, materiaali polyesteria<\/span><\/p><p>Hinta alkaen 41 \u20ac\u00a0<\/p><\/div>\n\t\t\t\t<\/div>\n\t\t\t\t<\/div>\n\t\t\t\t\t\t<\/div>\n\t\t\t\t\t<\/div>\n\t\t<\/div>\n\t\t\t\t\t\t\t\t<\/div>\n\t\t\t\t\t<\/div>\n\t\t<\/section>\n\t\t\t\t\t\t<\/div>\n\t\t\t\t\t\t<\/div>\n\t\t\t\t\t<\/div>\n\t\t","protected":false},"excerpt":{"rendered":"<p>\u00a0 Halfare-turvareppu Topattu reppu, joka aukeaa takakautta. Sis\u00e4ll\u00e4 useampi tasku, johon mahtuu kannettava tietokone, tabletti ja puhelin. Tasku RFID-suojattu, jolloin tietokoneita ja puhelinta ei voi skannata laukun l\u00e4pi. S\u00e4\u00e4dett\u00e4v\u00e4 olkahihnat. Koko: 46 cm x 33cm x 12cm, materiaali polyesteria Hinta alkaen 41 \u20ac\u00a0<\/p>\n","protected":false},"author":1,"featured_media":0,"parent":0,"menu_order":0,"comment_status":"closed","ping_status":"closed","template":"","meta":[],"_links":{"self":[{"href":"https:\/\/progift.fi\/index.php\/wp-json\/wp\/v2\/pages\/686"}],"collection":[{"href":"https:\/\/progift.fi\/index.php\/wp-json\/wp\/v2\/pages"}],"about":[{"href":"https:\/\/progift.fi\/index.php\/wp-json\/wp\/v2\/types\/page"}],"author":[{"embeddable":true,"href":"https:\/\/progift.fi\/index.php\/wp-json\/wp\/v2\/users\/1"}],"replies":[{"embeddable":true,"href":"https:\/\/progift.fi\/index.php\/wp-json\/wp\/v2\/comments?post=686"}],"version-history":[{"count":11,"href":"https:\/\/progift.fi\/index.php\/wp-json\/wp\/v2\/pages\/686\/revisions"}],"predecessor-version":[{"id":770,"href":"https:\/\/progift.fi\/index.php\/wp-json\/wp\/v2\/pages\/686\/revisions\/770"}],"wp:attachment":[{"href":"https:\/\/progift.fi\/index.php\/wp-json\/wp\/v2\/media?parent=686"}],"curies":[{"name":"wp","href":"https:\/\/api.w.org\/{rel}","templated":true}]}}