{"id":830,"date":"2020-02-22T11:54:30","date_gmt":"2020-02-22T11:54:30","guid":{"rendered":"https:\/\/progift.fi\/?page_id=830"},"modified":"2020-09-03T14:40:49","modified_gmt":"2020-09-03T14:40:49","slug":"college-takki","status":"publish","type":"page","link":"https:\/\/progift.fi\/index.php\/college-takki\/","title":{"rendered":"College-takki"},"content":{"rendered":"\t\t<div data-elementor-type=\"wp-page\" data-elementor-id=\"830\" class=\"elementor elementor-830\" data-elementor-settings=\"[]\">\n\t\t\t\t\t\t<div class=\"elementor-inner\">\n\t\t\t\t\t\t\t<div class=\"elementor-section-wrap\">\n\t\t\t\t\t\t\t<section class=\"elementor-section elementor-top-section elementor-element elementor-element-6a36628 elementor-section-boxed elementor-section-height-default elementor-section-height-default\" data-id=\"6a36628\" data-element_type=\"section\">\n\t\t\t\t\t\t<div class=\"elementor-container elementor-column-gap-default\">\n\t\t\t\t\t\t\t<div class=\"elementor-row\">\n\t\t\t\t\t<div class=\"elementor-column elementor-col-100 elementor-top-column elementor-element elementor-element-60557bd\" data-id=\"60557bd\" data-element_type=\"column\">\n\t\t\t<div class=\"elementor-column-wrap elementor-element-populated\">\n\t\t\t\t\t\t\t<div class=\"elementor-widget-wrap\">\n\t\t\t\t\t\t<div class=\"elementor-element elementor-element-bec20f6 elementor-widget elementor-widget-spacer\" data-id=\"bec20f6\" data-element_type=\"widget\" data-widget_type=\"spacer.default\">\n\t\t\t\t<div class=\"elementor-widget-container\">\n\t\t\t\t\t<div class=\"elementor-spacer\">\n\t\t\t<div class=\"elementor-spacer-inner\"><\/div>\n\t\t<\/div>\n\t\t\t\t<\/div>\n\t\t\t\t<\/div>\n\t\t\t\t\t\t<\/div>\n\t\t\t\t\t<\/div>\n\t\t<\/div>\n\t\t\t\t\t\t\t\t<\/div>\n\t\t\t\t\t<\/div>\n\t\t<\/section>\n\t\t\t\t<section class=\"elementor-section elementor-top-section elementor-element elementor-element-9b2465b elementor-section-boxed elementor-section-height-default elementor-section-height-default\" data-id=\"9b2465b\" data-element_type=\"section\">\n\t\t\t\t\t\t<div class=\"elementor-container elementor-column-gap-default\">\n\t\t\t\t\t\t\t<div class=\"elementor-row\">\n\t\t\t\t\t<div class=\"elementor-column elementor-col-50 elementor-top-column elementor-element elementor-element-7116b74\" data-id=\"7116b74\" data-element_type=\"column\">\n\t\t\t<div class=\"elementor-column-wrap elementor-element-populated\">\n\t\t\t\t\t\t\t<div class=\"elementor-widget-wrap\">\n\t\t\t\t\t\t<div class=\"elementor-element elementor-element-27b25b1 elementor-widget elementor-widget-image\" data-id=\"27b25b1\" data-element_type=\"widget\" data-widget_type=\"image.default\">\n\t\t\t\t<div class=\"elementor-widget-container\">\n\t\t\t\t\t<div class=\"elementor-image\">\n\t\t\t\t\t\t\t\t\t\t<img width=\"1000\" height=\"1000\" src=\"https:\/\/progift.fi\/wp-content\/uploads\/2020\/02\/Clique-Premium-OC-Cardigan-Ladies_L.jpg\" class=\"attachment-large size-large\" alt=\"\" loading=\"lazy\" srcset=\"https:\/\/progift.fi\/wp-content\/uploads\/2020\/02\/Clique-Premium-OC-Cardigan-Ladies_L.jpg 1000w, https:\/\/progift.fi\/wp-content\/uploads\/2020\/02\/Clique-Premium-OC-Cardigan-Ladies_L-300x300.jpg 300w, https:\/\/progift.fi\/wp-content\/uploads\/2020\/02\/Clique-Premium-OC-Cardigan-Ladies_L-150x150.jpg 150w, https:\/\/progift.fi\/wp-content\/uploads\/2020\/02\/Clique-Premium-OC-Cardigan-Ladies_L-768x768.jpg 768w\" sizes=\"(max-width: 1000px) 100vw, 1000px\" \/>\t\t\t\t\t\t\t\t\t\t\t<\/div>\n\t\t\t\t<\/div>\n\t\t\t\t<\/div>\n\t\t\t\t\t\t<\/div>\n\t\t\t\t\t<\/div>\n\t\t<\/div>\n\t\t\t\t<div class=\"elementor-column elementor-col-50 elementor-top-column elementor-element elementor-element-3551dff\" data-id=\"3551dff\" data-element_type=\"column\">\n\t\t\t<div class=\"elementor-column-wrap elementor-element-populated\">\n\t\t\t\t\t\t\t<div class=\"elementor-widget-wrap\">\n\t\t\t\t\t\t<div class=\"elementor-element elementor-element-3d9c490 elementor-widget elementor-widget-text-editor\" data-id=\"3d9c490\" data-element_type=\"widget\" data-widget_type=\"text-editor.default\">\n\t\t\t\t<div class=\"elementor-widget-container\">\n\t\t\t\t\t<div class=\"elementor-text-editor elementor-clearfix\"><h3>Clique Premium OC Cardigan College-takki<\/h3><p>College-takki, Premium OC Cardigan (miesten ja naisten malli) on laadukas luomupuuvillasta ja kierr\u00e4tetyst\u00e4 polyesterisekoitteesta valmistettu collegetakki, jossa t\u00e4yspitk\u00e4 YKK-vetoketju patinoitua metallia. Flatlock-koristesaumat ja kaksi\u00a0taskua, joissa YKK-vetoketjut. Collegeneulosta, harjaamaton sis\u00e4puoli, vahvistettu niskasauma ja 1&#215;1-resorit hihansuissa ja helmassa. K\u00e4tev\u00e4 ratkaisu kuulokkeille.<\/p><p>V\u00e4rit: tummansininen, nature melange, meleerattu harmaa, meleerattu antrasiitti, musta<\/p><p>Hinta alkaen (ilman painatusta): 44 \u20ac<\/p><\/div>\n\t\t\t\t<\/div>\n\t\t\t\t<\/div>\n\t\t\t\t\t\t<\/div>\n\t\t\t\t\t<\/div>\n\t\t<\/div>\n\t\t\t\t\t\t\t\t<\/div>\n\t\t\t\t\t<\/div>\n\t\t<\/section>\n\t\t\t\t\t\t<\/div>\n\t\t\t\t\t\t<\/div>\n\t\t\t\t\t<\/div>\n\t\t","protected":false},"excerpt":{"rendered":"<p>Clique Premium OC Cardigan College-takki College-takki, Premium OC Cardigan (miesten ja naisten malli) on laadukas luomupuuvillasta ja kierr\u00e4tetyst\u00e4 polyesterisekoitteesta valmistettu collegetakki, jossa t\u00e4yspitk\u00e4 YKK-vetoketju patinoitua metallia. Flatlock-koristesaumat ja kaksi\u00a0taskua, joissa YKK-vetoketjut. Collegeneulosta, harjaamaton sis\u00e4puoli, vahvistettu niskasauma ja 1&#215;1-resorit hihansuissa ja helmassa. K\u00e4tev\u00e4 ratkaisu kuulokkeille. V\u00e4rit: tummansininen, nature melange, meleerattu harmaa, meleerattu antrasiitti, musta Hinta alkaen &hellip;<\/p>\n<p class=\"read-more\"> <a class=\"\" href=\"https:\/\/progift.fi\/index.php\/college-takki\/\"> <span class=\"screen-reader-text\">College-takki<\/span> Lue lis\u00e4\u00e4 &raquo;<\/a><\/p>\n","protected":false},"author":1,"featured_media":0,"parent":0,"menu_order":0,"comment_status":"closed","ping_status":"closed","template":"","meta":[],"_links":{"self":[{"href":"https:\/\/progift.fi\/index.php\/wp-json\/wp\/v2\/pages\/830"}],"collection":[{"href":"https:\/\/progift.fi\/index.php\/wp-json\/wp\/v2\/pages"}],"about":[{"href":"https:\/\/progift.fi\/index.php\/wp-json\/wp\/v2\/types\/page"}],"author":[{"embeddable":true,"href":"https:\/\/progift.fi\/index.php\/wp-json\/wp\/v2\/users\/1"}],"replies":[{"embeddable":true,"href":"https:\/\/progift.fi\/index.php\/wp-json\/wp\/v2\/comments?post=830"}],"version-history":[{"count":3,"href":"https:\/\/progift.fi\/index.php\/wp-json\/wp\/v2\/pages\/830\/revisions"}],"predecessor-version":[{"id":1822,"href":"https:\/\/progift.fi\/index.php\/wp-json\/wp\/v2\/pages\/830\/revisions\/1822"}],"wp:attachment":[{"href":"https:\/\/progift.fi\/index.php\/wp-json\/wp\/v2\/media?parent=830"}],"curies":[{"name":"wp","href":"https:\/\/api.w.org\/{rel}","templated":true}]}}