{"id":832,"date":"2020-02-22T11:54:42","date_gmt":"2020-02-22T11:54:42","guid":{"rendered":"https:\/\/progift.fi\/?page_id=832"},"modified":"2020-09-03T14:40:09","modified_gmt":"2020-09-03T14:40:09","slug":"huppari-vetoketjulla","status":"publish","type":"page","link":"https:\/\/progift.fi\/index.php\/huppari-vetoketjulla\/","title":{"rendered":"Huppari-vetoketjulla"},"content":{"rendered":"\t\t<div data-elementor-type=\"wp-page\" data-elementor-id=\"832\" class=\"elementor elementor-832\" data-elementor-settings=\"[]\">\n\t\t\t\t\t\t<div class=\"elementor-inner\">\n\t\t\t\t\t\t\t<div class=\"elementor-section-wrap\">\n\t\t\t\t\t\t\t<section class=\"elementor-section elementor-top-section elementor-element elementor-element-cb2047b elementor-section-boxed elementor-section-height-default elementor-section-height-default\" data-id=\"cb2047b\" data-element_type=\"section\">\n\t\t\t\t\t\t<div class=\"elementor-container elementor-column-gap-default\">\n\t\t\t\t\t\t\t<div class=\"elementor-row\">\n\t\t\t\t\t<div class=\"elementor-column elementor-col-100 elementor-top-column elementor-element elementor-element-edf577d\" data-id=\"edf577d\" data-element_type=\"column\">\n\t\t\t<div class=\"elementor-column-wrap elementor-element-populated\">\n\t\t\t\t\t\t\t<div class=\"elementor-widget-wrap\">\n\t\t\t\t\t\t<div class=\"elementor-element elementor-element-1de0f07 elementor-widget elementor-widget-spacer\" data-id=\"1de0f07\" data-element_type=\"widget\" data-widget_type=\"spacer.default\">\n\t\t\t\t<div class=\"elementor-widget-container\">\n\t\t\t\t\t<div class=\"elementor-spacer\">\n\t\t\t<div class=\"elementor-spacer-inner\"><\/div>\n\t\t<\/div>\n\t\t\t\t<\/div>\n\t\t\t\t<\/div>\n\t\t\t\t\t\t<\/div>\n\t\t\t\t\t<\/div>\n\t\t<\/div>\n\t\t\t\t\t\t\t\t<\/div>\n\t\t\t\t\t<\/div>\n\t\t<\/section>\n\t\t\t\t<section class=\"elementor-section elementor-top-section elementor-element elementor-element-fc68b64 elementor-section-boxed elementor-section-height-default elementor-section-height-default\" data-id=\"fc68b64\" data-element_type=\"section\">\n\t\t\t\t\t\t<div class=\"elementor-container elementor-column-gap-default\">\n\t\t\t\t\t\t\t<div class=\"elementor-row\">\n\t\t\t\t\t<div class=\"elementor-column elementor-col-50 elementor-top-column elementor-element elementor-element-2233625\" data-id=\"2233625\" data-element_type=\"column\">\n\t\t\t<div class=\"elementor-column-wrap elementor-element-populated\">\n\t\t\t\t\t\t\t<div class=\"elementor-widget-wrap\">\n\t\t\t\t\t\t<div class=\"elementor-element elementor-element-cfac763 elementor-widget elementor-widget-image\" data-id=\"cfac763\" data-element_type=\"widget\" data-widget_type=\"image.default\">\n\t\t\t\t<div class=\"elementor-widget-container\">\n\t\t\t\t\t<div class=\"elementor-image\">\n\t\t\t\t\t\t\t\t\t\t<img width=\"1000\" height=\"1000\" src=\"https:\/\/progift.fi\/wp-content\/uploads\/2020\/02\/Clique-OC-Hoody-Full-Zip_L.jpg\" class=\"attachment-large size-large\" alt=\"\" loading=\"lazy\" srcset=\"https:\/\/progift.fi\/wp-content\/uploads\/2020\/02\/Clique-OC-Hoody-Full-Zip_L.jpg 1000w, https:\/\/progift.fi\/wp-content\/uploads\/2020\/02\/Clique-OC-Hoody-Full-Zip_L-300x300.jpg 300w, https:\/\/progift.fi\/wp-content\/uploads\/2020\/02\/Clique-OC-Hoody-Full-Zip_L-150x150.jpg 150w, https:\/\/progift.fi\/wp-content\/uploads\/2020\/02\/Clique-OC-Hoody-Full-Zip_L-768x768.jpg 768w\" sizes=\"(max-width: 1000px) 100vw, 1000px\" \/>\t\t\t\t\t\t\t\t\t\t\t<\/div>\n\t\t\t\t<\/div>\n\t\t\t\t<\/div>\n\t\t\t\t\t\t<\/div>\n\t\t\t\t\t<\/div>\n\t\t<\/div>\n\t\t\t\t<div class=\"elementor-column elementor-col-50 elementor-top-column elementor-element elementor-element-ff5d997\" data-id=\"ff5d997\" data-element_type=\"column\">\n\t\t\t<div class=\"elementor-column-wrap elementor-element-populated\">\n\t\t\t\t\t\t\t<div class=\"elementor-widget-wrap\">\n\t\t\t\t\t\t<div class=\"elementor-element elementor-element-d4358c0 elementor-widget elementor-widget-text-editor\" data-id=\"d4358c0\" data-element_type=\"widget\" data-widget_type=\"text-editor.default\">\n\t\t\t\t<div class=\"elementor-widget-container\">\n\t\t\t\t\t<div class=\"elementor-text-editor elementor-clearfix\"><h3 style=\"font-size: 1.66667rem; font-style: normal;\">\u00a0<\/h3><h3 style=\"font-size: 1.66667rem; font-style: normal;\">Clique Premium Huppari vetoketjulla<\/h3><p>Clique Premium OC Hoody Full Zip (miesten ja naisten malli) on l<span style=\"font-size: 15px;\">uomupuuvillasta ja kierr\u00e4tetyst\u00e4 polyesterisekoitteesta valmistettu laadukas huppari, jossa t\u00e4yspitk\u00e4 YKK-vetoketju patinoitua metallia. Kaksi taskua, joissa YKK-vetoketjut. Flatlock-koristesaumat ja hupussa kiristysnauha, jossa metallip\u00e4\u00e4t. Collegeneulosta, harjaamaton sis\u00e4puoli, vahvistettu niskasauma ja 1&#215;1-resorit hihansuissa ja helmassa. K\u00e4tev\u00e4 ratkaisu kuulokkeille.<\/span><\/p><p>V\u00e4rit: tummansininen, nature melange, meleerattu harmaa, meleerattu antrasiitti, musta<\/p><p>Hinta alkaen (ilman painatusta): 49 \u20ac<\/p><\/div>\n\t\t\t\t<\/div>\n\t\t\t\t<\/div>\n\t\t\t\t\t\t<\/div>\n\t\t\t\t\t<\/div>\n\t\t<\/div>\n\t\t\t\t\t\t\t\t<\/div>\n\t\t\t\t\t<\/div>\n\t\t<\/section>\n\t\t\t\t\t\t<\/div>\n\t\t\t\t\t\t<\/div>\n\t\t\t\t\t<\/div>\n\t\t","protected":false},"excerpt":{"rendered":"<p>\u00a0 Clique Premium Huppari vetoketjulla Clique Premium OC Hoody Full Zip (miesten ja naisten malli) on luomupuuvillasta ja kierr\u00e4tetyst\u00e4 polyesterisekoitteesta valmistettu laadukas huppari, jossa t\u00e4yspitk\u00e4 YKK-vetoketju patinoitua metallia. Kaksi taskua, joissa YKK-vetoketjut. Flatlock-koristesaumat ja hupussa kiristysnauha, jossa metallip\u00e4\u00e4t. Collegeneulosta, harjaamaton sis\u00e4puoli, vahvistettu niskasauma ja 1&#215;1-resorit hihansuissa ja helmassa. K\u00e4tev\u00e4 ratkaisu kuulokkeille. V\u00e4rit: tummansininen, nature melange, &hellip;<\/p>\n<p class=\"read-more\"> <a class=\"\" href=\"https:\/\/progift.fi\/index.php\/huppari-vetoketjulla\/\"> <span class=\"screen-reader-text\">Huppari-vetoketjulla<\/span> Lue lis\u00e4\u00e4 &raquo;<\/a><\/p>\n","protected":false},"author":1,"featured_media":0,"parent":0,"menu_order":0,"comment_status":"closed","ping_status":"closed","template":"","meta":[],"_links":{"self":[{"href":"https:\/\/progift.fi\/index.php\/wp-json\/wp\/v2\/pages\/832"}],"collection":[{"href":"https:\/\/progift.fi\/index.php\/wp-json\/wp\/v2\/pages"}],"about":[{"href":"https:\/\/progift.fi\/index.php\/wp-json\/wp\/v2\/types\/page"}],"author":[{"embeddable":true,"href":"https:\/\/progift.fi\/index.php\/wp-json\/wp\/v2\/users\/1"}],"replies":[{"embeddable":true,"href":"https:\/\/progift.fi\/index.php\/wp-json\/wp\/v2\/comments?post=832"}],"version-history":[{"count":6,"href":"https:\/\/progift.fi\/index.php\/wp-json\/wp\/v2\/pages\/832\/revisions"}],"predecessor-version":[{"id":1821,"href":"https:\/\/progift.fi\/index.php\/wp-json\/wp\/v2\/pages\/832\/revisions\/1821"}],"wp:attachment":[{"href":"https:\/\/progift.fi\/index.php\/wp-json\/wp\/v2\/media?parent=832"}],"curies":[{"name":"wp","href":"https:\/\/api.w.org\/{rel}","templated":true}]}}