{"id":860,"date":"2020-02-22T16:21:21","date_gmt":"2020-02-22T16:21:21","guid":{"rendered":"https:\/\/progift.fi\/?page_id=860"},"modified":"2020-02-22T17:22:28","modified_gmt":"2020-02-22T17:22:28","slug":"jaljitin","status":"publish","type":"page","link":"https:\/\/progift.fi\/index.php\/jaljitin\/","title":{"rendered":"J\u00e4ljitin"},"content":{"rendered":"\t\t<div data-elementor-type=\"wp-page\" data-elementor-id=\"860\" class=\"elementor elementor-860\" data-elementor-settings=\"[]\">\n\t\t\t\t\t\t<div class=\"elementor-inner\">\n\t\t\t\t\t\t\t<div class=\"elementor-section-wrap\">\n\t\t\t\t\t\t\t<section class=\"elementor-section elementor-top-section elementor-element elementor-element-f733ac1 elementor-section-boxed elementor-section-height-default elementor-section-height-default\" data-id=\"f733ac1\" data-element_type=\"section\">\n\t\t\t\t\t\t<div class=\"elementor-container elementor-column-gap-default\">\n\t\t\t\t\t\t\t<div class=\"elementor-row\">\n\t\t\t\t\t<div class=\"elementor-column elementor-col-100 elementor-top-column elementor-element elementor-element-81bb7e6\" data-id=\"81bb7e6\" data-element_type=\"column\">\n\t\t\t<div class=\"elementor-column-wrap elementor-element-populated\">\n\t\t\t\t\t\t\t<div class=\"elementor-widget-wrap\">\n\t\t\t\t\t\t<div class=\"elementor-element elementor-element-902147c elementor-widget elementor-widget-spacer\" data-id=\"902147c\" data-element_type=\"widget\" data-widget_type=\"spacer.default\">\n\t\t\t\t<div class=\"elementor-widget-container\">\n\t\t\t\t\t<div class=\"elementor-spacer\">\n\t\t\t<div class=\"elementor-spacer-inner\"><\/div>\n\t\t<\/div>\n\t\t\t\t<\/div>\n\t\t\t\t<\/div>\n\t\t\t\t\t\t<\/div>\n\t\t\t\t\t<\/div>\n\t\t<\/div>\n\t\t\t\t\t\t\t\t<\/div>\n\t\t\t\t\t<\/div>\n\t\t<\/section>\n\t\t\t\t<section class=\"elementor-section elementor-top-section elementor-element elementor-element-a468ebc elementor-section-boxed elementor-section-height-default elementor-section-height-default\" data-id=\"a468ebc\" data-element_type=\"section\">\n\t\t\t\t\t\t<div class=\"elementor-container elementor-column-gap-default\">\n\t\t\t\t\t\t\t<div class=\"elementor-row\">\n\t\t\t\t\t<div class=\"elementor-column elementor-col-50 elementor-top-column elementor-element elementor-element-64e7640\" data-id=\"64e7640\" data-element_type=\"column\">\n\t\t\t<div class=\"elementor-column-wrap elementor-element-populated\">\n\t\t\t\t\t\t\t<div class=\"elementor-widget-wrap\">\n\t\t\t\t\t\t<div class=\"elementor-element elementor-element-a356524 elementor-widget elementor-widget-image\" data-id=\"a356524\" data-element_type=\"widget\" data-widget_type=\"image.default\">\n\t\t\t\t<div class=\"elementor-widget-container\">\n\t\t\t\t\t<div class=\"elementor-image\">\n\t\t\t\t\t\t\t\t\t\t<img width=\"1000\" height=\"1000\" src=\"https:\/\/progift.fi\/wp-content\/uploads\/2020\/02\/SCXja\u0308ljitin.jpg\" class=\"attachment-large size-large\" alt=\"\" loading=\"lazy\" srcset=\"https:\/\/progift.fi\/wp-content\/uploads\/2020\/02\/SCXja\u0308ljitin.jpg 1000w, https:\/\/progift.fi\/wp-content\/uploads\/2020\/02\/SCXja\u0308ljitin-300x300.jpg 300w, https:\/\/progift.fi\/wp-content\/uploads\/2020\/02\/SCXja\u0308ljitin-150x150.jpg 150w, https:\/\/progift.fi\/wp-content\/uploads\/2020\/02\/SCXja\u0308ljitin-768x768.jpg 768w\" sizes=\"(max-width: 1000px) 100vw, 1000px\" \/>\t\t\t\t\t\t\t\t\t\t\t<\/div>\n\t\t\t\t<\/div>\n\t\t\t\t<\/div>\n\t\t\t\t\t\t<\/div>\n\t\t\t\t\t<\/div>\n\t\t<\/div>\n\t\t\t\t<div class=\"elementor-column elementor-col-50 elementor-top-column elementor-element elementor-element-2421cba\" data-id=\"2421cba\" data-element_type=\"column\">\n\t\t\t<div class=\"elementor-column-wrap elementor-element-populated\">\n\t\t\t\t\t\t\t<div class=\"elementor-widget-wrap\">\n\t\t\t\t\t\t<div class=\"elementor-element elementor-element-3174a86 elementor-widget elementor-widget-text-editor\" data-id=\"3174a86\" data-element_type=\"widget\" data-widget_type=\"text-editor.default\">\n\t\t\t\t<div class=\"elementor-widget-container\">\n\t\t\t\t\t<div class=\"elementor-text-editor elementor-clearfix\"><h3>SCX j\u00e4ljitin ja laturi<\/h3><p><br \/>SCX.design V11 -GPS-j\u00e4ljitin autolle, valaistuva. Autoj\u00e4ljitin ja laturi valaistuvalla logolla. Lis\u00e4varusteina vasara lasin rikkomiseen ja turvavy\u00f6leikkuri. Ilmainen sovellus: iOS ja Android: Nopea paikallistus. Kaksi tasavirtal\u00e4ht\u00f6\u00e4: Yhteens\u00e4 5 V\/3,0 A (5 V\/2,4 A kukin). Tasavirtatulo: 12\u201324 V. Nettopaino: 24 grammaa. Koko: 82 x 48 x 22,5 mm. Laturi kahdella USB-liit\u00e4nn\u00e4ll\u00e4. Toimitetaan lahjapaketissa, jossa on magneettinen sulkumekanismi ja joka on valmistettu kierr\u00e4tetyst\u00e4 paperista. ABS-muovi.<\/p><p>V\u00e4ri: musta<\/p><p>Hinta pyydett\u00e4ess\u00e4<\/p><\/div>\n\t\t\t\t<\/div>\n\t\t\t\t<\/div>\n\t\t\t\t\t\t<\/div>\n\t\t\t\t\t<\/div>\n\t\t<\/div>\n\t\t\t\t\t\t\t\t<\/div>\n\t\t\t\t\t<\/div>\n\t\t<\/section>\n\t\t\t\t\t\t<\/div>\n\t\t\t\t\t\t<\/div>\n\t\t\t\t\t<\/div>\n\t\t","protected":false},"excerpt":{"rendered":"<p>SCX j\u00e4ljitin ja laturi SCX.design V11 -GPS-j\u00e4ljitin autolle, valaistuva. Autoj\u00e4ljitin ja laturi valaistuvalla logolla. Lis\u00e4varusteina vasara lasin rikkomiseen ja turvavy\u00f6leikkuri. Ilmainen sovellus: iOS ja Android: Nopea paikallistus. Kaksi tasavirtal\u00e4ht\u00f6\u00e4: Yhteens\u00e4 5 V\/3,0 A (5 V\/2,4 A kukin). Tasavirtatulo: 12\u201324 V. Nettopaino: 24 grammaa. Koko: 82 x 48 x 22,5 mm. Laturi kahdella USB-liit\u00e4nn\u00e4ll\u00e4. Toimitetaan lahjapaketissa, &hellip;<\/p>\n<p class=\"read-more\"> <a class=\"\" href=\"https:\/\/progift.fi\/index.php\/jaljitin\/\"> <span class=\"screen-reader-text\">J\u00e4ljitin<\/span> Lue lis\u00e4\u00e4 &raquo;<\/a><\/p>\n","protected":false},"author":1,"featured_media":0,"parent":0,"menu_order":0,"comment_status":"closed","ping_status":"closed","template":"","meta":[],"_links":{"self":[{"href":"https:\/\/progift.fi\/index.php\/wp-json\/wp\/v2\/pages\/860"}],"collection":[{"href":"https:\/\/progift.fi\/index.php\/wp-json\/wp\/v2\/pages"}],"about":[{"href":"https:\/\/progift.fi\/index.php\/wp-json\/wp\/v2\/types\/page"}],"author":[{"embeddable":true,"href":"https:\/\/progift.fi\/index.php\/wp-json\/wp\/v2\/users\/1"}],"replies":[{"embeddable":true,"href":"https:\/\/progift.fi\/index.php\/wp-json\/wp\/v2\/comments?post=860"}],"version-history":[{"count":2,"href":"https:\/\/progift.fi\/index.php\/wp-json\/wp\/v2\/pages\/860\/revisions"}],"predecessor-version":[{"id":892,"href":"https:\/\/progift.fi\/index.php\/wp-json\/wp\/v2\/pages\/860\/revisions\/892"}],"wp:attachment":[{"href":"https:\/\/progift.fi\/index.php\/wp-json\/wp\/v2\/media?parent=860"}],"curies":[{"name":"wp","href":"https:\/\/api.w.org\/{rel}","templated":true}]}}