{"id":862,"date":"2020-02-22T16:21:48","date_gmt":"2020-02-22T16:21:48","guid":{"rendered":"https:\/\/progift.fi\/?page_id=862"},"modified":"2020-02-22T17:29:36","modified_gmt":"2020-02-22T17:29:36","slug":"varavirtalahde","status":"publish","type":"page","link":"https:\/\/progift.fi\/index.php\/varavirtalahde\/","title":{"rendered":"Varavirtal\u00e4hde"},"content":{"rendered":"\t\t<div data-elementor-type=\"wp-page\" data-elementor-id=\"862\" class=\"elementor elementor-862\" data-elementor-settings=\"[]\">\n\t\t\t\t\t\t<div class=\"elementor-inner\">\n\t\t\t\t\t\t\t<div class=\"elementor-section-wrap\">\n\t\t\t\t\t\t\t<section class=\"elementor-section elementor-top-section elementor-element elementor-element-9292f49 elementor-section-boxed elementor-section-height-default elementor-section-height-default\" data-id=\"9292f49\" data-element_type=\"section\">\n\t\t\t\t\t\t<div class=\"elementor-container elementor-column-gap-default\">\n\t\t\t\t\t\t\t<div class=\"elementor-row\">\n\t\t\t\t\t<div class=\"elementor-column elementor-col-100 elementor-top-column elementor-element elementor-element-35f2575\" data-id=\"35f2575\" data-element_type=\"column\">\n\t\t\t<div class=\"elementor-column-wrap elementor-element-populated\">\n\t\t\t\t\t\t\t<div class=\"elementor-widget-wrap\">\n\t\t\t\t\t\t<div class=\"elementor-element elementor-element-2828bd1 elementor-widget elementor-widget-spacer\" data-id=\"2828bd1\" data-element_type=\"widget\" data-widget_type=\"spacer.default\">\n\t\t\t\t<div class=\"elementor-widget-container\">\n\t\t\t\t\t<div class=\"elementor-spacer\">\n\t\t\t<div class=\"elementor-spacer-inner\"><\/div>\n\t\t<\/div>\n\t\t\t\t<\/div>\n\t\t\t\t<\/div>\n\t\t\t\t\t\t<\/div>\n\t\t\t\t\t<\/div>\n\t\t<\/div>\n\t\t\t\t\t\t\t\t<\/div>\n\t\t\t\t\t<\/div>\n\t\t<\/section>\n\t\t\t\t<section class=\"elementor-section elementor-top-section elementor-element elementor-element-e4cdd20 elementor-section-boxed elementor-section-height-default elementor-section-height-default\" data-id=\"e4cdd20\" data-element_type=\"section\">\n\t\t\t\t\t\t<div class=\"elementor-container elementor-column-gap-default\">\n\t\t\t\t\t\t\t<div class=\"elementor-row\">\n\t\t\t\t\t<div class=\"elementor-column elementor-col-50 elementor-top-column elementor-element elementor-element-e50490b\" data-id=\"e50490b\" data-element_type=\"column\">\n\t\t\t<div class=\"elementor-column-wrap elementor-element-populated\">\n\t\t\t\t\t\t\t<div class=\"elementor-widget-wrap\">\n\t\t\t\t\t\t<div class=\"elementor-element elementor-element-13f687e elementor-widget elementor-widget-image\" data-id=\"13f687e\" data-element_type=\"widget\" data-widget_type=\"image.default\">\n\t\t\t\t<div class=\"elementor-widget-container\">\n\t\t\t\t\t<div class=\"elementor-image\">\n\t\t\t\t\t\t\t\t\t\t<img width=\"1000\" height=\"1000\" src=\"https:\/\/progift.fi\/wp-content\/uploads\/2020\/02\/langatonvaravirtala\u0308hde.jpg\" class=\"attachment-large size-large\" alt=\"\" loading=\"lazy\" srcset=\"https:\/\/progift.fi\/wp-content\/uploads\/2020\/02\/langatonvaravirtala\u0308hde.jpg 1000w, https:\/\/progift.fi\/wp-content\/uploads\/2020\/02\/langatonvaravirtala\u0308hde-300x300.jpg 300w, https:\/\/progift.fi\/wp-content\/uploads\/2020\/02\/langatonvaravirtala\u0308hde-150x150.jpg 150w, https:\/\/progift.fi\/wp-content\/uploads\/2020\/02\/langatonvaravirtala\u0308hde-768x768.jpg 768w\" sizes=\"(max-width: 1000px) 100vw, 1000px\" \/>\t\t\t\t\t\t\t\t\t\t\t<\/div>\n\t\t\t\t<\/div>\n\t\t\t\t<\/div>\n\t\t\t\t\t\t<\/div>\n\t\t\t\t\t<\/div>\n\t\t<\/div>\n\t\t\t\t<div class=\"elementor-column elementor-col-50 elementor-top-column elementor-element elementor-element-0226939\" data-id=\"0226939\" data-element_type=\"column\">\n\t\t\t<div class=\"elementor-column-wrap elementor-element-populated\">\n\t\t\t\t\t\t\t<div class=\"elementor-widget-wrap\">\n\t\t\t\t\t\t<div class=\"elementor-element elementor-element-e627b42 elementor-widget elementor-widget-text-editor\" data-id=\"e627b42\" data-element_type=\"widget\" data-widget_type=\"text-editor.default\">\n\t\t\t\t<div class=\"elementor-widget-container\">\n\t\t\t\t\t<div class=\"elementor-text-editor elementor-clearfix\"><h3>\u00a0<\/h3><h3>SCX langaton varavirtal\u00e4hde<\/h3><p>SCX design P17 -varavirtal\u00e4hde, valaistuva, langaton ja ohut. 5000 mAh:n langaton varavirtal\u00e4hde valaistuvalla logolla, kumipinta, 3-in-1 alumiinikaapeli (Type-C, Android, iPhone). Laite valaistuu 30 sekunnin ajaksi kosketuksesta tai kun sit\u00e4 ladataan. Kapasiteetti: 5000 mAh. Tulo: 5 V\/2,4 A (micro). L\u00e4ht\u00f6: 5 V\/2,4 A (USB). Langaton l\u00e4ht\u00f6: enint\u00e4\u00e4n 5 V\/2 A. Taajuus: 110\u2013205kHz. Nettopaino: 148 grammaa. Koko: 140 \u00d7 67 \u00d7 11,8 mm. Toimitetaan lahjarasiassa, joka on valmistettu kierr\u00e4tyspaperista. Kumi.<\/p><p>V\u00e4ri: musta<\/p><p>Hinta pyydett\u00e4ess\u00e4<\/p><\/div>\n\t\t\t\t<\/div>\n\t\t\t\t<\/div>\n\t\t\t\t\t\t<\/div>\n\t\t\t\t\t<\/div>\n\t\t<\/div>\n\t\t\t\t\t\t\t\t<\/div>\n\t\t\t\t\t<\/div>\n\t\t<\/section>\n\t\t\t\t\t\t<\/div>\n\t\t\t\t\t\t<\/div>\n\t\t\t\t\t<\/div>\n\t\t","protected":false},"excerpt":{"rendered":"<p>\u00a0 SCX langaton varavirtal\u00e4hde SCX design P17 -varavirtal\u00e4hde, valaistuva, langaton ja ohut. 5000 mAh:n langaton varavirtal\u00e4hde valaistuvalla logolla, kumipinta, 3-in-1 alumiinikaapeli (Type-C, Android, iPhone). Laite valaistuu 30 sekunnin ajaksi kosketuksesta tai kun sit\u00e4 ladataan. Kapasiteetti: 5000 mAh. Tulo: 5 V\/2,4 A (micro). L\u00e4ht\u00f6: 5 V\/2,4 A (USB). Langaton l\u00e4ht\u00f6: enint\u00e4\u00e4n 5 V\/2 A. Taajuus: 110\u2013205kHz. &hellip;<\/p>\n<p class=\"read-more\"> <a class=\"\" href=\"https:\/\/progift.fi\/index.php\/varavirtalahde\/\"> <span class=\"screen-reader-text\">Varavirtal\u00e4hde<\/span> Lue lis\u00e4\u00e4 &raquo;<\/a><\/p>\n","protected":false},"author":1,"featured_media":0,"parent":0,"menu_order":0,"comment_status":"closed","ping_status":"closed","template":"","meta":[],"_links":{"self":[{"href":"https:\/\/progift.fi\/index.php\/wp-json\/wp\/v2\/pages\/862"}],"collection":[{"href":"https:\/\/progift.fi\/index.php\/wp-json\/wp\/v2\/pages"}],"about":[{"href":"https:\/\/progift.fi\/index.php\/wp-json\/wp\/v2\/types\/page"}],"author":[{"embeddable":true,"href":"https:\/\/progift.fi\/index.php\/wp-json\/wp\/v2\/users\/1"}],"replies":[{"embeddable":true,"href":"https:\/\/progift.fi\/index.php\/wp-json\/wp\/v2\/comments?post=862"}],"version-history":[{"count":4,"href":"https:\/\/progift.fi\/index.php\/wp-json\/wp\/v2\/pages\/862\/revisions"}],"predecessor-version":[{"id":899,"href":"https:\/\/progift.fi\/index.php\/wp-json\/wp\/v2\/pages\/862\/revisions\/899"}],"wp:attachment":[{"href":"https:\/\/progift.fi\/index.php\/wp-json\/wp\/v2\/media?parent=862"}],"curies":[{"name":"wp","href":"https:\/\/api.w.org\/{rel}","templated":true}]}}