{"id":947,"date":"2020-02-22T19:36:51","date_gmt":"2020-02-22T19:36:51","guid":{"rendered":"https:\/\/progift.fi\/?page_id=947"},"modified":"2020-02-23T00:31:34","modified_gmt":"2020-02-23T00:31:34","slug":"jumppanauha","status":"publish","type":"page","link":"https:\/\/progift.fi\/index.php\/jumppanauha\/","title":{"rendered":"Jumppanauha"},"content":{"rendered":"\t\t<div data-elementor-type=\"wp-page\" data-elementor-id=\"947\" class=\"elementor elementor-947\" data-elementor-settings=\"[]\">\n\t\t\t\t\t\t<div class=\"elementor-inner\">\n\t\t\t\t\t\t\t<div class=\"elementor-section-wrap\">\n\t\t\t\t\t\t\t<section class=\"elementor-section elementor-top-section elementor-element elementor-element-aab17b5 elementor-section-boxed elementor-section-height-default elementor-section-height-default\" data-id=\"aab17b5\" data-element_type=\"section\">\n\t\t\t\t\t\t<div class=\"elementor-container elementor-column-gap-default\">\n\t\t\t\t\t\t\t<div class=\"elementor-row\">\n\t\t\t\t\t<div class=\"elementor-column elementor-col-50 elementor-top-column elementor-element elementor-element-e8eb0cc\" data-id=\"e8eb0cc\" data-element_type=\"column\">\n\t\t\t<div class=\"elementor-column-wrap elementor-element-populated\">\n\t\t\t\t\t\t\t<div class=\"elementor-widget-wrap\">\n\t\t\t\t\t\t<div class=\"elementor-element elementor-element-d9c8254 elementor-widget elementor-widget-image\" data-id=\"d9c8254\" data-element_type=\"widget\" data-widget_type=\"image.default\">\n\t\t\t\t<div class=\"elementor-widget-container\">\n\t\t\t\t\t<div class=\"elementor-image\">\n\t\t\t\t\t\t\t\t\t\t<img width=\"1000\" height=\"1000\" src=\"https:\/\/progift.fi\/wp-content\/uploads\/2020\/02\/Jumppanauha_L.jpg\" class=\"attachment-large size-large\" alt=\"\" loading=\"lazy\" srcset=\"https:\/\/progift.fi\/wp-content\/uploads\/2020\/02\/Jumppanauha_L.jpg 1000w, https:\/\/progift.fi\/wp-content\/uploads\/2020\/02\/Jumppanauha_L-300x300.jpg 300w, https:\/\/progift.fi\/wp-content\/uploads\/2020\/02\/Jumppanauha_L-150x150.jpg 150w, https:\/\/progift.fi\/wp-content\/uploads\/2020\/02\/Jumppanauha_L-768x768.jpg 768w\" sizes=\"(max-width: 1000px) 100vw, 1000px\" \/>\t\t\t\t\t\t\t\t\t\t\t<\/div>\n\t\t\t\t<\/div>\n\t\t\t\t<\/div>\n\t\t\t\t\t\t<\/div>\n\t\t\t\t\t<\/div>\n\t\t<\/div>\n\t\t\t\t<div class=\"elementor-column elementor-col-50 elementor-top-column elementor-element elementor-element-e9fa480\" data-id=\"e9fa480\" data-element_type=\"column\">\n\t\t\t<div class=\"elementor-column-wrap elementor-element-populated\">\n\t\t\t\t\t\t\t<div class=\"elementor-widget-wrap\">\n\t\t\t\t\t\t<div class=\"elementor-element elementor-element-2b3cf31 elementor-widget elementor-widget-text-editor\" data-id=\"2b3cf31\" data-element_type=\"widget\" data-widget_type=\"text-editor.default\">\n\t\t\t\t<div class=\"elementor-widget-container\">\n\t\t\t\t\t<div class=\"elementor-text-editor elementor-clearfix\"><h3>\u00a0<\/h3><h3>Jumppanauha<\/h3><p>Loistava ja helppo jakotuote mihin tahansa tilaisuuteen. Keskivahva 150 cm jumppanauha, omalla pms-v\u00e4rill\u00e4 ja omalla 1-v\u00e4ripainatuksella. Nauhat pakattu yksitt\u00e4in muovipussiin ja halutessasi saat kuvalliset jumppaohjeet mukaan.<\/p><p>Hinta alkaen 3,90 \u20ac\/kpl, sis. 1-v\u00e4ripainatuksen<\/p><\/div>\n\t\t\t\t<\/div>\n\t\t\t\t<\/div>\n\t\t\t\t\t\t<\/div>\n\t\t\t\t\t<\/div>\n\t\t<\/div>\n\t\t\t\t\t\t\t\t<\/div>\n\t\t\t\t\t<\/div>\n\t\t<\/section>\n\t\t\t\t\t\t<\/div>\n\t\t\t\t\t\t<\/div>\n\t\t\t\t\t<\/div>\n\t\t","protected":false},"excerpt":{"rendered":"<p>\u00a0 Jumppanauha Loistava ja helppo jakotuote mihin tahansa tilaisuuteen. Keskivahva 150 cm jumppanauha, omalla pms-v\u00e4rill\u00e4 ja omalla 1-v\u00e4ripainatuksella. Nauhat pakattu yksitt\u00e4in muovipussiin ja halutessasi saat kuvalliset jumppaohjeet mukaan. Hinta alkaen 3,90 \u20ac\/kpl, sis. 1-v\u00e4ripainatuksen<\/p>\n","protected":false},"author":1,"featured_media":0,"parent":0,"menu_order":0,"comment_status":"closed","ping_status":"closed","template":"","meta":[],"_links":{"self":[{"href":"https:\/\/progift.fi\/index.php\/wp-json\/wp\/v2\/pages\/947"}],"collection":[{"href":"https:\/\/progift.fi\/index.php\/wp-json\/wp\/v2\/pages"}],"about":[{"href":"https:\/\/progift.fi\/index.php\/wp-json\/wp\/v2\/types\/page"}],"author":[{"embeddable":true,"href":"https:\/\/progift.fi\/index.php\/wp-json\/wp\/v2\/users\/1"}],"replies":[{"embeddable":true,"href":"https:\/\/progift.fi\/index.php\/wp-json\/wp\/v2\/comments?post=947"}],"version-history":[{"count":3,"href":"https:\/\/progift.fi\/index.php\/wp-json\/wp\/v2\/pages\/947\/revisions"}],"predecessor-version":[{"id":1093,"href":"https:\/\/progift.fi\/index.php\/wp-json\/wp\/v2\/pages\/947\/revisions\/1093"}],"wp:attachment":[{"href":"https:\/\/progift.fi\/index.php\/wp-json\/wp\/v2\/media?parent=947"}],"curies":[{"name":"wp","href":"https:\/\/api.w.org\/{rel}","templated":true}]}}