{"id":970,"date":"2020-02-22T21:56:20","date_gmt":"2020-02-22T21:56:20","guid":{"rendered":"https:\/\/progift.fi\/?page_id=970"},"modified":"2020-09-18T10:33:30","modified_gmt":"2020-09-18T10:33:30","slug":"muut-tuotteet","status":"publish","type":"page","link":"https:\/\/progift.fi\/index.php\/muut-tuotteet\/","title":{"rendered":"Muut tuotteet"},"content":{"rendered":"\t\t<div data-elementor-type=\"wp-page\" data-elementor-id=\"970\" class=\"elementor elementor-970\" data-elementor-settings=\"[]\">\n\t\t\t\t\t\t<div class=\"elementor-inner\">\n\t\t\t\t\t\t\t<div class=\"elementor-section-wrap\">\n\t\t\t\t\t\t\t<section class=\"elementor-section elementor-top-section elementor-element elementor-element-aa59769 elementor-section-stretched elementor-section-height-min-height elementor-section-boxed elementor-section-height-default elementor-section-items-middle\" data-id=\"aa59769\" data-element_type=\"section\" data-settings=\"{&quot;stretch_section&quot;:&quot;section-stretched&quot;,&quot;background_background&quot;:&quot;classic&quot;,&quot;shape_divider_bottom&quot;:&quot;curve&quot;,&quot;shape_divider_bottom_negative&quot;:&quot;yes&quot;}\">\n\t\t\t\t\t\t\t<div class=\"elementor-background-overlay\"><\/div>\n\t\t\t\t\t\t<div class=\"elementor-shape elementor-shape-bottom\" data-negative=\"true\">\n\t\t\t<svg xmlns=\"http:\/\/www.w3.org\/2000\/svg\" viewBox=\"0 0 1000 100\" preserveAspectRatio=\"none\">\n\t<path class=\"elementor-shape-fill\" d=\"M500,97C126.7,96.3,0.8,19.8,0,0v100l1000,0V1C1000,19.4,873.3,97.8,500,97z\"\/>\n<\/svg>\t\t<\/div>\n\t\t\t\t\t<div class=\"elementor-container elementor-column-gap-default\">\n\t\t\t\t\t\t\t<div class=\"elementor-row\">\n\t\t\t\t\t<div class=\"elementor-column elementor-col-100 elementor-top-column elementor-element elementor-element-a621259\" data-id=\"a621259\" data-element_type=\"column\">\n\t\t\t<div class=\"elementor-column-wrap elementor-element-populated\">\n\t\t\t\t\t\t\t<div class=\"elementor-widget-wrap\">\n\t\t\t\t\t\t<div class=\"elementor-element elementor-element-1faf1a2 elementor-widget elementor-widget-spacer\" data-id=\"1faf1a2\" data-element_type=\"widget\" data-widget_type=\"spacer.default\">\n\t\t\t\t<div class=\"elementor-widget-container\">\n\t\t\t\t\t<div class=\"elementor-spacer\">\n\t\t\t<div class=\"elementor-spacer-inner\"><\/div>\n\t\t<\/div>\n\t\t\t\t<\/div>\n\t\t\t\t<\/div>\n\t\t\t\t\t\t<\/div>\n\t\t\t\t\t<\/div>\n\t\t<\/div>\n\t\t\t\t\t\t\t\t<\/div>\n\t\t\t\t\t<\/div>\n\t\t<\/section>\n\t\t\t\t<section class=\"elementor-section elementor-top-section elementor-element elementor-element-deaf8df elementor-section-boxed elementor-section-height-default elementor-section-height-default\" data-id=\"deaf8df\" data-element_type=\"section\">\n\t\t\t\t\t\t<div class=\"elementor-container elementor-column-gap-default\">\n\t\t\t\t\t\t\t<div class=\"elementor-row\">\n\t\t\t\t\t<div class=\"elementor-column elementor-col-100 elementor-top-column elementor-element elementor-element-335c618\" data-id=\"335c618\" data-element_type=\"column\">\n\t\t\t<div class=\"elementor-column-wrap elementor-element-populated\">\n\t\t\t\t\t\t\t<div class=\"elementor-widget-wrap\">\n\t\t\t\t\t\t<div class=\"elementor-element elementor-element-5225737 elementor-widget elementor-widget-spacer\" data-id=\"5225737\" data-element_type=\"widget\" data-widget_type=\"spacer.default\">\n\t\t\t\t<div class=\"elementor-widget-container\">\n\t\t\t\t\t<div class=\"elementor-spacer\">\n\t\t\t<div class=\"elementor-spacer-inner\"><\/div>\n\t\t<\/div>\n\t\t\t\t<\/div>\n\t\t\t\t<\/div>\n\t\t\t\t\t\t<\/div>\n\t\t\t\t\t<\/div>\n\t\t<\/div>\n\t\t\t\t\t\t\t\t<\/div>\n\t\t\t\t\t<\/div>\n\t\t<\/section>\n\t\t\t\t<section class=\"elementor-section elementor-top-section elementor-element elementor-element-3e34070 elementor-section-boxed elementor-section-height-default elementor-section-height-default\" data-id=\"3e34070\" data-element_type=\"section\">\n\t\t\t\t\t\t<div class=\"elementor-container elementor-column-gap-default\">\n\t\t\t\t\t\t\t<div class=\"elementor-row\">\n\t\t\t\t\t<div class=\"elementor-column elementor-col-100 elementor-top-column elementor-element elementor-element-a709302\" data-id=\"a709302\" data-element_type=\"column\">\n\t\t\t<div class=\"elementor-column-wrap elementor-element-populated\">\n\t\t\t\t\t\t\t<div class=\"elementor-widget-wrap\">\n\t\t\t\t\t\t<div class=\"elementor-element elementor-element-828ea23 elementor-widget elementor-widget-heading\" data-id=\"828ea23\" data-element_type=\"widget\" data-widget_type=\"heading.default\">\n\t\t\t\t<div class=\"elementor-widget-container\">\n\t\t\t<h2 class=\"elementor-heading-title elementor-size-default\">Muut tuotteet<\/h2>\t\t<\/div>\n\t\t\t\t<\/div>\n\t\t\t\t\t\t<\/div>\n\t\t\t\t\t<\/div>\n\t\t<\/div>\n\t\t\t\t\t\t\t\t<\/div>\n\t\t\t\t\t<\/div>\n\t\t<\/section>\n\t\t\t\t<section class=\"elementor-section elementor-top-section elementor-element elementor-element-c334608 elementor-section-boxed elementor-section-height-default elementor-section-height-default\" data-id=\"c334608\" data-element_type=\"section\">\n\t\t\t\t\t\t<div class=\"elementor-container elementor-column-gap-default\">\n\t\t\t\t\t\t\t<div class=\"elementor-row\">\n\t\t\t\t\t<div class=\"elementor-column elementor-col-25 elementor-top-column elementor-element elementor-element-b229161\" data-id=\"b229161\" data-element_type=\"column\">\n\t\t\t<div class=\"elementor-column-wrap elementor-element-populated\">\n\t\t\t\t\t\t\t<div class=\"elementor-widget-wrap\">\n\t\t\t\t\t\t<div class=\"elementor-element elementor-element-0ca0047 elementor-widget elementor-widget-image\" data-id=\"0ca0047\" data-element_type=\"widget\" data-widget_type=\"image.default\">\n\t\t\t\t<div class=\"elementor-widget-container\">\n\t\t\t\t\t<div class=\"elementor-image\">\n\t\t\t\t\t\t\t<figure class=\"wp-caption\">\n\t\t\t\t\t\t\t\t\t\t\t<a href=\"index.php\/tuotteet\/muut-tuotteet\/kosketusnayttosormikkaat\/\">\n\t\t\t\t\t\t\t<img width=\"1000\" height=\"1000\" src=\"https:\/\/progift.fi\/wp-content\/uploads\/2020\/09\/kosketussormikkaat.jpg\" class=\"elementor-animation-grow attachment-large size-large\" alt=\"\" loading=\"lazy\" srcset=\"https:\/\/progift.fi\/wp-content\/uploads\/2020\/09\/kosketussormikkaat.jpg 1000w, https:\/\/progift.fi\/wp-content\/uploads\/2020\/09\/kosketussormikkaat-300x300.jpg 300w, https:\/\/progift.fi\/wp-content\/uploads\/2020\/09\/kosketussormikkaat-150x150.jpg 150w, https:\/\/progift.fi\/wp-content\/uploads\/2020\/09\/kosketussormikkaat-768x768.jpg 768w\" sizes=\"(max-width: 1000px) 100vw, 1000px\" \/>\t\t\t\t\t\t\t\t<\/a>\n\t\t\t\t\t\t\t\t\t\t\t<figcaption class=\"widget-image-caption wp-caption-text\">Kosketusn\u00e4ytt\u00f6sormikkaat<\/figcaption>\n\t\t\t\t\t\t\t\t\t\t<\/figure>\n\t\t\t\t\t<\/div>\n\t\t\t\t<\/div>\n\t\t\t\t<\/div>\n\t\t\t\t\t\t<\/div>\n\t\t\t\t\t<\/div>\n\t\t<\/div>\n\t\t\t\t<div class=\"elementor-column elementor-col-25 elementor-top-column elementor-element elementor-element-b260af0\" data-id=\"b260af0\" data-element_type=\"column\">\n\t\t\t<div class=\"elementor-column-wrap elementor-element-populated\">\n\t\t\t\t\t\t\t<div class=\"elementor-widget-wrap\">\n\t\t\t\t\t\t<div class=\"elementor-element elementor-element-788779e elementor-widget elementor-widget-image\" data-id=\"788779e\" data-element_type=\"widget\" data-widget_type=\"image.default\">\n\t\t\t\t<div class=\"elementor-widget-container\">\n\t\t\t\t\t<div class=\"elementor-image\">\n\t\t\t\t\t\t\t<figure class=\"wp-caption\">\n\t\t\t\t\t\t\t\t\t\t\t<a href=\"index.php\/ekotuotteet\/kierrevihko\/\">\n\t\t\t\t\t\t\t<img width=\"600\" height=\"600\" src=\"https:\/\/progift.fi\/wp-content\/uploads\/2020\/01\/Kierrevihko-kierra\u0308tyspaperi-PS.jpg\" class=\"elementor-animation-grow attachment-large size-large\" alt=\"\" loading=\"lazy\" srcset=\"https:\/\/progift.fi\/wp-content\/uploads\/2020\/01\/Kierrevihko-kierra\u0308tyspaperi-PS.jpg 600w, https:\/\/progift.fi\/wp-content\/uploads\/2020\/01\/Kierrevihko-kierra\u0308tyspaperi-PS-300x300.jpg 300w, https:\/\/progift.fi\/wp-content\/uploads\/2020\/01\/Kierrevihko-kierra\u0308tyspaperi-PS-150x150.jpg 150w\" sizes=\"(max-width: 600px) 100vw, 600px\" \/>\t\t\t\t\t\t\t\t<\/a>\n\t\t\t\t\t\t\t\t\t\t\t<figcaption class=\"widget-image-caption wp-caption-text\">Kierrevihko kierr\u00e4tyspaperista <\/figcaption>\n\t\t\t\t\t\t\t\t\t\t<\/figure>\n\t\t\t\t\t<\/div>\n\t\t\t\t<\/div>\n\t\t\t\t<\/div>\n\t\t\t\t\t\t<\/div>\n\t\t\t\t\t<\/div>\n\t\t<\/div>\n\t\t\t\t<div class=\"elementor-column elementor-col-25 elementor-top-column elementor-element elementor-element-60dc46c\" data-id=\"60dc46c\" data-element_type=\"column\">\n\t\t\t<div class=\"elementor-column-wrap elementor-element-populated\">\n\t\t\t\t\t\t\t<div class=\"elementor-widget-wrap\">\n\t\t\t\t\t\t<div class=\"elementor-element elementor-element-94a75dc elementor-widget elementor-widget-image\" data-id=\"94a75dc\" data-element_type=\"widget\" data-widget_type=\"image.default\">\n\t\t\t\t<div class=\"elementor-widget-container\">\n\t\t\t\t\t<div class=\"elementor-image\">\n\t\t\t\t\t\t\t<figure class=\"wp-caption\">\n\t\t\t\t\t\t\t\t\t\t\t<a href=\"index.php\/tuotteet\/muut-tuotteet\/kovakantinen-muistikirja\/\">\n\t\t\t\t\t\t\t<img width=\"1000\" height=\"1000\" src=\"https:\/\/progift.fi\/wp-content\/uploads\/2020\/09\/kovakantinen-muistikirja.jpg\" class=\"elementor-animation-grow attachment-large size-large\" alt=\"\" loading=\"lazy\" srcset=\"https:\/\/progift.fi\/wp-content\/uploads\/2020\/09\/kovakantinen-muistikirja.jpg 1000w, https:\/\/progift.fi\/wp-content\/uploads\/2020\/09\/kovakantinen-muistikirja-300x300.jpg 300w, https:\/\/progift.fi\/wp-content\/uploads\/2020\/09\/kovakantinen-muistikirja-150x150.jpg 150w, https:\/\/progift.fi\/wp-content\/uploads\/2020\/09\/kovakantinen-muistikirja-768x768.jpg 768w\" sizes=\"(max-width: 1000px) 100vw, 1000px\" \/>\t\t\t\t\t\t\t\t<\/a>\n\t\t\t\t\t\t\t\t\t\t\t<figcaption class=\"widget-image-caption wp-caption-text\">Kovakantinen muistikirja<\/figcaption>\n\t\t\t\t\t\t\t\t\t\t<\/figure>\n\t\t\t\t\t<\/div>\n\t\t\t\t<\/div>\n\t\t\t\t<\/div>\n\t\t\t\t\t\t<\/div>\n\t\t\t\t\t<\/div>\n\t\t<\/div>\n\t\t\t\t<div class=\"elementor-column elementor-col-25 elementor-top-column elementor-element elementor-element-e538146\" data-id=\"e538146\" data-element_type=\"column\">\n\t\t\t<div class=\"elementor-column-wrap elementor-element-populated\">\n\t\t\t\t\t\t\t<div class=\"elementor-widget-wrap\">\n\t\t\t\t\t\t<div class=\"elementor-element elementor-element-f47536f elementor-widget elementor-widget-image\" data-id=\"f47536f\" data-element_type=\"widget\" data-widget_type=\"image.default\">\n\t\t\t\t<div class=\"elementor-widget-container\">\n\t\t\t\t\t<div class=\"elementor-image\">\n\t\t\t\t\t\t\t<figure class=\"wp-caption\">\n\t\t\t\t\t\t\t\t\t\t\t<a href=\"index.php\/tuotteet\/muut-tuotteet\/kulkunauhajojo\/\">\n\t\t\t\t\t\t\t<img width=\"1000\" height=\"1000\" src=\"https:\/\/progift.fi\/wp-content\/uploads\/2020\/09\/kulkunauhajojo.jpg\" class=\"elementor-animation-grow attachment-large size-large\" alt=\"\" loading=\"lazy\" srcset=\"https:\/\/progift.fi\/wp-content\/uploads\/2020\/09\/kulkunauhajojo.jpg 1000w, https:\/\/progift.fi\/wp-content\/uploads\/2020\/09\/kulkunauhajojo-300x300.jpg 300w, https:\/\/progift.fi\/wp-content\/uploads\/2020\/09\/kulkunauhajojo-150x150.jpg 150w, https:\/\/progift.fi\/wp-content\/uploads\/2020\/09\/kulkunauhajojo-768x768.jpg 768w\" sizes=\"(max-width: 1000px) 100vw, 1000px\" \/>\t\t\t\t\t\t\t\t<\/a>\n\t\t\t\t\t\t\t\t\t\t\t<figcaption class=\"widget-image-caption wp-caption-text\">Kulkunauhajojo<\/figcaption>\n\t\t\t\t\t\t\t\t\t\t<\/figure>\n\t\t\t\t\t<\/div>\n\t\t\t\t<\/div>\n\t\t\t\t<\/div>\n\t\t\t\t\t\t<\/div>\n\t\t\t\t\t<\/div>\n\t\t<\/div>\n\t\t\t\t\t\t\t\t<\/div>\n\t\t\t\t\t<\/div>\n\t\t<\/section>\n\t\t\t\t<section class=\"elementor-section elementor-top-section elementor-element elementor-element-741101d elementor-section-boxed elementor-section-height-default elementor-section-height-default\" data-id=\"741101d\" data-element_type=\"section\">\n\t\t\t\t\t\t<div class=\"elementor-container elementor-column-gap-default\">\n\t\t\t\t\t\t\t<div class=\"elementor-row\">\n\t\t\t\t\t<div class=\"elementor-column elementor-col-100 elementor-top-column elementor-element elementor-element-d686326\" data-id=\"d686326\" data-element_type=\"column\">\n\t\t\t<div class=\"elementor-column-wrap elementor-element-populated\">\n\t\t\t\t\t\t\t<div class=\"elementor-widget-wrap\">\n\t\t\t\t\t\t<div class=\"elementor-element elementor-element-5d20d5f elementor-widget elementor-widget-spacer\" data-id=\"5d20d5f\" data-element_type=\"widget\" data-widget_type=\"spacer.default\">\n\t\t\t\t<div class=\"elementor-widget-container\">\n\t\t\t\t\t<div class=\"elementor-spacer\">\n\t\t\t<div class=\"elementor-spacer-inner\"><\/div>\n\t\t<\/div>\n\t\t\t\t<\/div>\n\t\t\t\t<\/div>\n\t\t\t\t\t\t<\/div>\n\t\t\t\t\t<\/div>\n\t\t<\/div>\n\t\t\t\t\t\t\t\t<\/div>\n\t\t\t\t\t<\/div>\n\t\t<\/section>\n\t\t\t\t<section class=\"elementor-section elementor-top-section elementor-element elementor-element-ac5708d elementor-section-boxed elementor-section-height-default elementor-section-height-default\" data-id=\"ac5708d\" data-element_type=\"section\">\n\t\t\t\t\t\t<div class=\"elementor-container elementor-column-gap-default\">\n\t\t\t\t\t\t\t<div class=\"elementor-row\">\n\t\t\t\t\t<div class=\"elementor-column elementor-col-25 elementor-top-column elementor-element elementor-element-1270967\" data-id=\"1270967\" data-element_type=\"column\">\n\t\t\t<div class=\"elementor-column-wrap elementor-element-populated\">\n\t\t\t\t\t\t\t<div class=\"elementor-widget-wrap\">\n\t\t\t\t\t\t<div class=\"elementor-element elementor-element-4c957ad elementor-widget elementor-widget-image\" data-id=\"4c957ad\" data-element_type=\"widget\" data-widget_type=\"image.default\">\n\t\t\t\t<div class=\"elementor-widget-container\">\n\t\t\t\t\t<div class=\"elementor-image\">\n\t\t\t\t\t\t\t<figure class=\"wp-caption\">\n\t\t\t\t\t\t\t\t\t\t\t<a href=\"index.php\/tuotteet\/muut-tuotteet\/hygienia-human-avaimenpera\/\">\n\t\t\t\t\t\t\t<img width=\"1000\" height=\"1000\" src=\"https:\/\/progift.fi\/wp-content\/uploads\/2020\/09\/hygieniahumankeychain.jpg\" class=\"elementor-animation-grow attachment-large size-large\" alt=\"\" loading=\"lazy\" srcset=\"https:\/\/progift.fi\/wp-content\/uploads\/2020\/09\/hygieniahumankeychain.jpg 1000w, https:\/\/progift.fi\/wp-content\/uploads\/2020\/09\/hygieniahumankeychain-300x300.jpg 300w, https:\/\/progift.fi\/wp-content\/uploads\/2020\/09\/hygieniahumankeychain-150x150.jpg 150w, https:\/\/progift.fi\/wp-content\/uploads\/2020\/09\/hygieniahumankeychain-768x768.jpg 768w\" sizes=\"(max-width: 1000px) 100vw, 1000px\" \/>\t\t\t\t\t\t\t\t<\/a>\n\t\t\t\t\t\t\t\t\t\t\t<figcaption class=\"widget-image-caption wp-caption-text\">Hygienia Human -avaimenper\u00e4<\/figcaption>\n\t\t\t\t\t\t\t\t\t\t<\/figure>\n\t\t\t\t\t<\/div>\n\t\t\t\t<\/div>\n\t\t\t\t<\/div>\n\t\t\t\t\t\t<\/div>\n\t\t\t\t\t<\/div>\n\t\t<\/div>\n\t\t\t\t<div class=\"elementor-column elementor-col-25 elementor-top-column elementor-element elementor-element-90d0b4c\" data-id=\"90d0b4c\" data-element_type=\"column\">\n\t\t\t<div class=\"elementor-column-wrap elementor-element-populated\">\n\t\t\t\t\t\t\t<div class=\"elementor-widget-wrap\">\n\t\t\t\t\t\t<div class=\"elementor-element elementor-element-b43a4bd elementor-widget elementor-widget-image\" data-id=\"b43a4bd\" data-element_type=\"widget\" data-widget_type=\"image.default\">\n\t\t\t\t<div class=\"elementor-widget-container\">\n\t\t\t\t\t<div class=\"elementor-image\">\n\t\t\t\t\t\t\t<figure class=\"wp-caption\">\n\t\t\t\t\t\t\t\t\t\t\t<a href=\"index.php\/tuotteet\/muut-tuotteet\/panttipoletti-avaimenpera\/\">\n\t\t\t\t\t\t\t<img width=\"1000\" height=\"1000\" src=\"https:\/\/progift.fi\/wp-content\/uploads\/2020\/09\/panttipolettiavaimenpera.jpg\" class=\"elementor-animation-grow attachment-large size-large\" alt=\"\" loading=\"lazy\" srcset=\"https:\/\/progift.fi\/wp-content\/uploads\/2020\/09\/panttipolettiavaimenpera.jpg 1000w, https:\/\/progift.fi\/wp-content\/uploads\/2020\/09\/panttipolettiavaimenpera-300x300.jpg 300w, https:\/\/progift.fi\/wp-content\/uploads\/2020\/09\/panttipolettiavaimenpera-150x150.jpg 150w, https:\/\/progift.fi\/wp-content\/uploads\/2020\/09\/panttipolettiavaimenpera-768x768.jpg 768w\" sizes=\"(max-width: 1000px) 100vw, 1000px\" \/>\t\t\t\t\t\t\t\t<\/a>\n\t\t\t\t\t\t\t\t\t\t\t<figcaption class=\"widget-image-caption wp-caption-text\">Panttipoletti-avaimenper\u00e4<\/figcaption>\n\t\t\t\t\t\t\t\t\t\t<\/figure>\n\t\t\t\t\t<\/div>\n\t\t\t\t<\/div>\n\t\t\t\t<\/div>\n\t\t\t\t\t\t<\/div>\n\t\t\t\t\t<\/div>\n\t\t<\/div>\n\t\t\t\t<div class=\"elementor-column elementor-col-25 elementor-top-column elementor-element elementor-element-e210aec\" data-id=\"e210aec\" data-element_type=\"column\">\n\t\t\t<div class=\"elementor-column-wrap\">\n\t\t\t\t\t\t\t<div class=\"elementor-widget-wrap\">\n\t\t\t\t\t\t\t\t<\/div>\n\t\t\t\t\t<\/div>\n\t\t<\/div>\n\t\t\t\t<div class=\"elementor-column elementor-col-25 elementor-top-column elementor-element elementor-element-206deea\" data-id=\"206deea\" data-element_type=\"column\">\n\t\t\t<div class=\"elementor-column-wrap\">\n\t\t\t\t\t\t\t<div class=\"elementor-widget-wrap\">\n\t\t\t\t\t\t\t\t<\/div>\n\t\t\t\t\t<\/div>\n\t\t<\/div>\n\t\t\t\t\t\t\t\t<\/div>\n\t\t\t\t\t<\/div>\n\t\t<\/section>\n\t\t\t\t<section class=\"elementor-section elementor-top-section elementor-element elementor-element-c8e37f5 elementor-section-boxed elementor-section-height-default elementor-section-height-default\" data-id=\"c8e37f5\" data-element_type=\"section\">\n\t\t\t\t\t\t<div class=\"elementor-container elementor-column-gap-default\">\n\t\t\t\t\t\t\t<div class=\"elementor-row\">\n\t\t\t\t\t<div class=\"elementor-column elementor-col-100 elementor-top-column elementor-element elementor-element-239d8ee\" data-id=\"239d8ee\" data-element_type=\"column\">\n\t\t\t<div class=\"elementor-column-wrap elementor-element-populated\">\n\t\t\t\t\t\t\t<div class=\"elementor-widget-wrap\">\n\t\t\t\t\t\t<div class=\"elementor-element elementor-element-ceedcc4 elementor-widget elementor-widget-spacer\" data-id=\"ceedcc4\" data-element_type=\"widget\" data-widget_type=\"spacer.default\">\n\t\t\t\t<div class=\"elementor-widget-container\">\n\t\t\t\t\t<div class=\"elementor-spacer\">\n\t\t\t<div class=\"elementor-spacer-inner\"><\/div>\n\t\t<\/div>\n\t\t\t\t<\/div>\n\t\t\t\t<\/div>\n\t\t\t\t\t\t<\/div>\n\t\t\t\t\t<\/div>\n\t\t<\/div>\n\t\t\t\t\t\t\t\t<\/div>\n\t\t\t\t\t<\/div>\n\t\t<\/section>\n\t\t\t\t\t\t<\/div>\n\t\t\t\t\t\t<\/div>\n\t\t\t\t\t<\/div>\n\t\t","protected":false},"excerpt":{"rendered":"<p>Muut tuotteet Kosketusn\u00e4ytt\u00f6sormikkaat Kierrevihko kierr\u00e4tyspaperista Kovakantinen muistikirja Kulkunauhajojo Hygienia Human -avaimenper\u00e4 Panttipoletti-avaimenper\u00e4<\/p>\n","protected":false},"author":1,"featured_media":0,"parent":0,"menu_order":0,"comment_status":"closed","ping_status":"closed","template":"","meta":[],"_links":{"self":[{"href":"https:\/\/progift.fi\/index.php\/wp-json\/wp\/v2\/pages\/970"}],"collection":[{"href":"https:\/\/progift.fi\/index.php\/wp-json\/wp\/v2\/pages"}],"about":[{"href":"https:\/\/progift.fi\/index.php\/wp-json\/wp\/v2\/types\/page"}],"author":[{"embeddable":true,"href":"https:\/\/progift.fi\/index.php\/wp-json\/wp\/v2\/users\/1"}],"replies":[{"embeddable":true,"href":"https:\/\/progift.fi\/index.php\/wp-json\/wp\/v2\/comments?post=970"}],"version-history":[{"count":15,"href":"https:\/\/progift.fi\/index.php\/wp-json\/wp\/v2\/pages\/970\/revisions"}],"predecessor-version":[{"id":2138,"href":"https:\/\/progift.fi\/index.php\/wp-json\/wp\/v2\/pages\/970\/revisions\/2138"}],"wp:attachment":[{"href":"https:\/\/progift.fi\/index.php\/wp-json\/wp\/v2\/media?parent=970"}],"curies":[{"name":"wp","href":"https:\/\/api.w.org\/{rel}","templated":true}]}}