{"id":986,"date":"2020-02-22T22:27:12","date_gmt":"2020-02-22T22:27:12","guid":{"rendered":"https:\/\/progift.fi\/?page_id=986"},"modified":"2020-02-22T22:46:08","modified_gmt":"2020-02-22T22:46:08","slug":"ensiapulaukku","status":"publish","type":"page","link":"https:\/\/progift.fi\/index.php\/ensiapulaukku\/","title":{"rendered":"Ensiapulaukku"},"content":{"rendered":"\t\t<div data-elementor-type=\"wp-page\" data-elementor-id=\"986\" class=\"elementor elementor-986\" data-elementor-settings=\"[]\">\n\t\t\t\t\t\t<div class=\"elementor-inner\">\n\t\t\t\t\t\t\t<div class=\"elementor-section-wrap\">\n\t\t\t\t\t\t\t<section class=\"elementor-section elementor-top-section elementor-element elementor-element-a776a5e elementor-section-boxed elementor-section-height-default elementor-section-height-default\" data-id=\"a776a5e\" data-element_type=\"section\">\n\t\t\t\t\t\t<div class=\"elementor-container elementor-column-gap-default\">\n\t\t\t\t\t\t\t<div class=\"elementor-row\">\n\t\t\t\t\t<div class=\"elementor-column elementor-col-100 elementor-top-column elementor-element elementor-element-b2e4aec\" data-id=\"b2e4aec\" data-element_type=\"column\">\n\t\t\t<div class=\"elementor-column-wrap elementor-element-populated\">\n\t\t\t\t\t\t\t<div class=\"elementor-widget-wrap\">\n\t\t\t\t\t\t<div class=\"elementor-element elementor-element-4fba58b elementor-widget elementor-widget-spacer\" data-id=\"4fba58b\" data-element_type=\"widget\" data-widget_type=\"spacer.default\">\n\t\t\t\t<div class=\"elementor-widget-container\">\n\t\t\t\t\t<div class=\"elementor-spacer\">\n\t\t\t<div class=\"elementor-spacer-inner\"><\/div>\n\t\t<\/div>\n\t\t\t\t<\/div>\n\t\t\t\t<\/div>\n\t\t\t\t\t\t<\/div>\n\t\t\t\t\t<\/div>\n\t\t<\/div>\n\t\t\t\t\t\t\t\t<\/div>\n\t\t\t\t\t<\/div>\n\t\t<\/section>\n\t\t\t\t<section class=\"elementor-section elementor-top-section elementor-element elementor-element-23ff093 elementor-section-boxed elementor-section-height-default elementor-section-height-default\" data-id=\"23ff093\" data-element_type=\"section\">\n\t\t\t\t\t\t<div class=\"elementor-container elementor-column-gap-default\">\n\t\t\t\t\t\t\t<div class=\"elementor-row\">\n\t\t\t\t\t<div class=\"elementor-column elementor-col-50 elementor-top-column elementor-element elementor-element-1b086c6\" data-id=\"1b086c6\" data-element_type=\"column\">\n\t\t\t<div class=\"elementor-column-wrap elementor-element-populated\">\n\t\t\t\t\t\t\t<div class=\"elementor-widget-wrap\">\n\t\t\t\t\t\t<div class=\"elementor-element elementor-element-5e1467b elementor-widget elementor-widget-image\" data-id=\"5e1467b\" data-element_type=\"widget\" data-widget_type=\"image.default\">\n\t\t\t\t<div class=\"elementor-widget-container\">\n\t\t\t\t\t<div class=\"elementor-image\">\n\t\t\t\t\t\t\t\t\t\t<img width=\"1000\" height=\"1000\" src=\"https:\/\/progift.fi\/wp-content\/uploads\/2020\/02\/ensiapulaukku_L.jpg\" class=\"attachment-large size-large\" alt=\"\" loading=\"lazy\" srcset=\"https:\/\/progift.fi\/wp-content\/uploads\/2020\/02\/ensiapulaukku_L.jpg 1000w, https:\/\/progift.fi\/wp-content\/uploads\/2020\/02\/ensiapulaukku_L-300x300.jpg 300w, https:\/\/progift.fi\/wp-content\/uploads\/2020\/02\/ensiapulaukku_L-150x150.jpg 150w, https:\/\/progift.fi\/wp-content\/uploads\/2020\/02\/ensiapulaukku_L-768x768.jpg 768w\" sizes=\"(max-width: 1000px) 100vw, 1000px\" \/>\t\t\t\t\t\t\t\t\t\t\t<\/div>\n\t\t\t\t<\/div>\n\t\t\t\t<\/div>\n\t\t\t\t\t\t<\/div>\n\t\t\t\t\t<\/div>\n\t\t<\/div>\n\t\t\t\t<div class=\"elementor-column elementor-col-50 elementor-top-column elementor-element elementor-element-a690a58\" data-id=\"a690a58\" data-element_type=\"column\">\n\t\t\t<div class=\"elementor-column-wrap elementor-element-populated\">\n\t\t\t\t\t\t\t<div class=\"elementor-widget-wrap\">\n\t\t\t\t\t\t<div class=\"elementor-element elementor-element-f295511 elementor-widget elementor-widget-text-editor\" data-id=\"f295511\" data-element_type=\"widget\" data-widget_type=\"text-editor.default\">\n\t\t\t\t<div class=\"elementor-widget-container\">\n\t\t\t\t\t<div class=\"elementor-text-editor elementor-clearfix\"><h3>\u00a0<\/h3><h3>Ensiapulaukku<\/h3><p>EN hyv\u00e4ksytty mini ensiapulaukku vy\u00f6lenkill\u00e4. Sis\u00e4lt\u00e4\u00e4 kolmioliinan, ideaalisiteen, puhdistustyynyt, laastarit, sakset, hakaneulat ja kiinnitysteipin. Koko 13,5 x 8,9 x 4,6 cm. EN 13485.2003-standardin mukainen.<\/p><p>V\u00e4rit: vihre\u00e4, sininen, valkoinen ja punainen<\/p><p>Hinta alkaen 6,50 \u20ac\/kpl<\/p><\/div>\n\t\t\t\t<\/div>\n\t\t\t\t<\/div>\n\t\t\t\t\t\t<\/div>\n\t\t\t\t\t<\/div>\n\t\t<\/div>\n\t\t\t\t\t\t\t\t<\/div>\n\t\t\t\t\t<\/div>\n\t\t<\/section>\n\t\t\t\t\t\t<\/div>\n\t\t\t\t\t\t<\/div>\n\t\t\t\t\t<\/div>\n\t\t","protected":false},"excerpt":{"rendered":"<p>\u00a0 Ensiapulaukku EN hyv\u00e4ksytty mini ensiapulaukku vy\u00f6lenkill\u00e4. Sis\u00e4lt\u00e4\u00e4 kolmioliinan, ideaalisiteen, puhdistustyynyt, laastarit, sakset, hakaneulat ja kiinnitysteipin. Koko 13,5 x 8,9 x 4,6 cm. EN 13485.2003-standardin mukainen. V\u00e4rit: vihre\u00e4, sininen, valkoinen ja punainen Hinta alkaen 6,50 \u20ac\/kpl<\/p>\n","protected":false},"author":1,"featured_media":0,"parent":0,"menu_order":0,"comment_status":"closed","ping_status":"closed","template":"","meta":[],"_links":{"self":[{"href":"https:\/\/progift.fi\/index.php\/wp-json\/wp\/v2\/pages\/986"}],"collection":[{"href":"https:\/\/progift.fi\/index.php\/wp-json\/wp\/v2\/pages"}],"about":[{"href":"https:\/\/progift.fi\/index.php\/wp-json\/wp\/v2\/types\/page"}],"author":[{"embeddable":true,"href":"https:\/\/progift.fi\/index.php\/wp-json\/wp\/v2\/users\/1"}],"replies":[{"embeddable":true,"href":"https:\/\/progift.fi\/index.php\/wp-json\/wp\/v2\/comments?post=986"}],"version-history":[{"count":3,"href":"https:\/\/progift.fi\/index.php\/wp-json\/wp\/v2\/pages\/986\/revisions"}],"predecessor-version":[{"id":1003,"href":"https:\/\/progift.fi\/index.php\/wp-json\/wp\/v2\/pages\/986\/revisions\/1003"}],"wp:attachment":[{"href":"https:\/\/progift.fi\/index.php\/wp-json\/wp\/v2\/media?parent=986"}],"curies":[{"name":"wp","href":"https:\/\/api.w.org\/{rel}","templated":true}]}}