{"id":988,"date":"2020-02-22T22:27:32","date_gmt":"2020-02-22T22:27:32","guid":{"rendered":"https:\/\/progift.fi\/?page_id=988"},"modified":"2020-02-22T22:50:24","modified_gmt":"2020-02-22T22:50:24","slug":"heijastin-liivi","status":"publish","type":"page","link":"https:\/\/progift.fi\/index.php\/heijastin-liivi\/","title":{"rendered":"Heijastin-liivi"},"content":{"rendered":"\t\t<div data-elementor-type=\"wp-page\" data-elementor-id=\"988\" class=\"elementor elementor-988\" data-elementor-settings=\"[]\">\n\t\t\t\t\t\t<div class=\"elementor-inner\">\n\t\t\t\t\t\t\t<div class=\"elementor-section-wrap\">\n\t\t\t\t\t\t\t<section class=\"elementor-section elementor-top-section elementor-element elementor-element-4cae6e5 elementor-section-boxed elementor-section-height-default elementor-section-height-default\" data-id=\"4cae6e5\" data-element_type=\"section\">\n\t\t\t\t\t\t<div class=\"elementor-container elementor-column-gap-default\">\n\t\t\t\t\t\t\t<div class=\"elementor-row\">\n\t\t\t\t\t<div class=\"elementor-column elementor-col-100 elementor-top-column elementor-element elementor-element-e072e80\" data-id=\"e072e80\" data-element_type=\"column\">\n\t\t\t<div class=\"elementor-column-wrap\">\n\t\t\t\t\t\t\t<div class=\"elementor-widget-wrap\">\n\t\t\t\t\t\t\t\t<\/div>\n\t\t\t\t\t<\/div>\n\t\t<\/div>\n\t\t\t\t\t\t\t\t<\/div>\n\t\t\t\t\t<\/div>\n\t\t<\/section>\n\t\t\t\t<section class=\"elementor-section elementor-top-section elementor-element elementor-element-3a899c3 elementor-section-boxed elementor-section-height-default elementor-section-height-default\" data-id=\"3a899c3\" data-element_type=\"section\">\n\t\t\t\t\t\t<div class=\"elementor-container elementor-column-gap-default\">\n\t\t\t\t\t\t\t<div class=\"elementor-row\">\n\t\t\t\t\t<div class=\"elementor-column elementor-col-50 elementor-top-column elementor-element elementor-element-7c999fa\" data-id=\"7c999fa\" data-element_type=\"column\">\n\t\t\t<div class=\"elementor-column-wrap elementor-element-populated\">\n\t\t\t\t\t\t\t<div class=\"elementor-widget-wrap\">\n\t\t\t\t\t\t<div class=\"elementor-element elementor-element-9f11f7f elementor-widget elementor-widget-image\" data-id=\"9f11f7f\" data-element_type=\"widget\" data-widget_type=\"image.default\">\n\t\t\t\t<div class=\"elementor-widget-container\">\n\t\t\t\t\t<div class=\"elementor-image\">\n\t\t\t\t\t\t\t\t\t\t<img width=\"1000\" height=\"1000\" src=\"https:\/\/progift.fi\/wp-content\/uploads\/2020\/02\/heijastinliivit_L.jpg\" class=\"attachment-large size-large\" alt=\"\" loading=\"lazy\" srcset=\"https:\/\/progift.fi\/wp-content\/uploads\/2020\/02\/heijastinliivit_L.jpg 1000w, https:\/\/progift.fi\/wp-content\/uploads\/2020\/02\/heijastinliivit_L-300x300.jpg 300w, https:\/\/progift.fi\/wp-content\/uploads\/2020\/02\/heijastinliivit_L-150x150.jpg 150w, https:\/\/progift.fi\/wp-content\/uploads\/2020\/02\/heijastinliivit_L-768x768.jpg 768w\" sizes=\"(max-width: 1000px) 100vw, 1000px\" \/>\t\t\t\t\t\t\t\t\t\t\t<\/div>\n\t\t\t\t<\/div>\n\t\t\t\t<\/div>\n\t\t\t\t\t\t<\/div>\n\t\t\t\t\t<\/div>\n\t\t<\/div>\n\t\t\t\t<div class=\"elementor-column elementor-col-50 elementor-top-column elementor-element elementor-element-5c8368d\" data-id=\"5c8368d\" data-element_type=\"column\">\n\t\t\t<div class=\"elementor-column-wrap elementor-element-populated\">\n\t\t\t\t\t\t\t<div class=\"elementor-widget-wrap\">\n\t\t\t\t\t\t<div class=\"elementor-element elementor-element-7447c7a elementor-widget elementor-widget-text-editor\" data-id=\"7447c7a\" data-element_type=\"widget\" data-widget_type=\"text-editor.default\">\n\t\t\t\t<div class=\"elementor-widget-container\">\n\t\t\t\t\t<div class=\"elementor-text-editor elementor-clearfix\"><h3>\u00a0<\/h3><h3>Heijastin-liivi<\/h3><p>Heijastinliivi EN ISO 20471, luokka 2. Kaksi heijastinnauhaa ja tarrakiinnitys, helppo pukea p\u00e4\u00e4lle. Yksi koko.<\/p><p>V\u00e4rit: oranssi ja keltainen<\/p><p>Hinta: alkaen 3,50 \u20ac\/kpl<\/p><\/div>\n\t\t\t\t<\/div>\n\t\t\t\t<\/div>\n\t\t\t\t\t\t<\/div>\n\t\t\t\t\t<\/div>\n\t\t<\/div>\n\t\t\t\t\t\t\t\t<\/div>\n\t\t\t\t\t<\/div>\n\t\t<\/section>\n\t\t\t\t\t\t<\/div>\n\t\t\t\t\t\t<\/div>\n\t\t\t\t\t<\/div>\n\t\t","protected":false},"excerpt":{"rendered":"<p>\u00a0 Heijastin-liivi Heijastinliivi EN ISO 20471, luokka 2. Kaksi heijastinnauhaa ja tarrakiinnitys, helppo pukea p\u00e4\u00e4lle. Yksi koko. V\u00e4rit: oranssi ja keltainen Hinta: alkaen 3,50 \u20ac\/kpl<\/p>\n","protected":false},"author":1,"featured_media":0,"parent":0,"menu_order":0,"comment_status":"closed","ping_status":"closed","template":"","meta":[],"_links":{"self":[{"href":"https:\/\/progift.fi\/index.php\/wp-json\/wp\/v2\/pages\/988"}],"collection":[{"href":"https:\/\/progift.fi\/index.php\/wp-json\/wp\/v2\/pages"}],"about":[{"href":"https:\/\/progift.fi\/index.php\/wp-json\/wp\/v2\/types\/page"}],"author":[{"embeddable":true,"href":"https:\/\/progift.fi\/index.php\/wp-json\/wp\/v2\/users\/1"}],"replies":[{"embeddable":true,"href":"https:\/\/progift.fi\/index.php\/wp-json\/wp\/v2\/comments?post=988"}],"version-history":[{"count":2,"href":"https:\/\/progift.fi\/index.php\/wp-json\/wp\/v2\/pages\/988\/revisions"}],"predecessor-version":[{"id":1005,"href":"https:\/\/progift.fi\/index.php\/wp-json\/wp\/v2\/pages\/988\/revisions\/1005"}],"wp:attachment":[{"href":"https:\/\/progift.fi\/index.php\/wp-json\/wp\/v2\/media?parent=988"}],"curies":[{"name":"wp","href":"https:\/\/api.w.org\/{rel}","templated":true}]}}