{"id":990,"date":"2020-02-22T22:28:10","date_gmt":"2020-02-22T22:28:10","guid":{"rendered":"https:\/\/progift.fi\/?page_id=990"},"modified":"2020-02-22T22:51:50","modified_gmt":"2020-02-22T22:51:50","slug":"web-kameransuoja","status":"publish","type":"page","link":"https:\/\/progift.fi\/index.php\/web-kameransuoja\/","title":{"rendered":"WEB-kameransuoja"},"content":{"rendered":"\t\t<div data-elementor-type=\"wp-page\" data-elementor-id=\"990\" class=\"elementor elementor-990\" data-elementor-settings=\"[]\">\n\t\t\t\t\t\t<div class=\"elementor-inner\">\n\t\t\t\t\t\t\t<div class=\"elementor-section-wrap\">\n\t\t\t\t\t\t\t<section class=\"elementor-section elementor-top-section elementor-element elementor-element-5de4c89 elementor-section-boxed elementor-section-height-default elementor-section-height-default\" data-id=\"5de4c89\" data-element_type=\"section\">\n\t\t\t\t\t\t<div class=\"elementor-container elementor-column-gap-default\">\n\t\t\t\t\t\t\t<div class=\"elementor-row\">\n\t\t\t\t\t<div class=\"elementor-column elementor-col-100 elementor-top-column elementor-element elementor-element-693d784\" data-id=\"693d784\" data-element_type=\"column\">\n\t\t\t<div class=\"elementor-column-wrap elementor-element-populated\">\n\t\t\t\t\t\t\t<div class=\"elementor-widget-wrap\">\n\t\t\t\t\t\t<div class=\"elementor-element elementor-element-dbd09bd elementor-widget elementor-widget-spacer\" data-id=\"dbd09bd\" data-element_type=\"widget\" data-widget_type=\"spacer.default\">\n\t\t\t\t<div class=\"elementor-widget-container\">\n\t\t\t\t\t<div class=\"elementor-spacer\">\n\t\t\t<div class=\"elementor-spacer-inner\"><\/div>\n\t\t<\/div>\n\t\t\t\t<\/div>\n\t\t\t\t<\/div>\n\t\t\t\t\t\t<\/div>\n\t\t\t\t\t<\/div>\n\t\t<\/div>\n\t\t\t\t\t\t\t\t<\/div>\n\t\t\t\t\t<\/div>\n\t\t<\/section>\n\t\t\t\t<section class=\"elementor-section elementor-top-section elementor-element elementor-element-2d7dd92 elementor-section-boxed elementor-section-height-default elementor-section-height-default\" data-id=\"2d7dd92\" data-element_type=\"section\">\n\t\t\t\t\t\t<div class=\"elementor-container elementor-column-gap-default\">\n\t\t\t\t\t\t\t<div class=\"elementor-row\">\n\t\t\t\t\t<div class=\"elementor-column elementor-col-50 elementor-top-column elementor-element elementor-element-fcfe7af\" data-id=\"fcfe7af\" data-element_type=\"column\">\n\t\t\t<div class=\"elementor-column-wrap elementor-element-populated\">\n\t\t\t\t\t\t\t<div class=\"elementor-widget-wrap\">\n\t\t\t\t\t\t<div class=\"elementor-element elementor-element-e0389b1 elementor-widget elementor-widget-image\" data-id=\"e0389b1\" data-element_type=\"widget\" data-widget_type=\"image.default\">\n\t\t\t\t<div class=\"elementor-widget-container\">\n\t\t\t\t\t<div class=\"elementor-image\">\n\t\t\t\t\t\t\t\t\t\t<img width=\"1000\" height=\"1000\" src=\"https:\/\/progift.fi\/wp-content\/uploads\/2020\/02\/Webkameransuoja.jpg\" class=\"attachment-large size-large\" alt=\"\" loading=\"lazy\" srcset=\"https:\/\/progift.fi\/wp-content\/uploads\/2020\/02\/Webkameransuoja.jpg 1000w, https:\/\/progift.fi\/wp-content\/uploads\/2020\/02\/Webkameransuoja-300x300.jpg 300w, https:\/\/progift.fi\/wp-content\/uploads\/2020\/02\/Webkameransuoja-150x150.jpg 150w, https:\/\/progift.fi\/wp-content\/uploads\/2020\/02\/Webkameransuoja-768x768.jpg 768w\" sizes=\"(max-width: 1000px) 100vw, 1000px\" \/>\t\t\t\t\t\t\t\t\t\t\t<\/div>\n\t\t\t\t<\/div>\n\t\t\t\t<\/div>\n\t\t\t\t\t\t<\/div>\n\t\t\t\t\t<\/div>\n\t\t<\/div>\n\t\t\t\t<div class=\"elementor-column elementor-col-50 elementor-top-column elementor-element elementor-element-428306c\" data-id=\"428306c\" data-element_type=\"column\">\n\t\t\t<div class=\"elementor-column-wrap elementor-element-populated\">\n\t\t\t\t\t\t\t<div class=\"elementor-widget-wrap\">\n\t\t\t\t\t\t<div class=\"elementor-element elementor-element-d718d63 elementor-widget elementor-widget-text-editor\" data-id=\"d718d63\" data-element_type=\"widget\" data-widget_type=\"text-editor.default\">\n\t\t\t\t<div class=\"elementor-widget-container\">\n\t\t\t\t\t<div class=\"elementor-text-editor elementor-clearfix\"><h3>\u00a0<\/h3><h3>WEB-kameran suoja<\/h3><p>Turvaa yrityksellesi ja asiakkaillesi. Uutuustuote web-kameran suoja omilla painatuksilla. Saat oman painatuksen moniv\u00e4risesti sek\u00e4 taustakorttiin, ett\u00e4 kameransuojaan. Itse tuotetta saa joko mustana tai valkoisena.<\/p><p>Helppo kiinnitt\u00e4\u00e4 tietokoneeseen, poista teippi taustalta ja kiinnit\u00e4 suoja kameran eteen. Liuta luukkua, niin saat kameraasi suojan kun et sit\u00e4 k\u00e4yt\u00e4.<\/p><p>V\u00e4rit: musta ja valkoinen, suoja painettavissa digitalisesti mill\u00e4 v\u00e4rill\u00e4 tai kuosilla tahansa, samoin taustakortti<\/p><p>Hinta alkaen: 2,50 \u20ac\/kpl<\/p><\/div>\n\t\t\t\t<\/div>\n\t\t\t\t<\/div>\n\t\t\t\t\t\t<\/div>\n\t\t\t\t\t<\/div>\n\t\t<\/div>\n\t\t\t\t\t\t\t\t<\/div>\n\t\t\t\t\t<\/div>\n\t\t<\/section>\n\t\t\t\t\t\t<\/div>\n\t\t\t\t\t\t<\/div>\n\t\t\t\t\t<\/div>\n\t\t","protected":false},"excerpt":{"rendered":"<p>\u00a0 WEB-kameran suoja Turvaa yrityksellesi ja asiakkaillesi. Uutuustuote web-kameran suoja omilla painatuksilla. Saat oman painatuksen moniv\u00e4risesti sek\u00e4 taustakorttiin, ett\u00e4 kameransuojaan. Itse tuotetta saa joko mustana tai valkoisena. Helppo kiinnitt\u00e4\u00e4 tietokoneeseen, poista teippi taustalta ja kiinnit\u00e4 suoja kameran eteen. Liuta luukkua, niin saat kameraasi suojan kun et sit\u00e4 k\u00e4yt\u00e4. V\u00e4rit: musta ja valkoinen, suoja painettavissa digitalisesti &hellip;<\/p>\n<p class=\"read-more\"> <a class=\"\" href=\"https:\/\/progift.fi\/index.php\/web-kameransuoja\/\"> <span class=\"screen-reader-text\">WEB-kameransuoja<\/span> Lue lis\u00e4\u00e4 &raquo;<\/a><\/p>\n","protected":false},"author":1,"featured_media":0,"parent":0,"menu_order":0,"comment_status":"closed","ping_status":"closed","template":"","meta":[],"_links":{"self":[{"href":"https:\/\/progift.fi\/index.php\/wp-json\/wp\/v2\/pages\/990"}],"collection":[{"href":"https:\/\/progift.fi\/index.php\/wp-json\/wp\/v2\/pages"}],"about":[{"href":"https:\/\/progift.fi\/index.php\/wp-json\/wp\/v2\/types\/page"}],"author":[{"embeddable":true,"href":"https:\/\/progift.fi\/index.php\/wp-json\/wp\/v2\/users\/1"}],"replies":[{"embeddable":true,"href":"https:\/\/progift.fi\/index.php\/wp-json\/wp\/v2\/comments?post=990"}],"version-history":[{"count":2,"href":"https:\/\/progift.fi\/index.php\/wp-json\/wp\/v2\/pages\/990\/revisions"}],"predecessor-version":[{"id":1006,"href":"https:\/\/progift.fi\/index.php\/wp-json\/wp\/v2\/pages\/990\/revisions\/1006"}],"wp:attachment":[{"href":"https:\/\/progift.fi\/index.php\/wp-json\/wp\/v2\/media?parent=990"}],"curies":[{"name":"wp","href":"https:\/\/api.w.org\/{rel}","templated":true}]}}